{"id":21695,"date":"2025-08-19T19:53:41","date_gmt":"2025-08-19T17:53:41","guid":{"rendered":"https:\/\/propixel.be\/?post_type=product&#038;p=21695"},"modified":"2025-08-26T15:47:16","modified_gmt":"2025-08-26T13:47:16","slug":"lettres-decoupees-personnalisees-pvc-dibond","status":"publish","type":"product","link":"https:\/\/propixel.be\/nl\/product\/lettres-decoupees-personnalisees-pvc-dibond\/","title":{"rendered":"Lettres d\u00e9coup\u00e9es personnalis\u00e9es \u2013 PVC 1 cm d&#8217;\u00e9paisseur"},"content":{"rendered":"<p data-start=\"117\" data-end=\"410\">Choisissez la finition, le montage, la hauteur et la typographie.<\/p>\n<p data-start=\"117\" data-end=\"410\">\u2705 Fabrication belge<br data-start=\"353\" data-end=\"356\" \/>\u2705 R\u00e9sistant int\u00e9rieur\/ext\u00e9rieur<br data-start=\"387\" data-end=\"390\" \/>\u2705 Livraison rapide<\/p>\n<p data-start=\"412\" data-end=\"658\">D\u00e9couvrez l\u2019ultime fa\u00e7on de mettre en valeur votre image avec nos Lettres 3D Personnalis\u00e9es en PVC. Transformez votre logo, votre enseigne ou votre d\u00e9coration int\u00e9rieure en une r\u00e9alisation \u00e9l\u00e9gante et moderne, avec une finition haut de gamme.<\/p>\n<p data-start=\"660\" data-end=\"696\"><strong data-start=\"660\" data-end=\"694\">Caract\u00e9ristiques Principales :<\/strong><\/p>\n<ul data-start=\"698\" data-end=\"1110\">\n<li data-start=\"698\" data-end=\"825\">\n<p data-start=\"700\" data-end=\"825\"><strong data-start=\"700\" data-end=\"731\">Personnalisation sur mesure<\/strong> : Choisissez vos lettres, chiffres ou logo pour un rendu unique et adapt\u00e9 \u00e0 votre identit\u00e9.<\/p>\n<\/li>\n<li data-start=\"826\" data-end=\"904\">\n<p data-start=\"828\" data-end=\"904\"><strong data-start=\"828\" data-end=\"841\">\u00c9paisseur<\/strong> : Disponible en <strong data-start=\"858\" data-end=\"866\">1 cm<\/strong> pour un effet 3D subtil et \u00e9l\u00e9gant.<\/p>\n<\/li>\n<li data-start=\"905\" data-end=\"999\">\n<p data-start=\"907\" data-end=\"999\"><strong data-start=\"907\" data-end=\"928\">Finition \u00e9l\u00e9gante<\/strong> : Aspect moderne et professionnel pour mettre en valeur votre image.<\/p>\n<\/li>\n<li data-start=\"1000\" data-end=\"1110\">\n<p data-start=\"1002\" data-end=\"1110\"><strong data-start=\"1002\" data-end=\"1024\">Fixation adaptable<\/strong> : Avec ou sans vis entretoises, selon le rendu souhait\u00e9 (flottant ou coll\u00e9 au mur).<\/p>\n<\/li>\n<\/ul>\n<p data-start=\"1112\" data-end=\"1137\"><strong data-start=\"1112\" data-end=\"1135\">Comment \u00e7a marche :<\/strong><\/p>\n<ol data-start=\"1139\" data-end=\"1391\">\n<li data-start=\"1139\" data-end=\"1216\">\n<p data-start=\"1142\" data-end=\"1216\">Indiquez vos dimensions et la finition souhait\u00e9e lors de votre commande.<\/p>\n<\/li>\n<li data-start=\"1217\" data-end=\"1315\">\n<p data-start=\"1220\" data-end=\"1315\">Nous fabriquons vos lettres 3D personnalis\u00e9es dans notre atelier avec une pr\u00e9cision optimale.<\/p>\n<\/li>\n<li data-start=\"1316\" data-end=\"1391\">\n<p data-start=\"1319\" data-end=\"1391\">Recevez vos lettres pr\u00eates \u00e0 poser avec le syst\u00e8me de fixation choisi.<\/p>\n<\/li>\n<\/ol>\n<p data-start=\"1393\" data-end=\"1637\">Offrez-vous un \u00e9l\u00e9ment d\u00e9coratif et professionnel unique, id\u00e9al pour votre enseigne, bureau, showroom ou int\u00e9rieur. Les lettres 3D en PVC sont une solution moderne et \u00e9l\u00e9gante pour afficher votre nom, votre logo ou votre message avec style.<\/p>\n<p data-start=\"1639\" data-end=\"1863\">\ud83d\udc49 Commandez d\u00e8s maintenant sur notre site <strong data-start=\"1682\" data-end=\"1701\"><a class=\"decorated-link\" href=\"http:\/\/www.propixel.be\" target=\"_new\" rel=\"noopener\" data-start=\"1684\" data-end=\"1699\">www.propixel.be<\/a><\/strong> et transformez vos murs avec des lettres 3D personnalis\u00e9es en PVC. Chaque cr\u00e9ation est une v\u00e9ritable signature visuelle que vous pouvez afficher avec fiert\u00e9.<\/p>\n","protected":false},"excerpt":{"rendered":"<p>Choisissez la finition, le montage, la hauteur et la typographie. \u2705 Fabrication belge\u2705 R\u00e9sistant int\u00e9rieur\/ext\u00e9rieur\u2705 Livraison rapide D\u00e9couvrez l\u2019ultime fa\u00e7on<\/p>\n","protected":false},"featured_media":21697,"comment_status":"open","ping_status":"closed","template":"","meta":[],"product_brand":[],"product_cat":[349],"product_tag":[],"class_list":{"0":"post-21695","1":"product","2":"type-product","3":"status-publish","4":"has-post-thumbnail","6":"product_cat-lettres-3d","7":"product_shipping_class-livraison-7-a-12-jours","9":"first","10":"instock","11":"taxable","12":"shipping-taxable","13":"purchasable","14":"product-type-simple"},"yoast_head":"<!-- This site is optimized with the Yoast SEO Premium plugin v22.9 (Yoast SEO v27.3) - https:\/\/yoast.com\/product\/yoast-seo-premium-wordpress\/ -->\n<title>-<\/title>\n<meta name=\"robots\" content=\"index, follow, max-snippet:-1, max-image-preview:large, max-video-preview:-1\" \/>\n<link rel=\"canonical\" href=\"https:\/\/propixel.be\/produit\/lettres-decoupees-personnalisees-pvc-dibond\/\" \/>\n<meta property=\"og:locale\" content=\"nl_NL\" \/>\n<meta property=\"og:type\" content=\"article\" \/>\n<meta property=\"og:title\" content=\"Lettres d\u00e9coup\u00e9es personnalis\u00e9es \u2013 PVC 1 cm d&#039;\u00e9paisseur\" \/>\n<meta property=\"og:description\" content=\"Choisissez la finition, le montage, la hauteur et la typographie. \u2705 Fabrication belge\u2705 R\u00e9sistant int\u00e9rieur\/ext\u00e9rieur\u2705 Livraison rapide D\u00e9couvrez l\u2019ultime fa\u00e7on\" \/>\n<meta property=\"og:url\" content=\"https:\/\/propixel.be\/produit\/lettres-decoupees-personnalisees-pvc-dibond\/\" \/>\n<meta property=\"og:site_name\" content=\"Propixel\" \/>\n<meta property=\"article:publisher\" content=\"https:\/\/www.facebook.com\/propixel\" \/>\n<meta property=\"article:modified_time\" content=\"2025-08-26T13:47:16+00:00\" \/>\n<meta property=\"og:image\" content=\"https:\/\/propixel.be\/wp-content\/uploads\/2025\/08\/LETTRE-3D.jpg\" \/>\n\t<meta property=\"og:image:width\" content=\"1000\" \/>\n\t<meta property=\"og:image:height\" content=\"1000\" \/>\n\t<meta property=\"og:image:type\" content=\"image\/jpeg\" \/>\n<meta name=\"twitter:card\" content=\"summary_large_image\" \/>\n<meta name=\"twitter:label1\" content=\"Geschatte leestijd\" \/>\n\t<meta name=\"twitter:data1\" content=\"2 minuten\" \/>\n<script type=\"application\/ld+json\" class=\"yoast-schema-graph\">{\"@context\":\"https:\\\/\\\/schema.org\",\"@graph\":[{\"@type\":\"WebPage\",\"@id\":\"https:\\\/\\\/propixel.be\\\/produit\\\/lettres-decoupees-personnalisees-pvc-dibond\\\/\",\"url\":\"https:\\\/\\\/propixel.be\\\/produit\\\/lettres-decoupees-personnalisees-pvc-dibond\\\/\",\"name\":\"-\",\"isPartOf\":{\"@id\":\"https:\\\/\\\/propixel.be\\\/#website\"},\"primaryImageOfPage\":{\"@id\":\"https:\\\/\\\/propixel.be\\\/produit\\\/lettres-decoupees-personnalisees-pvc-dibond\\\/#primaryimage\"},\"image\":{\"@id\":\"https:\\\/\\\/propixel.be\\\/produit\\\/lettres-decoupees-personnalisees-pvc-dibond\\\/#primaryimage\"},\"thumbnailUrl\":\"https:\\\/\\\/propixel.be\\\/wp-content\\\/uploads\\\/2025\\\/08\\\/LETTRE-3D.jpg\",\"datePublished\":\"2025-08-19T17:53:41+00:00\",\"dateModified\":\"2025-08-26T13:47:16+00:00\",\"breadcrumb\":{\"@id\":\"https:\\\/\\\/propixel.be\\\/produit\\\/lettres-decoupees-personnalisees-pvc-dibond\\\/#breadcrumb\"},\"inLanguage\":\"nl-NL\",\"potentialAction\":[{\"@type\":\"ReadAction\",\"target\":[\"https:\\\/\\\/propixel.be\\\/produit\\\/lettres-decoupees-personnalisees-pvc-dibond\\\/\"]}]},{\"@type\":\"ImageObject\",\"inLanguage\":\"nl-NL\",\"@id\":\"https:\\\/\\\/propixel.be\\\/produit\\\/lettres-decoupees-personnalisees-pvc-dibond\\\/#primaryimage\",\"url\":\"https:\\\/\\\/propixel.be\\\/wp-content\\\/uploads\\\/2025\\\/08\\\/LETTRE-3D.jpg\",\"contentUrl\":\"https:\\\/\\\/propixel.be\\\/wp-content\\\/uploads\\\/2025\\\/08\\\/LETTRE-3D.jpg\",\"width\":1000,\"height\":1000},{\"@type\":\"BreadcrumbList\",\"@id\":\"https:\\\/\\\/propixel.be\\\/produit\\\/lettres-decoupees-personnalisees-pvc-dibond\\\/#breadcrumb\",\"itemListElement\":[{\"@type\":\"ListItem\",\"position\":1,\"name\":\"Welkom\",\"item\":\"https:\\\/\\\/propixel.be\\\/\"},{\"@type\":\"ListItem\",\"position\":2,\"name\":\"Winkelen\",\"item\":\"https:\\\/\\\/propixel.be\\\/nl\\\/kledingwinkel\\\/\"},{\"@type\":\"ListItem\",\"position\":3,\"name\":\"Lettres d\u00e9coup\u00e9es personnalis\u00e9es \u2013 PVC 1 cm d&#8217;\u00e9paisseur\"}]},{\"@type\":\"WebSite\",\"@id\":\"https:\\\/\\\/propixel.be\\\/#website\",\"url\":\"https:\\\/\\\/propixel.be\\\/\",\"name\":\"Propixel\",\"description\":\"D&#039;une id\u00e9e \u00e0 la r\u00e9alit\u00e9, notre m\u00e9tier !\",\"publisher\":{\"@id\":\"https:\\\/\\\/propixel.be\\\/#organization\"},\"potentialAction\":[{\"@type\":\"SearchAction\",\"target\":{\"@type\":\"EntryPoint\",\"urlTemplate\":\"https:\\\/\\\/propixel.be\\\/?s={search_term_string}\"},\"query-input\":{\"@type\":\"PropertyValueSpecification\",\"valueRequired\":true,\"valueName\":\"search_term_string\"}}],\"inLanguage\":\"nl-NL\"},{\"@type\":\"Organization\",\"@id\":\"https:\\\/\\\/propixel.be\\\/#organization\",\"name\":\"Aykan Deveci\",\"alternateName\":\"Aykan Deveci\",\"url\":\"https:\\\/\\\/propixel.be\\\/\",\"logo\":{\"@type\":\"ImageObject\",\"inLanguage\":\"nl-NL\",\"@id\":\"https:\\\/\\\/propixel.be\\\/#\\\/schema\\\/logo\\\/image\\\/\",\"url\":\"https:\\\/\\\/propixel.be\\\/wp-content\\\/uploads\\\/2023\\\/06\\\/styky-logo.png\",\"contentUrl\":\"https:\\\/\\\/propixel.be\\\/wp-content\\\/uploads\\\/2023\\\/06\\\/styky-logo.png\",\"width\":243,\"height\":75,\"caption\":\"Aykan Deveci\"},\"image\":{\"@id\":\"https:\\\/\\\/propixel.be\\\/#\\\/schema\\\/logo\\\/image\\\/\"},\"sameAs\":[\"https:\\\/\\\/www.facebook.com\\\/propixel\",\"https:\\\/\\\/www.tiktok.com\\\/@propixel.design\",\"https:\\\/\\\/www.instagram.com\\\/propixel.design\\\/\"]}]}<\/script>\n<!-- \/ Yoast SEO Premium plugin. -->","yoast_head_json":{"title":"-","robots":{"index":"index","follow":"follow","max-snippet":"max-snippet:-1","max-image-preview":"max-image-preview:large","max-video-preview":"max-video-preview:-1"},"canonical":"https:\/\/propixel.be\/produit\/lettres-decoupees-personnalisees-pvc-dibond\/","og_locale":"nl_NL","og_type":"article","og_title":"Lettres d\u00e9coup\u00e9es personnalis\u00e9es \u2013 PVC 1 cm d'\u00e9paisseur","og_description":"Choisissez la finition, le montage, la hauteur et la typographie. \u2705 Fabrication belge\u2705 R\u00e9sistant int\u00e9rieur\/ext\u00e9rieur\u2705 Livraison rapide D\u00e9couvrez l\u2019ultime fa\u00e7on","og_url":"https:\/\/propixel.be\/produit\/lettres-decoupees-personnalisees-pvc-dibond\/","og_site_name":"Propixel","article_publisher":"https:\/\/www.facebook.com\/propixel","article_modified_time":"2025-08-26T13:47:16+00:00","og_image":[{"width":1000,"height":1000,"url":"https:\/\/propixel.be\/wp-content\/uploads\/2025\/08\/LETTRE-3D.jpg","type":"image\/jpeg"}],"twitter_card":"summary_large_image","twitter_misc":{"Geschatte leestijd":"2 minuten"},"schema":{"@context":"https:\/\/schema.org","@graph":[{"@type":"WebPage","@id":"https:\/\/propixel.be\/produit\/lettres-decoupees-personnalisees-pvc-dibond\/","url":"https:\/\/propixel.be\/produit\/lettres-decoupees-personnalisees-pvc-dibond\/","name":"-","isPartOf":{"@id":"https:\/\/propixel.be\/#website"},"primaryImageOfPage":{"@id":"https:\/\/propixel.be\/produit\/lettres-decoupees-personnalisees-pvc-dibond\/#primaryimage"},"image":{"@id":"https:\/\/propixel.be\/produit\/lettres-decoupees-personnalisees-pvc-dibond\/#primaryimage"},"thumbnailUrl":"https:\/\/propixel.be\/wp-content\/uploads\/2025\/08\/LETTRE-3D.jpg","datePublished":"2025-08-19T17:53:41+00:00","dateModified":"2025-08-26T13:47:16+00:00","breadcrumb":{"@id":"https:\/\/propixel.be\/produit\/lettres-decoupees-personnalisees-pvc-dibond\/#breadcrumb"},"inLanguage":"nl-NL","potentialAction":[{"@type":"ReadAction","target":["https:\/\/propixel.be\/produit\/lettres-decoupees-personnalisees-pvc-dibond\/"]}]},{"@type":"ImageObject","inLanguage":"nl-NL","@id":"https:\/\/propixel.be\/produit\/lettres-decoupees-personnalisees-pvc-dibond\/#primaryimage","url":"https:\/\/propixel.be\/wp-content\/uploads\/2025\/08\/LETTRE-3D.jpg","contentUrl":"https:\/\/propixel.be\/wp-content\/uploads\/2025\/08\/LETTRE-3D.jpg","width":1000,"height":1000},{"@type":"BreadcrumbList","@id":"https:\/\/propixel.be\/produit\/lettres-decoupees-personnalisees-pvc-dibond\/#breadcrumb","itemListElement":[{"@type":"ListItem","position":1,"name":"Welkom","item":"https:\/\/propixel.be\/"},{"@type":"ListItem","position":2,"name":"Winkelen","item":"https:\/\/propixel.be\/nl\/kledingwinkel\/"},{"@type":"ListItem","position":3,"name":"Lettres d\u00e9coup\u00e9es personnalis\u00e9es \u2013 PVC 1 cm d&#8217;\u00e9paisseur"}]},{"@type":"WebSite","@id":"https:\/\/propixel.be\/#website","url":"https:\/\/propixel.be\/","name":"Propixel","description":"D&#039;une id\u00e9e \u00e0 la r\u00e9alit\u00e9, notre m\u00e9tier !","publisher":{"@id":"https:\/\/propixel.be\/#organization"},"potentialAction":[{"@type":"SearchAction","target":{"@type":"EntryPoint","urlTemplate":"https:\/\/propixel.be\/?s={search_term_string}"},"query-input":{"@type":"PropertyValueSpecification","valueRequired":true,"valueName":"search_term_string"}}],"inLanguage":"nl-NL"},{"@type":"Organization","@id":"https:\/\/propixel.be\/#organization","name":"Aykan Deveci","alternateName":"Aykan Deveci","url":"https:\/\/propixel.be\/","logo":{"@type":"ImageObject","inLanguage":"nl-NL","@id":"https:\/\/propixel.be\/#\/schema\/logo\/image\/","url":"https:\/\/propixel.be\/wp-content\/uploads\/2023\/06\/styky-logo.png","contentUrl":"https:\/\/propixel.be\/wp-content\/uploads\/2023\/06\/styky-logo.png","width":243,"height":75,"caption":"Aykan Deveci"},"image":{"@id":"https:\/\/propixel.be\/#\/schema\/logo\/image\/"},"sameAs":["https:\/\/www.facebook.com\/propixel","https:\/\/www.tiktok.com\/@propixel.design","https:\/\/www.instagram.com\/propixel.design\/"]}]}},"_links":{"self":[{"href":"https:\/\/propixel.be\/nl\/wp-json\/wp\/v2\/product\/21695","targetHints":{"allow":["GET"]}}],"collection":[{"href":"https:\/\/propixel.be\/nl\/wp-json\/wp\/v2\/product"}],"about":[{"href":"https:\/\/propixel.be\/nl\/wp-json\/wp\/v2\/types\/product"}],"replies":[{"embeddable":true,"href":"https:\/\/propixel.be\/nl\/wp-json\/wp\/v2\/comments?post=21695"}],"version-history":[{"count":5,"href":"https:\/\/propixel.be\/nl\/wp-json\/wp\/v2\/product\/21695\/revisions"}],"predecessor-version":[{"id":21712,"href":"https:\/\/propixel.be\/nl\/wp-json\/wp\/v2\/product\/21695\/revisions\/21712"}],"wp:featuredmedia":[{"embeddable":true,"href":"https:\/\/propixel.be\/nl\/wp-json\/wp\/v2\/media\/21697"}],"wp:attachment":[{"href":"https:\/\/propixel.be\/nl\/wp-json\/wp\/v2\/media?parent=21695"}],"wp:term":[{"taxonomy":"product_brand","embeddable":true,"href":"https:\/\/propixel.be\/nl\/wp-json\/wp\/v2\/product_brand?post=21695"},{"taxonomy":"product_cat","embeddable":true,"href":"https:\/\/propixel.be\/nl\/wp-json\/wp\/v2\/product_cat?post=21695"},{"taxonomy":"product_tag","embeddable":true,"href":"https:\/\/propixel.be\/nl\/wp-json\/wp\/v2\/product_tag?post=21695"}],"curies":[{"name":"wp","href":"https:\/\/api.w.org\/{rel}","templated":true}]}}