{"id":21580,"date":"2024-03-06T09:53:29","date_gmt":"2024-03-06T08:53:29","guid":{"rendered":"https:\/\/propixel.be\/produit\/aangepast-t-shirt\/"},"modified":"2024-03-06T09:53:29","modified_gmt":"2024-03-06T08:53:29","slug":"aangepast-t-shirt","status":"publish","type":"product","link":"https:\/\/propixel.be\/nl\/product\/aangepast-t-shirt\/","title":{"rendered":"Aangepast T-shirt"},"content":{"rendered":"<h3><strong>Druk jezelf uit met stijl: gepersonaliseerde T-shirts met foto of logo<\/strong><\/h3>\n<p>Ontdek onze collectie gepersonaliseerde foto-T-shirts, een unieke manier om je persoonlijke stijl te uiten. Transformeer je kleding in kunstwerken door herinneringen, speciale momenten of gewoon je favoriete foto&#8217;s toe te voegen aan je T-shirt. <\/p>\n<h3><strong>Onbeperkte aanpassing:<\/strong><\/h3>\n<p>Laat je creativiteit de vrije loop door je T-shirt te personaliseren met foto&#8217;s die voor jou betekenisvol zijn. Of je nu je passie wilt tonen, onvergetelijke momenten wilt vieren of gewoon een uniek ontwerp wilt dragen, onze gepersonaliseerde T-shirts bieden het perfecte canvas voor jouw individuele expressie. <\/p>\n<h3><strong>Comfort en kwaliteit:<\/strong><\/h3>\n<p>Naast uitzonderlijke personalisatie garanderen onze T-shirts optimaal comfort en superieure kwaliteit. Ze zijn gemaakt van zachte en duurzame materialen en ontworpen om comfortabel te dragen, terwijl de levendigheid van de opdruk behouden blijft. <\/p>\n<h3><strong>Uniek en onvergetelijk cadeau:<\/strong><\/h3>\n<p>Geef een cadeau dat een blijvende indruk achterlaat met onze gepersonaliseerde T-shirts met foto. Of het nu voor een verjaardag, een speciale gelegenheid of gewoon om iemand te trakteren is, deze op maat gemaakte T-shirts geven elk gebaar een persoonlijk tintje. <\/p>\n<h3><strong>Draag je herinneringen:<\/strong><\/h3>\n<p>Foto-T-shirts zijn meer dan alleen kleding. Ze worden een verlengstuk van jezelf en vertellen je verhaal met foto&#8217;s die de essentie van je dierbaarste momenten vastleggen. Laat zien wie je bent en draag je herinneringen elke dag met trots.  <\/p>\n<p>Ontdek een nieuwe dimensie van mode met onze gepersonaliseerde T-shirts, waarbij elke creatie een persoonlijk statement wordt.<\/p>\n","protected":false},"excerpt":{"rendered":"<p>Druk jezelf uit met stijl: gepersonaliseerde T-shirts met foto of logo Ontdek onze collectie gepersonaliseerde foto-T-shirts, een unieke manier om<\/p>\n","protected":false},"featured_media":19260,"comment_status":"open","ping_status":"closed","template":"","meta":[],"product_brand":[],"product_cat":[348],"product_tag":[],"class_list":{"0":"post-21580","1":"product","2":"type-product","3":"status-publish","4":"has-post-thumbnail","6":"product_cat-indruk","7":"product_shipping_class-probo-nl","9":"first","10":"outofstock","11":"taxable","12":"shipping-taxable","13":"purchasable","14":"product-type-simple"},"yoast_head":"<!-- This site is optimized with the Yoast SEO Premium plugin v22.9 (Yoast SEO v27.3) - https:\/\/yoast.com\/product\/yoast-seo-premium-wordpress\/ -->\n<title>-<\/title>\n<meta name=\"robots\" content=\"index, follow, max-snippet:-1, max-image-preview:large, max-video-preview:-1\" \/>\n<link rel=\"canonical\" href=\"https:\/\/propixel.be\/nl\/product\/aangepast-t-shirt\/\" \/>\n<meta property=\"og:locale\" content=\"nl_NL\" \/>\n<meta property=\"og:type\" content=\"article\" \/>\n<meta property=\"og:title\" content=\"Aangepast T-shirt\" \/>\n<meta property=\"og:description\" content=\"Druk jezelf uit met stijl: gepersonaliseerde T-shirts met foto of logo Ontdek onze collectie gepersonaliseerde foto-T-shirts, een unieke manier om\" \/>\n<meta property=\"og:url\" content=\"https:\/\/propixel.be\/nl\/product\/aangepast-t-shirt\/\" \/>\n<meta property=\"og:site_name\" content=\"Propixel\" \/>\n<meta property=\"article:publisher\" content=\"https:\/\/www.facebook.com\/propixel\" \/>\n<meta property=\"og:image\" content=\"https:\/\/propixel.be\/wp-content\/uploads\/2024\/03\/002-2.jpg\" \/>\n\t<meta property=\"og:image:width\" content=\"1000\" \/>\n\t<meta property=\"og:image:height\" content=\"1000\" \/>\n\t<meta property=\"og:image:type\" content=\"image\/jpeg\" \/>\n<meta name=\"twitter:card\" content=\"summary_large_image\" \/>\n<meta name=\"twitter:label1\" content=\"Geschatte leestijd\" \/>\n\t<meta name=\"twitter:data1\" content=\"1 minuut\" \/>\n<script type=\"application\/ld+json\" class=\"yoast-schema-graph\">{\"@context\":\"https:\\\/\\\/schema.org\",\"@graph\":[{\"@type\":\"WebPage\",\"@id\":\"https:\\\/\\\/propixel.be\\\/nl\\\/product\\\/aangepast-t-shirt\\\/\",\"url\":\"https:\\\/\\\/propixel.be\\\/nl\\\/product\\\/aangepast-t-shirt\\\/\",\"name\":\"-\",\"isPartOf\":{\"@id\":\"https:\\\/\\\/propixel.be\\\/#website\"},\"primaryImageOfPage\":{\"@id\":\"https:\\\/\\\/propixel.be\\\/nl\\\/product\\\/aangepast-t-shirt\\\/#primaryimage\"},\"image\":{\"@id\":\"https:\\\/\\\/propixel.be\\\/nl\\\/product\\\/aangepast-t-shirt\\\/#primaryimage\"},\"thumbnailUrl\":\"https:\\\/\\\/propixel.be\\\/wp-content\\\/uploads\\\/2024\\\/03\\\/002-2.jpg\",\"datePublished\":\"2024-03-06T08:53:29+00:00\",\"breadcrumb\":{\"@id\":\"https:\\\/\\\/propixel.be\\\/nl\\\/product\\\/aangepast-t-shirt\\\/#breadcrumb\"},\"inLanguage\":\"nl-NL\",\"potentialAction\":[{\"@type\":\"ReadAction\",\"target\":[\"https:\\\/\\\/propixel.be\\\/nl\\\/product\\\/aangepast-t-shirt\\\/\"]}]},{\"@type\":\"ImageObject\",\"inLanguage\":\"nl-NL\",\"@id\":\"https:\\\/\\\/propixel.be\\\/nl\\\/product\\\/aangepast-t-shirt\\\/#primaryimage\",\"url\":\"https:\\\/\\\/propixel.be\\\/wp-content\\\/uploads\\\/2024\\\/03\\\/002-2.jpg\",\"contentUrl\":\"https:\\\/\\\/propixel.be\\\/wp-content\\\/uploads\\\/2024\\\/03\\\/002-2.jpg\",\"width\":1000,\"height\":1000},{\"@type\":\"BreadcrumbList\",\"@id\":\"https:\\\/\\\/propixel.be\\\/nl\\\/product\\\/aangepast-t-shirt\\\/#breadcrumb\",\"itemListElement\":[{\"@type\":\"ListItem\",\"position\":1,\"name\":\"Welkom\",\"item\":\"https:\\\/\\\/propixel.be\\\/\"},{\"@type\":\"ListItem\",\"position\":2,\"name\":\"Winkelen\",\"item\":\"https:\\\/\\\/propixel.be\\\/nl\\\/kledingwinkel\\\/\"},{\"@type\":\"ListItem\",\"position\":3,\"name\":\"Aangepast T-shirt\"}]},{\"@type\":\"WebSite\",\"@id\":\"https:\\\/\\\/propixel.be\\\/#website\",\"url\":\"https:\\\/\\\/propixel.be\\\/\",\"name\":\"Propixel\",\"description\":\"D&#039;une id\u00e9e \u00e0 la r\u00e9alit\u00e9, notre m\u00e9tier !\",\"publisher\":{\"@id\":\"https:\\\/\\\/propixel.be\\\/#organization\"},\"potentialAction\":[{\"@type\":\"SearchAction\",\"target\":{\"@type\":\"EntryPoint\",\"urlTemplate\":\"https:\\\/\\\/propixel.be\\\/?s={search_term_string}\"},\"query-input\":{\"@type\":\"PropertyValueSpecification\",\"valueRequired\":true,\"valueName\":\"search_term_string\"}}],\"inLanguage\":\"nl-NL\"},{\"@type\":\"Organization\",\"@id\":\"https:\\\/\\\/propixel.be\\\/#organization\",\"name\":\"Aykan Deveci\",\"alternateName\":\"Aykan Deveci\",\"url\":\"https:\\\/\\\/propixel.be\\\/\",\"logo\":{\"@type\":\"ImageObject\",\"inLanguage\":\"nl-NL\",\"@id\":\"https:\\\/\\\/propixel.be\\\/#\\\/schema\\\/logo\\\/image\\\/\",\"url\":\"https:\\\/\\\/propixel.be\\\/wp-content\\\/uploads\\\/2023\\\/06\\\/styky-logo.png\",\"contentUrl\":\"https:\\\/\\\/propixel.be\\\/wp-content\\\/uploads\\\/2023\\\/06\\\/styky-logo.png\",\"width\":243,\"height\":75,\"caption\":\"Aykan Deveci\"},\"image\":{\"@id\":\"https:\\\/\\\/propixel.be\\\/#\\\/schema\\\/logo\\\/image\\\/\"},\"sameAs\":[\"https:\\\/\\\/www.facebook.com\\\/propixel\",\"https:\\\/\\\/www.tiktok.com\\\/@propixel.design\",\"https:\\\/\\\/www.instagram.com\\\/propixel.design\\\/\"]}]}<\/script>\n<!-- \/ Yoast SEO Premium plugin. -->","yoast_head_json":{"title":"-","robots":{"index":"index","follow":"follow","max-snippet":"max-snippet:-1","max-image-preview":"max-image-preview:large","max-video-preview":"max-video-preview:-1"},"canonical":"https:\/\/propixel.be\/nl\/product\/aangepast-t-shirt\/","og_locale":"nl_NL","og_type":"article","og_title":"Aangepast T-shirt","og_description":"Druk jezelf uit met stijl: gepersonaliseerde T-shirts met foto of logo Ontdek onze collectie gepersonaliseerde foto-T-shirts, een unieke manier om","og_url":"https:\/\/propixel.be\/nl\/product\/aangepast-t-shirt\/","og_site_name":"Propixel","article_publisher":"https:\/\/www.facebook.com\/propixel","og_image":[{"width":1000,"height":1000,"url":"https:\/\/propixel.be\/wp-content\/uploads\/2024\/03\/002-2.jpg","type":"image\/jpeg"}],"twitter_card":"summary_large_image","twitter_misc":{"Geschatte leestijd":"1 minuut"},"schema":{"@context":"https:\/\/schema.org","@graph":[{"@type":"WebPage","@id":"https:\/\/propixel.be\/nl\/product\/aangepast-t-shirt\/","url":"https:\/\/propixel.be\/nl\/product\/aangepast-t-shirt\/","name":"-","isPartOf":{"@id":"https:\/\/propixel.be\/#website"},"primaryImageOfPage":{"@id":"https:\/\/propixel.be\/nl\/product\/aangepast-t-shirt\/#primaryimage"},"image":{"@id":"https:\/\/propixel.be\/nl\/product\/aangepast-t-shirt\/#primaryimage"},"thumbnailUrl":"https:\/\/propixel.be\/wp-content\/uploads\/2024\/03\/002-2.jpg","datePublished":"2024-03-06T08:53:29+00:00","breadcrumb":{"@id":"https:\/\/propixel.be\/nl\/product\/aangepast-t-shirt\/#breadcrumb"},"inLanguage":"nl-NL","potentialAction":[{"@type":"ReadAction","target":["https:\/\/propixel.be\/nl\/product\/aangepast-t-shirt\/"]}]},{"@type":"ImageObject","inLanguage":"nl-NL","@id":"https:\/\/propixel.be\/nl\/product\/aangepast-t-shirt\/#primaryimage","url":"https:\/\/propixel.be\/wp-content\/uploads\/2024\/03\/002-2.jpg","contentUrl":"https:\/\/propixel.be\/wp-content\/uploads\/2024\/03\/002-2.jpg","width":1000,"height":1000},{"@type":"BreadcrumbList","@id":"https:\/\/propixel.be\/nl\/product\/aangepast-t-shirt\/#breadcrumb","itemListElement":[{"@type":"ListItem","position":1,"name":"Welkom","item":"https:\/\/propixel.be\/"},{"@type":"ListItem","position":2,"name":"Winkelen","item":"https:\/\/propixel.be\/nl\/kledingwinkel\/"},{"@type":"ListItem","position":3,"name":"Aangepast T-shirt"}]},{"@type":"WebSite","@id":"https:\/\/propixel.be\/#website","url":"https:\/\/propixel.be\/","name":"Propixel","description":"D&#039;une id\u00e9e \u00e0 la r\u00e9alit\u00e9, notre m\u00e9tier !","publisher":{"@id":"https:\/\/propixel.be\/#organization"},"potentialAction":[{"@type":"SearchAction","target":{"@type":"EntryPoint","urlTemplate":"https:\/\/propixel.be\/?s={search_term_string}"},"query-input":{"@type":"PropertyValueSpecification","valueRequired":true,"valueName":"search_term_string"}}],"inLanguage":"nl-NL"},{"@type":"Organization","@id":"https:\/\/propixel.be\/#organization","name":"Aykan Deveci","alternateName":"Aykan Deveci","url":"https:\/\/propixel.be\/","logo":{"@type":"ImageObject","inLanguage":"nl-NL","@id":"https:\/\/propixel.be\/#\/schema\/logo\/image\/","url":"https:\/\/propixel.be\/wp-content\/uploads\/2023\/06\/styky-logo.png","contentUrl":"https:\/\/propixel.be\/wp-content\/uploads\/2023\/06\/styky-logo.png","width":243,"height":75,"caption":"Aykan Deveci"},"image":{"@id":"https:\/\/propixel.be\/#\/schema\/logo\/image\/"},"sameAs":["https:\/\/www.facebook.com\/propixel","https:\/\/www.tiktok.com\/@propixel.design","https:\/\/www.instagram.com\/propixel.design\/"]}]}},"_links":{"self":[{"href":"https:\/\/propixel.be\/nl\/wp-json\/wp\/v2\/product\/21580","targetHints":{"allow":["GET"]}}],"collection":[{"href":"https:\/\/propixel.be\/nl\/wp-json\/wp\/v2\/product"}],"about":[{"href":"https:\/\/propixel.be\/nl\/wp-json\/wp\/v2\/types\/product"}],"replies":[{"embeddable":true,"href":"https:\/\/propixel.be\/nl\/wp-json\/wp\/v2\/comments?post=21580"}],"version-history":[{"count":0,"href":"https:\/\/propixel.be\/nl\/wp-json\/wp\/v2\/product\/21580\/revisions"}],"wp:featuredmedia":[{"embeddable":true,"href":"https:\/\/propixel.be\/nl\/wp-json\/wp\/v2\/media\/19260"}],"wp:attachment":[{"href":"https:\/\/propixel.be\/nl\/wp-json\/wp\/v2\/media?parent=21580"}],"wp:term":[{"taxonomy":"product_brand","embeddable":true,"href":"https:\/\/propixel.be\/nl\/wp-json\/wp\/v2\/product_brand?post=21580"},{"taxonomy":"product_cat","embeddable":true,"href":"https:\/\/propixel.be\/nl\/wp-json\/wp\/v2\/product_cat?post=21580"},{"taxonomy":"product_tag","embeddable":true,"href":"https:\/\/propixel.be\/nl\/wp-json\/wp\/v2\/product_tag?post=21580"}],"curies":[{"name":"wp","href":"https:\/\/api.w.org\/{rel}","templated":true}]}}