{"id":21579,"date":"2024-03-20T03:19:31","date_gmt":"2024-03-20T02:19:31","guid":{"rendered":"https:\/\/propixel.be\/produit\/gepersonaliseerde-fotos-gegraveerd-op-hout-10-cm-x-15-cm\/"},"modified":"2024-03-20T03:19:31","modified_gmt":"2024-03-20T02:19:31","slug":"gepersonaliseerde-fotos-gegraveerd-op-hout-10-cm-x-15-cm","status":"publish","type":"product","link":"https:\/\/propixel.be\/nl\/product\/gepersonaliseerde-fotos-gegraveerd-op-hout-10-cm-x-15-cm\/","title":{"rendered":"Gepersonaliseerde foto&#8217;s gegraveerd op hout 10 cm x 15 cm"},"content":{"rendered":"<p>Duik in de wereld van personalisatie met onze gepersonaliseerde houtgravurefoto&#8217;s, een unieke manier om je dierbaarste herinneringen vast te leggen in een natuurlijke en authentieke omgeving. Transformeer je trouw-, familie- of reisfoto&#8217;s tot unieke kunstwerken die je persoonlijkheid weerspiegelen. <\/p>\n<h3><strong>Aangepaste ambachten:<\/strong><\/h3>\n<p>Elke houtsnedefoto wordt op maat gemaakt volgens uw voorkeuren en specificaties. U heeft de vrijheid om de ori\u00ebntatie en details van uw foto te kiezen om een werk te cre\u00ebren dat perfect bij uw visie past. <\/p>\n<h3><strong>Jouw foto, jouw verhaal:<\/strong><\/h3>\n<p>Maak van je herinneringen het middelpunt van je decoratie door je eigen foto te laten graveren op hout. Of het nu een foto van je bruiloft, een familiefotoshoot of een bijzonder landschap is, elke foto vertelt een uniek en intiem verhaal. <\/p>\n<h3><strong>Ambachtelijke kwaliteit:<\/strong><\/h3>\n<p>We steken al onze expertise in het maken van elke houtsnedefoto. Elk detail wordt zorgvuldig uitgewerkt om een uitzonderlijke kwaliteit en getrouwe weergave van uw afbeelding te garanderen, waarbij de schoonheid en authenticiteit behouden blijven. <\/p>\n<h3><strong>Een persoonlijk tintje:<\/strong><\/h3>\n<p>Personaliseer je houtsnedefoto door extra elementen toe te voegen, zoals namen, data of citaten. Cre\u00eber een kunstwerk dat jouw verhaal op een unieke manier vertelt en een gekoesterd erfstuk wordt voor toekomstige generaties. <\/p>\n<h3><strong>Een onvergetelijk cadeau:<\/strong><\/h3>\n<p>Geef een onvergetelijk cadeau met een gepersonaliseerde houtgravure. Perfect voor verjaardagen, bruiloften of andere speciale gelegenheden: dit gepersonaliseerde kunstwerk getuigt van jouw liefde en aandacht voor detail. <\/p>\n<h3><strong>Tijdloze herinneringen:<\/strong><\/h3>\n<p>Elke houtsnedefoto is een fusie van verleden en heden, legt een dierbaar moment vast en bewaart het in een materiaal dat de warmte van thuis en de schoonheid van de natuur oproept. Cre\u00eber herinneringen die een leven lang meegaan met onze houtsnedefoto&#8217;s. <\/p>\n<h3><strong>Afmetingen en materiaal:<\/strong><\/h3>\n<p>&#8211; Portret: Breedte 10 cm x Hoogte 15 cm<\/p>\n<p>&#8211; Landschap: Breedte 15cm x Hoogte 10cm<\/p>\n<p>&#8211; Materialen: 3 mm dik multiplex<\/p>\n<p>&nbsp;<\/p>\n","protected":false},"excerpt":{"rendered":"<p>Duik in de wereld van personalisatie met onze gepersonaliseerde houtgravurefoto&#8217;s, een unieke manier om je dierbaarste herinneringen vast te leggen<\/p>\n","protected":false},"featured_media":19436,"comment_status":"open","ping_status":"closed","template":"","meta":[],"product_brand":[],"product_cat":[348],"product_tag":[],"class_list":{"0":"post-21579","1":"product","2":"type-product","3":"status-publish","4":"has-post-thumbnail","6":"product_cat-indruk","7":"product_shipping_class-probo-nl","9":"first","10":"outofstock","11":"sale","12":"taxable","13":"shipping-taxable","14":"purchasable","15":"product-type-simple"},"yoast_head":"<!-- This site is optimized with the Yoast SEO Premium plugin v22.9 (Yoast SEO v27.3) - https:\/\/yoast.com\/product\/yoast-seo-premium-wordpress\/ -->\n<title>-<\/title>\n<meta name=\"robots\" content=\"index, follow, max-snippet:-1, max-image-preview:large, max-video-preview:-1\" \/>\n<link rel=\"canonical\" href=\"https:\/\/propixel.be\/nl\/product\/gepersonaliseerde-fotos-gegraveerd-op-hout-10-cm-x-15-cm\/\" \/>\n<meta property=\"og:locale\" content=\"nl_NL\" \/>\n<meta property=\"og:type\" content=\"article\" \/>\n<meta property=\"og:title\" content=\"Gepersonaliseerde foto&#039;s gegraveerd op hout 10 cm x 15 cm\" \/>\n<meta property=\"og:description\" content=\"Duik in de wereld van personalisatie met onze gepersonaliseerde houtgravurefoto&#8217;s, een unieke manier om je dierbaarste herinneringen vast te leggen\" \/>\n<meta property=\"og:url\" content=\"https:\/\/propixel.be\/nl\/product\/gepersonaliseerde-fotos-gegraveerd-op-hout-10-cm-x-15-cm\/\" \/>\n<meta property=\"og:site_name\" content=\"Propixel\" \/>\n<meta property=\"article:publisher\" content=\"https:\/\/www.facebook.com\/propixel\" \/>\n<meta property=\"og:image\" content=\"https:\/\/propixel.be\/wp-content\/uploads\/2024\/03\/01-3.jpg\" \/>\n\t<meta property=\"og:image:width\" content=\"1000\" \/>\n\t<meta property=\"og:image:height\" content=\"1000\" \/>\n\t<meta property=\"og:image:type\" content=\"image\/jpeg\" \/>\n<meta name=\"twitter:card\" content=\"summary_large_image\" \/>\n<meta name=\"twitter:label1\" content=\"Geschatte leestijd\" \/>\n\t<meta name=\"twitter:data1\" content=\"1 minuut\" \/>\n<script type=\"application\/ld+json\" class=\"yoast-schema-graph\">{\"@context\":\"https:\\\/\\\/schema.org\",\"@graph\":[{\"@type\":\"WebPage\",\"@id\":\"https:\\\/\\\/propixel.be\\\/nl\\\/product\\\/gepersonaliseerde-fotos-gegraveerd-op-hout-10-cm-x-15-cm\\\/\",\"url\":\"https:\\\/\\\/propixel.be\\\/nl\\\/product\\\/gepersonaliseerde-fotos-gegraveerd-op-hout-10-cm-x-15-cm\\\/\",\"name\":\"-\",\"isPartOf\":{\"@id\":\"https:\\\/\\\/propixel.be\\\/#website\"},\"primaryImageOfPage\":{\"@id\":\"https:\\\/\\\/propixel.be\\\/nl\\\/product\\\/gepersonaliseerde-fotos-gegraveerd-op-hout-10-cm-x-15-cm\\\/#primaryimage\"},\"image\":{\"@id\":\"https:\\\/\\\/propixel.be\\\/nl\\\/product\\\/gepersonaliseerde-fotos-gegraveerd-op-hout-10-cm-x-15-cm\\\/#primaryimage\"},\"thumbnailUrl\":\"https:\\\/\\\/propixel.be\\\/wp-content\\\/uploads\\\/2024\\\/03\\\/01-3.jpg\",\"datePublished\":\"2024-03-20T02:19:31+00:00\",\"breadcrumb\":{\"@id\":\"https:\\\/\\\/propixel.be\\\/nl\\\/product\\\/gepersonaliseerde-fotos-gegraveerd-op-hout-10-cm-x-15-cm\\\/#breadcrumb\"},\"inLanguage\":\"nl-NL\",\"potentialAction\":[{\"@type\":\"ReadAction\",\"target\":[\"https:\\\/\\\/propixel.be\\\/nl\\\/product\\\/gepersonaliseerde-fotos-gegraveerd-op-hout-10-cm-x-15-cm\\\/\"]}]},{\"@type\":\"ImageObject\",\"inLanguage\":\"nl-NL\",\"@id\":\"https:\\\/\\\/propixel.be\\\/nl\\\/product\\\/gepersonaliseerde-fotos-gegraveerd-op-hout-10-cm-x-15-cm\\\/#primaryimage\",\"url\":\"https:\\\/\\\/propixel.be\\\/wp-content\\\/uploads\\\/2024\\\/03\\\/01-3.jpg\",\"contentUrl\":\"https:\\\/\\\/propixel.be\\\/wp-content\\\/uploads\\\/2024\\\/03\\\/01-3.jpg\",\"width\":1000,\"height\":1000},{\"@type\":\"BreadcrumbList\",\"@id\":\"https:\\\/\\\/propixel.be\\\/nl\\\/product\\\/gepersonaliseerde-fotos-gegraveerd-op-hout-10-cm-x-15-cm\\\/#breadcrumb\",\"itemListElement\":[{\"@type\":\"ListItem\",\"position\":1,\"name\":\"Welkom\",\"item\":\"https:\\\/\\\/propixel.be\\\/\"},{\"@type\":\"ListItem\",\"position\":2,\"name\":\"Winkelen\",\"item\":\"https:\\\/\\\/propixel.be\\\/nl\\\/kledingwinkel\\\/\"},{\"@type\":\"ListItem\",\"position\":3,\"name\":\"Gepersonaliseerde foto&#8217;s gegraveerd op hout 10 cm x 15 cm\"}]},{\"@type\":\"WebSite\",\"@id\":\"https:\\\/\\\/propixel.be\\\/#website\",\"url\":\"https:\\\/\\\/propixel.be\\\/\",\"name\":\"Propixel\",\"description\":\"D&#039;une id\u00e9e \u00e0 la r\u00e9alit\u00e9, notre m\u00e9tier !\",\"publisher\":{\"@id\":\"https:\\\/\\\/propixel.be\\\/#organization\"},\"potentialAction\":[{\"@type\":\"SearchAction\",\"target\":{\"@type\":\"EntryPoint\",\"urlTemplate\":\"https:\\\/\\\/propixel.be\\\/?s={search_term_string}\"},\"query-input\":{\"@type\":\"PropertyValueSpecification\",\"valueRequired\":true,\"valueName\":\"search_term_string\"}}],\"inLanguage\":\"nl-NL\"},{\"@type\":\"Organization\",\"@id\":\"https:\\\/\\\/propixel.be\\\/#organization\",\"name\":\"Aykan Deveci\",\"alternateName\":\"Aykan Deveci\",\"url\":\"https:\\\/\\\/propixel.be\\\/\",\"logo\":{\"@type\":\"ImageObject\",\"inLanguage\":\"nl-NL\",\"@id\":\"https:\\\/\\\/propixel.be\\\/#\\\/schema\\\/logo\\\/image\\\/\",\"url\":\"https:\\\/\\\/propixel.be\\\/wp-content\\\/uploads\\\/2023\\\/06\\\/styky-logo.png\",\"contentUrl\":\"https:\\\/\\\/propixel.be\\\/wp-content\\\/uploads\\\/2023\\\/06\\\/styky-logo.png\",\"width\":243,\"height\":75,\"caption\":\"Aykan Deveci\"},\"image\":{\"@id\":\"https:\\\/\\\/propixel.be\\\/#\\\/schema\\\/logo\\\/image\\\/\"},\"sameAs\":[\"https:\\\/\\\/www.facebook.com\\\/propixel\",\"https:\\\/\\\/www.tiktok.com\\\/@propixel.design\",\"https:\\\/\\\/www.instagram.com\\\/propixel.design\\\/\"]}]}<\/script>\n<!-- \/ Yoast SEO Premium plugin. -->","yoast_head_json":{"title":"-","robots":{"index":"index","follow":"follow","max-snippet":"max-snippet:-1","max-image-preview":"max-image-preview:large","max-video-preview":"max-video-preview:-1"},"canonical":"https:\/\/propixel.be\/nl\/product\/gepersonaliseerde-fotos-gegraveerd-op-hout-10-cm-x-15-cm\/","og_locale":"nl_NL","og_type":"article","og_title":"Gepersonaliseerde foto's gegraveerd op hout 10 cm x 15 cm","og_description":"Duik in de wereld van personalisatie met onze gepersonaliseerde houtgravurefoto&#8217;s, een unieke manier om je dierbaarste herinneringen vast te leggen","og_url":"https:\/\/propixel.be\/nl\/product\/gepersonaliseerde-fotos-gegraveerd-op-hout-10-cm-x-15-cm\/","og_site_name":"Propixel","article_publisher":"https:\/\/www.facebook.com\/propixel","og_image":[{"width":1000,"height":1000,"url":"https:\/\/propixel.be\/wp-content\/uploads\/2024\/03\/01-3.jpg","type":"image\/jpeg"}],"twitter_card":"summary_large_image","twitter_misc":{"Geschatte leestijd":"1 minuut"},"schema":{"@context":"https:\/\/schema.org","@graph":[{"@type":"WebPage","@id":"https:\/\/propixel.be\/nl\/product\/gepersonaliseerde-fotos-gegraveerd-op-hout-10-cm-x-15-cm\/","url":"https:\/\/propixel.be\/nl\/product\/gepersonaliseerde-fotos-gegraveerd-op-hout-10-cm-x-15-cm\/","name":"-","isPartOf":{"@id":"https:\/\/propixel.be\/#website"},"primaryImageOfPage":{"@id":"https:\/\/propixel.be\/nl\/product\/gepersonaliseerde-fotos-gegraveerd-op-hout-10-cm-x-15-cm\/#primaryimage"},"image":{"@id":"https:\/\/propixel.be\/nl\/product\/gepersonaliseerde-fotos-gegraveerd-op-hout-10-cm-x-15-cm\/#primaryimage"},"thumbnailUrl":"https:\/\/propixel.be\/wp-content\/uploads\/2024\/03\/01-3.jpg","datePublished":"2024-03-20T02:19:31+00:00","breadcrumb":{"@id":"https:\/\/propixel.be\/nl\/product\/gepersonaliseerde-fotos-gegraveerd-op-hout-10-cm-x-15-cm\/#breadcrumb"},"inLanguage":"nl-NL","potentialAction":[{"@type":"ReadAction","target":["https:\/\/propixel.be\/nl\/product\/gepersonaliseerde-fotos-gegraveerd-op-hout-10-cm-x-15-cm\/"]}]},{"@type":"ImageObject","inLanguage":"nl-NL","@id":"https:\/\/propixel.be\/nl\/product\/gepersonaliseerde-fotos-gegraveerd-op-hout-10-cm-x-15-cm\/#primaryimage","url":"https:\/\/propixel.be\/wp-content\/uploads\/2024\/03\/01-3.jpg","contentUrl":"https:\/\/propixel.be\/wp-content\/uploads\/2024\/03\/01-3.jpg","width":1000,"height":1000},{"@type":"BreadcrumbList","@id":"https:\/\/propixel.be\/nl\/product\/gepersonaliseerde-fotos-gegraveerd-op-hout-10-cm-x-15-cm\/#breadcrumb","itemListElement":[{"@type":"ListItem","position":1,"name":"Welkom","item":"https:\/\/propixel.be\/"},{"@type":"ListItem","position":2,"name":"Winkelen","item":"https:\/\/propixel.be\/nl\/kledingwinkel\/"},{"@type":"ListItem","position":3,"name":"Gepersonaliseerde foto&#8217;s gegraveerd op hout 10 cm x 15 cm"}]},{"@type":"WebSite","@id":"https:\/\/propixel.be\/#website","url":"https:\/\/propixel.be\/","name":"Propixel","description":"D&#039;une id\u00e9e \u00e0 la r\u00e9alit\u00e9, notre m\u00e9tier !","publisher":{"@id":"https:\/\/propixel.be\/#organization"},"potentialAction":[{"@type":"SearchAction","target":{"@type":"EntryPoint","urlTemplate":"https:\/\/propixel.be\/?s={search_term_string}"},"query-input":{"@type":"PropertyValueSpecification","valueRequired":true,"valueName":"search_term_string"}}],"inLanguage":"nl-NL"},{"@type":"Organization","@id":"https:\/\/propixel.be\/#organization","name":"Aykan Deveci","alternateName":"Aykan Deveci","url":"https:\/\/propixel.be\/","logo":{"@type":"ImageObject","inLanguage":"nl-NL","@id":"https:\/\/propixel.be\/#\/schema\/logo\/image\/","url":"https:\/\/propixel.be\/wp-content\/uploads\/2023\/06\/styky-logo.png","contentUrl":"https:\/\/propixel.be\/wp-content\/uploads\/2023\/06\/styky-logo.png","width":243,"height":75,"caption":"Aykan Deveci"},"image":{"@id":"https:\/\/propixel.be\/#\/schema\/logo\/image\/"},"sameAs":["https:\/\/www.facebook.com\/propixel","https:\/\/www.tiktok.com\/@propixel.design","https:\/\/www.instagram.com\/propixel.design\/"]}]}},"_links":{"self":[{"href":"https:\/\/propixel.be\/nl\/wp-json\/wp\/v2\/product\/21579","targetHints":{"allow":["GET"]}}],"collection":[{"href":"https:\/\/propixel.be\/nl\/wp-json\/wp\/v2\/product"}],"about":[{"href":"https:\/\/propixel.be\/nl\/wp-json\/wp\/v2\/types\/product"}],"replies":[{"embeddable":true,"href":"https:\/\/propixel.be\/nl\/wp-json\/wp\/v2\/comments?post=21579"}],"version-history":[{"count":0,"href":"https:\/\/propixel.be\/nl\/wp-json\/wp\/v2\/product\/21579\/revisions"}],"wp:featuredmedia":[{"embeddable":true,"href":"https:\/\/propixel.be\/nl\/wp-json\/wp\/v2\/media\/19436"}],"wp:attachment":[{"href":"https:\/\/propixel.be\/nl\/wp-json\/wp\/v2\/media?parent=21579"}],"wp:term":[{"taxonomy":"product_brand","embeddable":true,"href":"https:\/\/propixel.be\/nl\/wp-json\/wp\/v2\/product_brand?post=21579"},{"taxonomy":"product_cat","embeddable":true,"href":"https:\/\/propixel.be\/nl\/wp-json\/wp\/v2\/product_cat?post=21579"},{"taxonomy":"product_tag","embeddable":true,"href":"https:\/\/propixel.be\/nl\/wp-json\/wp\/v2\/product_tag?post=21579"}],"curies":[{"name":"wp","href":"https:\/\/api.w.org\/{rel}","templated":true}]}}