{"id":21109,"date":"2024-03-11T01:44:46","date_gmt":"2024-03-11T00:44:46","guid":{"rendered":"https:\/\/propixel.be\/produit\/personaliseer-uw-entree-met-onze-acryl-deurnummerplaatjes\/"},"modified":"2025-07-29T11:03:03","modified_gmt":"2025-07-29T09:03:03","slug":"personaliseer-uw-entree-met-onze-acryl-deurnummerplaatjes","status":"publish","type":"product","link":"https:\/\/propixel.be\/nl\/product\/personaliseer-uw-entree-met-onze-acryl-deurnummerplaatjes\/","title":{"rendered":"Personaliseer uw entree met onze acryl deurnummerplaatjes."},"content":{"rendered":"<div class=\"flex-1 overflow-hidden\">\n<div class=\"react-scroll-to-bottom--css-voamh-79elbk h-full\">\n<div class=\"react-scroll-to-bottom--css-voamh-1n7m0yu\">\n<div class=\"flex flex-col text-sm pb-9\">\n<div class=\"w-full text-token-text-primary\" data-testid=\"conversation-turn-19\">\n<div class=\"px-4 py-2 justify-center text-base md:gap-6 m-auto\">\n<div class=\"flex flex-1 text-base mx-auto gap-3 md:px-5 lg:px-1 xl:px-5 md:max-w-3xl lg:max-w-[40rem] xl:max-w-[48rem] group final-completion\">\n<div class=\"relative flex w-full flex-col agent-turn\">\n<div class=\"flex-col gap-1 md:gap-3\">\n<div class=\"flex flex-grow flex-col max-w-full\">\n<div class=\"min-h-[20px] text-message flex flex-col items-start gap-3 whitespace-pre-wrap break-words [.text-message+&amp;]:mt-5 overflow-x-auto\" data-message-author-role=\"assistant\" data-message-id=\"81f9c3e5-257a-4682-9e9e-d4c5df8ff983\">\n<div class=\"markdown prose w-full break-words dark:prose-invert dark\">\n<p>Ontdek ons online assortiment aanpasbare acryl deurnummerplaatjes, een stijlvolle manier om uw entree een persoonlijk tintje te geven. Maak een onvergetelijke eerste indruk door uw deurplaatje stijlvol te personaliseren. <\/p>\n<h3><strong>Uniek ontwerp in uw afbeelding:<\/strong><\/h3>\n<p>Laat vanaf het begin uw stijl zien door uw acryl deurnummer te personaliseren. Voeg uw nummer, initialen of speciale ontwerpen toe om een onderscheidende plaquette te cre\u00ebren die uw smaak en persoonlijkheid weerspiegelt. <\/p>\n<h3><strong>Duurzaam en elegant materiaal:<\/strong><\/h3>\n<p>Onze deurnummerplaten zijn gemaakt van hoogwaardig acryl en combineren duurzaamheid en elegantie. Ze zijn weerbestendig en behouden hun onberispelijke uiterlijk, wat een vleugje verfijning toevoegt aan uw buitenruimte. <\/p>\n<h3><strong>Eenvoudige installatie:<\/strong><\/h3>\n<p>Het plaatsen van uw huisnummerbord is eenvoudig. Met ons eenvoudige montagesysteem personaliseert u uw entree in slechts een paar snelle stappen. Laat uw huis opvallen met een deurnummerbord dat het verschil maakt.  <\/p>\n<h3><strong>Gepersonaliseerd en onvergetelijk cadeau:<\/strong><\/h3>\n<p>Verras uw dierbaren met een gepersonaliseerd acryl deurnummerplaatje. Perfect voor nieuwe huiseigenaren, bruiloften of andere speciale gelegenheden. Dit unieke cadeau voegt een vleugje originaliteit toe aan elk huis. <\/p>\n<h3><strong>Toon uw identiteit bij binnenkomst:<\/strong><\/h3>\n<p>Onze aanpasbare acryl deurnummerborden zijn meer dan zomaar een bordje. Ze weerspiegelen uw identiteit, een detail dat niet onopgemerkt zal blijven. Val op in stijl en verwelkom uw gasten met een deurnummerbord dat uw aanwezigheid elegant aankondigt.  <\/p>\n<h3><strong>Maatregelen :<\/strong><\/h3>\n<p>27 cm breed en 11,5 cm hoog<br \/>\n2 &#8220;schroef&#8221; afstandhouders inbegrepen<\/p>\n<\/div>\n<\/div>\n<\/div>\n<div class=\"pr-2 lg:pr-0\"><\/div>\n<\/div>\n<\/div>\n<\/div>\n<\/div>\n<\/div>\n<\/div>\n<\/div>\n<\/div>\n<\/div>\n<div class=\"w-full pt-2 md:pt-0 dark:border-white\/20 md:border-transparent md:dark:border-transparent md:w-[calc(100%-.5rem)]\">\n<form class=\"stretch mx-2 flex flex-row gap-3 last:mb-2 md:mx-4 md:last:mb-6 lg:mx-auto lg:max-w-2xl xl:max-w-3xl\">\n<div class=\"relative flex h-full flex-1 flex-col\">\n<div class=\"flex w-full items-center\"><\/div>\n<\/div>\n<\/form>\n<\/div>\n","protected":false},"excerpt":{"rendered":"<p>Ontdek ons online assortiment aanpasbare acryl deurnummerplaatjes, een stijlvolle manier om uw entree een persoonlijk tintje te geven. Maak een<\/p>\n","protected":false},"featured_media":19327,"comment_status":"open","ping_status":"closed","template":"","meta":[],"product_brand":[],"product_cat":[344],"product_tag":[],"class_list":{"0":"post-21109","1":"product","2":"type-product","3":"status-publish","4":"has-post-thumbnail","6":"product_cat-decoratie","7":"product_shipping_class-levering-2-tot-3-dagen","9":"first","10":"instock","11":"sale","12":"featured","13":"taxable","14":"shipping-taxable","15":"purchasable","16":"product-type-simple"},"yoast_head":"<!-- This site is optimized with the Yoast SEO Premium plugin v22.9 (Yoast SEO v27.3) - https:\/\/yoast.com\/product\/yoast-seo-premium-wordpress\/ -->\n<title>-<\/title>\n<meta name=\"robots\" content=\"index, follow, max-snippet:-1, max-image-preview:large, max-video-preview:-1\" \/>\n<link rel=\"canonical\" href=\"https:\/\/propixel.be\/nl\/product\/personaliseer-uw-entree-met-onze-acryl-deurnummerplaatjes\/\" \/>\n<meta property=\"og:locale\" content=\"nl_NL\" \/>\n<meta property=\"og:type\" content=\"article\" \/>\n<meta property=\"og:title\" content=\"Personaliseer uw entree met onze acryl deurnummerplaatjes.\" \/>\n<meta property=\"og:description\" content=\"Ontdek ons online assortiment aanpasbare acryl deurnummerplaatjes, een stijlvolle manier om uw entree een persoonlijk tintje te geven. Maak een\" \/>\n<meta property=\"og:url\" content=\"https:\/\/propixel.be\/nl\/product\/personaliseer-uw-entree-met-onze-acryl-deurnummerplaatjes\/\" \/>\n<meta property=\"og:site_name\" content=\"Propixel\" \/>\n<meta property=\"article:publisher\" content=\"https:\/\/www.facebook.com\/propixel\" \/>\n<meta property=\"article:modified_time\" content=\"2025-07-29T09:03:03+00:00\" \/>\n<meta property=\"og:image\" content=\"https:\/\/propixel.be\/wp-content\/uploads\/2024\/03\/00.jpg\" \/>\n\t<meta property=\"og:image:width\" content=\"1000\" \/>\n\t<meta property=\"og:image:height\" content=\"1000\" \/>\n\t<meta property=\"og:image:type\" content=\"image\/jpeg\" \/>\n<meta name=\"twitter:card\" content=\"summary_large_image\" \/>\n<meta name=\"twitter:label1\" content=\"Geschatte leestijd\" \/>\n\t<meta name=\"twitter:data1\" content=\"1 minuut\" \/>\n<script type=\"application\/ld+json\" class=\"yoast-schema-graph\">{\"@context\":\"https:\\\/\\\/schema.org\",\"@graph\":[{\"@type\":\"WebPage\",\"@id\":\"https:\\\/\\\/propixel.be\\\/nl\\\/product\\\/personaliseer-uw-entree-met-onze-acryl-deurnummerplaatjes\\\/\",\"url\":\"https:\\\/\\\/propixel.be\\\/nl\\\/product\\\/personaliseer-uw-entree-met-onze-acryl-deurnummerplaatjes\\\/\",\"name\":\"-\",\"isPartOf\":{\"@id\":\"https:\\\/\\\/propixel.be\\\/#website\"},\"primaryImageOfPage\":{\"@id\":\"https:\\\/\\\/propixel.be\\\/nl\\\/product\\\/personaliseer-uw-entree-met-onze-acryl-deurnummerplaatjes\\\/#primaryimage\"},\"image\":{\"@id\":\"https:\\\/\\\/propixel.be\\\/nl\\\/product\\\/personaliseer-uw-entree-met-onze-acryl-deurnummerplaatjes\\\/#primaryimage\"},\"thumbnailUrl\":\"https:\\\/\\\/propixel.be\\\/wp-content\\\/uploads\\\/2024\\\/03\\\/00.jpg\",\"datePublished\":\"2024-03-11T00:44:46+00:00\",\"dateModified\":\"2025-07-29T09:03:03+00:00\",\"breadcrumb\":{\"@id\":\"https:\\\/\\\/propixel.be\\\/nl\\\/product\\\/personaliseer-uw-entree-met-onze-acryl-deurnummerplaatjes\\\/#breadcrumb\"},\"inLanguage\":\"nl-NL\",\"potentialAction\":[{\"@type\":\"ReadAction\",\"target\":[\"https:\\\/\\\/propixel.be\\\/nl\\\/product\\\/personaliseer-uw-entree-met-onze-acryl-deurnummerplaatjes\\\/\"]}]},{\"@type\":\"ImageObject\",\"inLanguage\":\"nl-NL\",\"@id\":\"https:\\\/\\\/propixel.be\\\/nl\\\/product\\\/personaliseer-uw-entree-met-onze-acryl-deurnummerplaatjes\\\/#primaryimage\",\"url\":\"https:\\\/\\\/propixel.be\\\/wp-content\\\/uploads\\\/2024\\\/03\\\/00.jpg\",\"contentUrl\":\"https:\\\/\\\/propixel.be\\\/wp-content\\\/uploads\\\/2024\\\/03\\\/00.jpg\",\"width\":1000,\"height\":1000},{\"@type\":\"BreadcrumbList\",\"@id\":\"https:\\\/\\\/propixel.be\\\/nl\\\/product\\\/personaliseer-uw-entree-met-onze-acryl-deurnummerplaatjes\\\/#breadcrumb\",\"itemListElement\":[{\"@type\":\"ListItem\",\"position\":1,\"name\":\"Welkom\",\"item\":\"https:\\\/\\\/propixel.be\\\/\"},{\"@type\":\"ListItem\",\"position\":2,\"name\":\"Winkelen\",\"item\":\"https:\\\/\\\/propixel.be\\\/nl\\\/kledingwinkel\\\/\"},{\"@type\":\"ListItem\",\"position\":3,\"name\":\"Personaliseer uw entree met onze acryl deurnummerplaatjes.\"}]},{\"@type\":\"WebSite\",\"@id\":\"https:\\\/\\\/propixel.be\\\/#website\",\"url\":\"https:\\\/\\\/propixel.be\\\/\",\"name\":\"Propixel\",\"description\":\"D&#039;une id\u00e9e \u00e0 la r\u00e9alit\u00e9, notre m\u00e9tier !\",\"publisher\":{\"@id\":\"https:\\\/\\\/propixel.be\\\/#organization\"},\"potentialAction\":[{\"@type\":\"SearchAction\",\"target\":{\"@type\":\"EntryPoint\",\"urlTemplate\":\"https:\\\/\\\/propixel.be\\\/?s={search_term_string}\"},\"query-input\":{\"@type\":\"PropertyValueSpecification\",\"valueRequired\":true,\"valueName\":\"search_term_string\"}}],\"inLanguage\":\"nl-NL\"},{\"@type\":\"Organization\",\"@id\":\"https:\\\/\\\/propixel.be\\\/#organization\",\"name\":\"Aykan Deveci\",\"alternateName\":\"Aykan Deveci\",\"url\":\"https:\\\/\\\/propixel.be\\\/\",\"logo\":{\"@type\":\"ImageObject\",\"inLanguage\":\"nl-NL\",\"@id\":\"https:\\\/\\\/propixel.be\\\/#\\\/schema\\\/logo\\\/image\\\/\",\"url\":\"https:\\\/\\\/propixel.be\\\/wp-content\\\/uploads\\\/2023\\\/06\\\/styky-logo.png\",\"contentUrl\":\"https:\\\/\\\/propixel.be\\\/wp-content\\\/uploads\\\/2023\\\/06\\\/styky-logo.png\",\"width\":243,\"height\":75,\"caption\":\"Aykan Deveci\"},\"image\":{\"@id\":\"https:\\\/\\\/propixel.be\\\/#\\\/schema\\\/logo\\\/image\\\/\"},\"sameAs\":[\"https:\\\/\\\/www.facebook.com\\\/propixel\",\"https:\\\/\\\/www.tiktok.com\\\/@propixel.design\",\"https:\\\/\\\/www.instagram.com\\\/propixel.design\\\/\"]}]}<\/script>\n<!-- \/ Yoast SEO Premium plugin. -->","yoast_head_json":{"title":"-","robots":{"index":"index","follow":"follow","max-snippet":"max-snippet:-1","max-image-preview":"max-image-preview:large","max-video-preview":"max-video-preview:-1"},"canonical":"https:\/\/propixel.be\/nl\/product\/personaliseer-uw-entree-met-onze-acryl-deurnummerplaatjes\/","og_locale":"nl_NL","og_type":"article","og_title":"Personaliseer uw entree met onze acryl deurnummerplaatjes.","og_description":"Ontdek ons online assortiment aanpasbare acryl deurnummerplaatjes, een stijlvolle manier om uw entree een persoonlijk tintje te geven. Maak een","og_url":"https:\/\/propixel.be\/nl\/product\/personaliseer-uw-entree-met-onze-acryl-deurnummerplaatjes\/","og_site_name":"Propixel","article_publisher":"https:\/\/www.facebook.com\/propixel","article_modified_time":"2025-07-29T09:03:03+00:00","og_image":[{"width":1000,"height":1000,"url":"https:\/\/propixel.be\/wp-content\/uploads\/2024\/03\/00.jpg","type":"image\/jpeg"}],"twitter_card":"summary_large_image","twitter_misc":{"Geschatte leestijd":"1 minuut"},"schema":{"@context":"https:\/\/schema.org","@graph":[{"@type":"WebPage","@id":"https:\/\/propixel.be\/nl\/product\/personaliseer-uw-entree-met-onze-acryl-deurnummerplaatjes\/","url":"https:\/\/propixel.be\/nl\/product\/personaliseer-uw-entree-met-onze-acryl-deurnummerplaatjes\/","name":"-","isPartOf":{"@id":"https:\/\/propixel.be\/#website"},"primaryImageOfPage":{"@id":"https:\/\/propixel.be\/nl\/product\/personaliseer-uw-entree-met-onze-acryl-deurnummerplaatjes\/#primaryimage"},"image":{"@id":"https:\/\/propixel.be\/nl\/product\/personaliseer-uw-entree-met-onze-acryl-deurnummerplaatjes\/#primaryimage"},"thumbnailUrl":"https:\/\/propixel.be\/wp-content\/uploads\/2024\/03\/00.jpg","datePublished":"2024-03-11T00:44:46+00:00","dateModified":"2025-07-29T09:03:03+00:00","breadcrumb":{"@id":"https:\/\/propixel.be\/nl\/product\/personaliseer-uw-entree-met-onze-acryl-deurnummerplaatjes\/#breadcrumb"},"inLanguage":"nl-NL","potentialAction":[{"@type":"ReadAction","target":["https:\/\/propixel.be\/nl\/product\/personaliseer-uw-entree-met-onze-acryl-deurnummerplaatjes\/"]}]},{"@type":"ImageObject","inLanguage":"nl-NL","@id":"https:\/\/propixel.be\/nl\/product\/personaliseer-uw-entree-met-onze-acryl-deurnummerplaatjes\/#primaryimage","url":"https:\/\/propixel.be\/wp-content\/uploads\/2024\/03\/00.jpg","contentUrl":"https:\/\/propixel.be\/wp-content\/uploads\/2024\/03\/00.jpg","width":1000,"height":1000},{"@type":"BreadcrumbList","@id":"https:\/\/propixel.be\/nl\/product\/personaliseer-uw-entree-met-onze-acryl-deurnummerplaatjes\/#breadcrumb","itemListElement":[{"@type":"ListItem","position":1,"name":"Welkom","item":"https:\/\/propixel.be\/"},{"@type":"ListItem","position":2,"name":"Winkelen","item":"https:\/\/propixel.be\/nl\/kledingwinkel\/"},{"@type":"ListItem","position":3,"name":"Personaliseer uw entree met onze acryl deurnummerplaatjes."}]},{"@type":"WebSite","@id":"https:\/\/propixel.be\/#website","url":"https:\/\/propixel.be\/","name":"Propixel","description":"D&#039;une id\u00e9e \u00e0 la r\u00e9alit\u00e9, notre m\u00e9tier !","publisher":{"@id":"https:\/\/propixel.be\/#organization"},"potentialAction":[{"@type":"SearchAction","target":{"@type":"EntryPoint","urlTemplate":"https:\/\/propixel.be\/?s={search_term_string}"},"query-input":{"@type":"PropertyValueSpecification","valueRequired":true,"valueName":"search_term_string"}}],"inLanguage":"nl-NL"},{"@type":"Organization","@id":"https:\/\/propixel.be\/#organization","name":"Aykan Deveci","alternateName":"Aykan Deveci","url":"https:\/\/propixel.be\/","logo":{"@type":"ImageObject","inLanguage":"nl-NL","@id":"https:\/\/propixel.be\/#\/schema\/logo\/image\/","url":"https:\/\/propixel.be\/wp-content\/uploads\/2023\/06\/styky-logo.png","contentUrl":"https:\/\/propixel.be\/wp-content\/uploads\/2023\/06\/styky-logo.png","width":243,"height":75,"caption":"Aykan Deveci"},"image":{"@id":"https:\/\/propixel.be\/#\/schema\/logo\/image\/"},"sameAs":["https:\/\/www.facebook.com\/propixel","https:\/\/www.tiktok.com\/@propixel.design","https:\/\/www.instagram.com\/propixel.design\/"]}]}},"_links":{"self":[{"href":"https:\/\/propixel.be\/nl\/wp-json\/wp\/v2\/product\/21109","targetHints":{"allow":["GET"]}}],"collection":[{"href":"https:\/\/propixel.be\/nl\/wp-json\/wp\/v2\/product"}],"about":[{"href":"https:\/\/propixel.be\/nl\/wp-json\/wp\/v2\/types\/product"}],"replies":[{"embeddable":true,"href":"https:\/\/propixel.be\/nl\/wp-json\/wp\/v2\/comments?post=21109"}],"version-history":[{"count":0,"href":"https:\/\/propixel.be\/nl\/wp-json\/wp\/v2\/product\/21109\/revisions"}],"wp:featuredmedia":[{"embeddable":true,"href":"https:\/\/propixel.be\/nl\/wp-json\/wp\/v2\/media\/19327"}],"wp:attachment":[{"href":"https:\/\/propixel.be\/nl\/wp-json\/wp\/v2\/media?parent=21109"}],"wp:term":[{"taxonomy":"product_brand","embeddable":true,"href":"https:\/\/propixel.be\/nl\/wp-json\/wp\/v2\/product_brand?post=21109"},{"taxonomy":"product_cat","embeddable":true,"href":"https:\/\/propixel.be\/nl\/wp-json\/wp\/v2\/product_cat?post=21109"},{"taxonomy":"product_tag","embeddable":true,"href":"https:\/\/propixel.be\/nl\/wp-json\/wp\/v2\/product_tag?post=21109"}],"curies":[{"name":"wp","href":"https:\/\/api.w.org\/{rel}","templated":true}]}}