{"id":21108,"date":"2024-03-03T18:40:07","date_gmt":"2024-03-03T17:40:07","guid":{"rendered":"https:\/\/propixel.be\/produit\/aangepaste-acrylplaat-met-qr-code-uw-google-recensie-in-de-schijnwerpers\/"},"modified":"2025-07-29T11:03:03","modified_gmt":"2025-07-29T09:03:03","slug":"aangepaste-acrylplaat-met-qr-code-uw-google-recensie-in-de-schijnwerpers","status":"publish","type":"product","link":"https:\/\/propixel.be\/nl\/product\/aangepaste-acrylplaat-met-qr-code-uw-google-recensie-in-de-schijnwerpers\/","title":{"rendered":"Aangepaste acrylplaat met QR-code &#8211; Uw Google-recensie in de schijnwerpers"},"content":{"rendered":"<h2><strong>Ontdek de ultieme manier om je Google-recensies te vieren met onze gepersonaliseerde acrylplaat. Transformeer je recensies in een uniek kunstwerk met een unieke QR-code die rechtstreeks naar je Google-recensiepagina leidt.<br \/>\n<\/strong><\/h2>\n<p><em>Belangrijkste kenmerken:<\/em><\/p>\n<ul>\n<li>Eenvoudige aanpassing: stuur ons de link naar uw Google-beoordelingspagina en wij maken een exclusieve QR-code voor u.<\/li>\n<li>Aanpasbaar logo: Voeg een persoonlijk tintje toe door uw eigen logo op het plaatje te laten graveren.<\/li>\n<li>Uitzonderlijke kwaliteit: Elke plaquette wordt in onze werkplaats nauwkeurig gegraveerd en gemaakt van hoogwaardig acryl.<\/li>\n<li>Productafmetingen: 10 cm x 10 cm of 5 cm x 5 cm<\/li>\n<\/ul>\n<p><em>Hoe het werkt:<\/em><\/p>\n<ol>\n<li>Stuur ons de link naar uw Google-recensie wanneer u bestelt.<\/li>\n<li>Ontvang uw gepersonaliseerde acrylplaat met een unieke QR-code die gekoppeld is aan uw beoordelingspagina.<\/li>\n<li>Voeg een persoonlijk tintje toe met uw eigen logo.<\/li>\n<\/ol>\n<p>Trakteer uzelf op een uniek stuk dat de waardering van uw klanten laat zien. Of het nu gaat om uw bedrijf, uw service of uw talent, deze gepersonaliseerde plaquette van acryl is een stijlvolle manier om uw positieve recensies te tonen. <\/p>\n<p><strong>Bestel nu op onze website www.propixel.be en transformeer uw opmerkingen in een gepersonaliseerd meesterwerk. Elke plaquette is een blijk van waardering die u met trots kunt tentoonstellen. <\/strong><\/p>\n","protected":false},"excerpt":{"rendered":"<p>Ontdek de ultieme manier om je Google-recensies te vieren met onze gepersonaliseerde acrylplaat. Transformeer je recensies in een uniek kunstwerk<\/p>\n","protected":false},"featured_media":19107,"comment_status":"open","ping_status":"closed","template":"","meta":[],"product_brand":[],"product_cat":[344],"product_tag":[],"class_list":{"0":"post-21108","1":"product","2":"type-product","3":"status-publish","4":"has-post-thumbnail","6":"product_cat-decoratie","7":"product_shipping_class-levering-2-tot-3-dagen","9":"first","10":"instock","11":"sale","12":"featured","13":"taxable","14":"shipping-taxable","15":"purchasable","16":"product-type-simple"},"yoast_head":"<!-- This site is optimized with the Yoast SEO Premium plugin v22.9 (Yoast SEO v27.3) - https:\/\/yoast.com\/product\/yoast-seo-premium-wordpress\/ -->\n<title>-<\/title>\n<meta name=\"robots\" content=\"index, follow, max-snippet:-1, max-image-preview:large, max-video-preview:-1\" \/>\n<link rel=\"canonical\" href=\"https:\/\/propixel.be\/nl\/product\/aangepaste-acrylplaat-met-qr-code-uw-google-recensie-in-de-schijnwerpers\/\" \/>\n<meta property=\"og:locale\" content=\"nl_NL\" \/>\n<meta property=\"og:type\" content=\"article\" \/>\n<meta property=\"og:title\" content=\"Aangepaste acrylplaat met QR-code - Uw Google-recensie in de schijnwerpers\" \/>\n<meta property=\"og:description\" content=\"Ontdek de ultieme manier om je Google-recensies te vieren met onze gepersonaliseerde acrylplaat. Transformeer je recensies in een uniek kunstwerk\" \/>\n<meta property=\"og:url\" content=\"https:\/\/propixel.be\/nl\/product\/aangepaste-acrylplaat-met-qr-code-uw-google-recensie-in-de-schijnwerpers\/\" \/>\n<meta property=\"og:site_name\" content=\"Propixel\" \/>\n<meta property=\"article:publisher\" content=\"https:\/\/www.facebook.com\/propixel\" \/>\n<meta property=\"article:modified_time\" content=\"2025-07-29T09:03:03+00:00\" \/>\n<meta property=\"og:image\" content=\"https:\/\/propixel.be\/wp-content\/uploads\/2024\/03\/001.jpg\" \/>\n\t<meta property=\"og:image:width\" content=\"1000\" \/>\n\t<meta property=\"og:image:height\" content=\"1000\" \/>\n\t<meta property=\"og:image:type\" content=\"image\/jpeg\" \/>\n<meta name=\"twitter:card\" content=\"summary_large_image\" \/>\n<meta name=\"twitter:label1\" content=\"Geschatte leestijd\" \/>\n\t<meta name=\"twitter:data1\" content=\"1 minuut\" \/>\n<script type=\"application\/ld+json\" class=\"yoast-schema-graph\">{\"@context\":\"https:\\\/\\\/schema.org\",\"@graph\":[{\"@type\":\"WebPage\",\"@id\":\"https:\\\/\\\/propixel.be\\\/nl\\\/product\\\/aangepaste-acrylplaat-met-qr-code-uw-google-recensie-in-de-schijnwerpers\\\/\",\"url\":\"https:\\\/\\\/propixel.be\\\/nl\\\/product\\\/aangepaste-acrylplaat-met-qr-code-uw-google-recensie-in-de-schijnwerpers\\\/\",\"name\":\"-\",\"isPartOf\":{\"@id\":\"https:\\\/\\\/propixel.be\\\/#website\"},\"primaryImageOfPage\":{\"@id\":\"https:\\\/\\\/propixel.be\\\/nl\\\/product\\\/aangepaste-acrylplaat-met-qr-code-uw-google-recensie-in-de-schijnwerpers\\\/#primaryimage\"},\"image\":{\"@id\":\"https:\\\/\\\/propixel.be\\\/nl\\\/product\\\/aangepaste-acrylplaat-met-qr-code-uw-google-recensie-in-de-schijnwerpers\\\/#primaryimage\"},\"thumbnailUrl\":\"https:\\\/\\\/propixel.be\\\/wp-content\\\/uploads\\\/2024\\\/03\\\/001.jpg\",\"datePublished\":\"2024-03-03T17:40:07+00:00\",\"dateModified\":\"2025-07-29T09:03:03+00:00\",\"breadcrumb\":{\"@id\":\"https:\\\/\\\/propixel.be\\\/nl\\\/product\\\/aangepaste-acrylplaat-met-qr-code-uw-google-recensie-in-de-schijnwerpers\\\/#breadcrumb\"},\"inLanguage\":\"nl-NL\",\"potentialAction\":[{\"@type\":\"ReadAction\",\"target\":[\"https:\\\/\\\/propixel.be\\\/nl\\\/product\\\/aangepaste-acrylplaat-met-qr-code-uw-google-recensie-in-de-schijnwerpers\\\/\"]}]},{\"@type\":\"ImageObject\",\"inLanguage\":\"nl-NL\",\"@id\":\"https:\\\/\\\/propixel.be\\\/nl\\\/product\\\/aangepaste-acrylplaat-met-qr-code-uw-google-recensie-in-de-schijnwerpers\\\/#primaryimage\",\"url\":\"https:\\\/\\\/propixel.be\\\/wp-content\\\/uploads\\\/2024\\\/03\\\/001.jpg\",\"contentUrl\":\"https:\\\/\\\/propixel.be\\\/wp-content\\\/uploads\\\/2024\\\/03\\\/001.jpg\",\"width\":1000,\"height\":1000},{\"@type\":\"BreadcrumbList\",\"@id\":\"https:\\\/\\\/propixel.be\\\/nl\\\/product\\\/aangepaste-acrylplaat-met-qr-code-uw-google-recensie-in-de-schijnwerpers\\\/#breadcrumb\",\"itemListElement\":[{\"@type\":\"ListItem\",\"position\":1,\"name\":\"Welkom\",\"item\":\"https:\\\/\\\/propixel.be\\\/\"},{\"@type\":\"ListItem\",\"position\":2,\"name\":\"Winkelen\",\"item\":\"https:\\\/\\\/propixel.be\\\/nl\\\/kledingwinkel\\\/\"},{\"@type\":\"ListItem\",\"position\":3,\"name\":\"Aangepaste acrylplaat met QR-code &#8211; Uw Google-recensie in de schijnwerpers\"}]},{\"@type\":\"WebSite\",\"@id\":\"https:\\\/\\\/propixel.be\\\/#website\",\"url\":\"https:\\\/\\\/propixel.be\\\/\",\"name\":\"Propixel\",\"description\":\"D&#039;une id\u00e9e \u00e0 la r\u00e9alit\u00e9, notre m\u00e9tier !\",\"publisher\":{\"@id\":\"https:\\\/\\\/propixel.be\\\/#organization\"},\"potentialAction\":[{\"@type\":\"SearchAction\",\"target\":{\"@type\":\"EntryPoint\",\"urlTemplate\":\"https:\\\/\\\/propixel.be\\\/?s={search_term_string}\"},\"query-input\":{\"@type\":\"PropertyValueSpecification\",\"valueRequired\":true,\"valueName\":\"search_term_string\"}}],\"inLanguage\":\"nl-NL\"},{\"@type\":\"Organization\",\"@id\":\"https:\\\/\\\/propixel.be\\\/#organization\",\"name\":\"Aykan Deveci\",\"alternateName\":\"Aykan Deveci\",\"url\":\"https:\\\/\\\/propixel.be\\\/\",\"logo\":{\"@type\":\"ImageObject\",\"inLanguage\":\"nl-NL\",\"@id\":\"https:\\\/\\\/propixel.be\\\/#\\\/schema\\\/logo\\\/image\\\/\",\"url\":\"https:\\\/\\\/propixel.be\\\/wp-content\\\/uploads\\\/2023\\\/06\\\/styky-logo.png\",\"contentUrl\":\"https:\\\/\\\/propixel.be\\\/wp-content\\\/uploads\\\/2023\\\/06\\\/styky-logo.png\",\"width\":243,\"height\":75,\"caption\":\"Aykan Deveci\"},\"image\":{\"@id\":\"https:\\\/\\\/propixel.be\\\/#\\\/schema\\\/logo\\\/image\\\/\"},\"sameAs\":[\"https:\\\/\\\/www.facebook.com\\\/propixel\",\"https:\\\/\\\/www.tiktok.com\\\/@propixel.design\",\"https:\\\/\\\/www.instagram.com\\\/propixel.design\\\/\"]}]}<\/script>\n<!-- \/ Yoast SEO Premium plugin. -->","yoast_head_json":{"title":"-","robots":{"index":"index","follow":"follow","max-snippet":"max-snippet:-1","max-image-preview":"max-image-preview:large","max-video-preview":"max-video-preview:-1"},"canonical":"https:\/\/propixel.be\/nl\/product\/aangepaste-acrylplaat-met-qr-code-uw-google-recensie-in-de-schijnwerpers\/","og_locale":"nl_NL","og_type":"article","og_title":"Aangepaste acrylplaat met QR-code - Uw Google-recensie in de schijnwerpers","og_description":"Ontdek de ultieme manier om je Google-recensies te vieren met onze gepersonaliseerde acrylplaat. Transformeer je recensies in een uniek kunstwerk","og_url":"https:\/\/propixel.be\/nl\/product\/aangepaste-acrylplaat-met-qr-code-uw-google-recensie-in-de-schijnwerpers\/","og_site_name":"Propixel","article_publisher":"https:\/\/www.facebook.com\/propixel","article_modified_time":"2025-07-29T09:03:03+00:00","og_image":[{"width":1000,"height":1000,"url":"https:\/\/propixel.be\/wp-content\/uploads\/2024\/03\/001.jpg","type":"image\/jpeg"}],"twitter_card":"summary_large_image","twitter_misc":{"Geschatte leestijd":"1 minuut"},"schema":{"@context":"https:\/\/schema.org","@graph":[{"@type":"WebPage","@id":"https:\/\/propixel.be\/nl\/product\/aangepaste-acrylplaat-met-qr-code-uw-google-recensie-in-de-schijnwerpers\/","url":"https:\/\/propixel.be\/nl\/product\/aangepaste-acrylplaat-met-qr-code-uw-google-recensie-in-de-schijnwerpers\/","name":"-","isPartOf":{"@id":"https:\/\/propixel.be\/#website"},"primaryImageOfPage":{"@id":"https:\/\/propixel.be\/nl\/product\/aangepaste-acrylplaat-met-qr-code-uw-google-recensie-in-de-schijnwerpers\/#primaryimage"},"image":{"@id":"https:\/\/propixel.be\/nl\/product\/aangepaste-acrylplaat-met-qr-code-uw-google-recensie-in-de-schijnwerpers\/#primaryimage"},"thumbnailUrl":"https:\/\/propixel.be\/wp-content\/uploads\/2024\/03\/001.jpg","datePublished":"2024-03-03T17:40:07+00:00","dateModified":"2025-07-29T09:03:03+00:00","breadcrumb":{"@id":"https:\/\/propixel.be\/nl\/product\/aangepaste-acrylplaat-met-qr-code-uw-google-recensie-in-de-schijnwerpers\/#breadcrumb"},"inLanguage":"nl-NL","potentialAction":[{"@type":"ReadAction","target":["https:\/\/propixel.be\/nl\/product\/aangepaste-acrylplaat-met-qr-code-uw-google-recensie-in-de-schijnwerpers\/"]}]},{"@type":"ImageObject","inLanguage":"nl-NL","@id":"https:\/\/propixel.be\/nl\/product\/aangepaste-acrylplaat-met-qr-code-uw-google-recensie-in-de-schijnwerpers\/#primaryimage","url":"https:\/\/propixel.be\/wp-content\/uploads\/2024\/03\/001.jpg","contentUrl":"https:\/\/propixel.be\/wp-content\/uploads\/2024\/03\/001.jpg","width":1000,"height":1000},{"@type":"BreadcrumbList","@id":"https:\/\/propixel.be\/nl\/product\/aangepaste-acrylplaat-met-qr-code-uw-google-recensie-in-de-schijnwerpers\/#breadcrumb","itemListElement":[{"@type":"ListItem","position":1,"name":"Welkom","item":"https:\/\/propixel.be\/"},{"@type":"ListItem","position":2,"name":"Winkelen","item":"https:\/\/propixel.be\/nl\/kledingwinkel\/"},{"@type":"ListItem","position":3,"name":"Aangepaste acrylplaat met QR-code &#8211; Uw Google-recensie in de schijnwerpers"}]},{"@type":"WebSite","@id":"https:\/\/propixel.be\/#website","url":"https:\/\/propixel.be\/","name":"Propixel","description":"D&#039;une id\u00e9e \u00e0 la r\u00e9alit\u00e9, notre m\u00e9tier !","publisher":{"@id":"https:\/\/propixel.be\/#organization"},"potentialAction":[{"@type":"SearchAction","target":{"@type":"EntryPoint","urlTemplate":"https:\/\/propixel.be\/?s={search_term_string}"},"query-input":{"@type":"PropertyValueSpecification","valueRequired":true,"valueName":"search_term_string"}}],"inLanguage":"nl-NL"},{"@type":"Organization","@id":"https:\/\/propixel.be\/#organization","name":"Aykan Deveci","alternateName":"Aykan Deveci","url":"https:\/\/propixel.be\/","logo":{"@type":"ImageObject","inLanguage":"nl-NL","@id":"https:\/\/propixel.be\/#\/schema\/logo\/image\/","url":"https:\/\/propixel.be\/wp-content\/uploads\/2023\/06\/styky-logo.png","contentUrl":"https:\/\/propixel.be\/wp-content\/uploads\/2023\/06\/styky-logo.png","width":243,"height":75,"caption":"Aykan Deveci"},"image":{"@id":"https:\/\/propixel.be\/#\/schema\/logo\/image\/"},"sameAs":["https:\/\/www.facebook.com\/propixel","https:\/\/www.tiktok.com\/@propixel.design","https:\/\/www.instagram.com\/propixel.design\/"]}]}},"_links":{"self":[{"href":"https:\/\/propixel.be\/nl\/wp-json\/wp\/v2\/product\/21108","targetHints":{"allow":["GET"]}}],"collection":[{"href":"https:\/\/propixel.be\/nl\/wp-json\/wp\/v2\/product"}],"about":[{"href":"https:\/\/propixel.be\/nl\/wp-json\/wp\/v2\/types\/product"}],"replies":[{"embeddable":true,"href":"https:\/\/propixel.be\/nl\/wp-json\/wp\/v2\/comments?post=21108"}],"version-history":[{"count":0,"href":"https:\/\/propixel.be\/nl\/wp-json\/wp\/v2\/product\/21108\/revisions"}],"wp:featuredmedia":[{"embeddable":true,"href":"https:\/\/propixel.be\/nl\/wp-json\/wp\/v2\/media\/19107"}],"wp:attachment":[{"href":"https:\/\/propixel.be\/nl\/wp-json\/wp\/v2\/media?parent=21108"}],"wp:term":[{"taxonomy":"product_brand","embeddable":true,"href":"https:\/\/propixel.be\/nl\/wp-json\/wp\/v2\/product_brand?post=21108"},{"taxonomy":"product_cat","embeddable":true,"href":"https:\/\/propixel.be\/nl\/wp-json\/wp\/v2\/product_cat?post=21108"},{"taxonomy":"product_tag","embeddable":true,"href":"https:\/\/propixel.be\/nl\/wp-json\/wp\/v2\/product_tag?post=21108"}],"curies":[{"name":"wp","href":"https:\/\/api.w.org\/{rel}","templated":true}]}}