{"id":21104,"date":"2024-03-03T21:06:31","date_gmt":"2024-03-03T20:06:31","guid":{"rendered":"https:\/\/propixel.be\/produit\/op-maat-gegraveerde-metalen-nfc-kaart\/"},"modified":"2024-03-03T21:06:31","modified_gmt":"2024-03-03T20:06:31","slug":"op-maat-gegraveerde-metalen-nfc-kaart","status":"publish","type":"product","link":"https:\/\/propixel.be\/nl\/product\/op-maat-gegraveerde-metalen-nfc-kaart\/","title":{"rendered":"Op maat gegraveerde metalen NFC-kaart"},"content":{"rendered":"<h2>Ontdek een nieuwe dimensie van personalisatie met onze gegraveerde NFC-kaart. Deze elegante kaart is ontworpen om een unieke ervaring te bieden en stelt je in staat om je eigen NFC-link te personaliseren, waarmee je toegang krijgt tot een wereld aan mogelijkheden. <\/h2>\n<p><em>Belangrijkste kenmerken:<\/em><\/p>\n<ul>\n<li>Geavanceerde personalisatie: graveer uw eigen gepersonaliseerde NFC-link op de kaart.<\/li>\n<li>Exclusief ontwerp: kies uit strakke ontwerpen en voeg een persoonlijk tintje toe met een aangepast logo.<\/li>\n<li>Oneindig veel toepassingen: maak verbinding met uw website, sociale media of deel informatie met \u00e9\u00e9n simpele tik.<\/li>\n<\/ul>\n<p><em>Hoe het werkt:<\/em><\/p>\n<ol>\n<li>Personaliseer uw NFC-link bij het bestellen.<\/li>\n<li>Kies een ontwerp uit onze opties of upload uw eigen logo.<\/li>\n<li>Ontvang een gegraveerde NFC-kaart, waarmee u uw gepersonaliseerde content met de wereld kunt delen.<\/li>\n<\/ol>\n<p>Of u nu een professional bent die zijn portfolio wil delen, een kunstenaar die zijn nieuwste werk wil delen of gewoon iemand die op stijlvolle wijze contact wil leggen: onze gegraveerde NFC-kaart is de perfecte oplossing.<\/p>\n<p>Bestel nu en ontdek hoe een eenvoudige kaart de deur opent naar gepersonaliseerde connectiviteit. Elke kaart is een statement van je identiteit, met precisie gegraveerd in onze werkplaats voor onge\u00ebvenaarde kwaliteit. Maak verbinding in stijl met de gepersonaliseerde NFC-kaart.  <\/p>\n","protected":false},"excerpt":{"rendered":"<p>Ontdek een nieuwe dimensie van personalisatie met onze gegraveerde NFC-kaart. Deze elegante kaart is ontworpen om een unieke ervaring te<\/p>\n","protected":false},"featured_media":19132,"comment_status":"open","ping_status":"closed","template":"","meta":[],"product_brand":[],"product_cat":[342],"product_tag":[],"class_list":{"0":"post-21104","1":"product","2":"type-product","3":"status-publish","4":"has-post-thumbnail","6":"product_cat-visitekaartje","7":"product_shipping_class-probo-nl","9":"first","10":"instock","11":"sale","12":"taxable","13":"shipping-taxable","14":"purchasable","15":"product-type-simple"},"yoast_head":"<!-- This site is optimized with the Yoast SEO Premium plugin v22.9 (Yoast SEO v27.3) - https:\/\/yoast.com\/product\/yoast-seo-premium-wordpress\/ -->\n<title>-<\/title>\n<meta name=\"robots\" content=\"index, follow, max-snippet:-1, max-image-preview:large, max-video-preview:-1\" \/>\n<link rel=\"canonical\" href=\"https:\/\/propixel.be\/nl\/product\/op-maat-gegraveerde-metalen-nfc-kaart\/\" \/>\n<meta property=\"og:locale\" content=\"nl_NL\" \/>\n<meta property=\"og:type\" content=\"article\" \/>\n<meta property=\"og:title\" content=\"Op maat gegraveerde metalen NFC-kaart\" \/>\n<meta property=\"og:description\" content=\"Ontdek een nieuwe dimensie van personalisatie met onze gegraveerde NFC-kaart. Deze elegante kaart is ontworpen om een unieke ervaring te\" \/>\n<meta property=\"og:url\" content=\"https:\/\/propixel.be\/nl\/product\/op-maat-gegraveerde-metalen-nfc-kaart\/\" \/>\n<meta property=\"og:site_name\" content=\"Propixel\" \/>\n<meta property=\"article:publisher\" content=\"https:\/\/www.facebook.com\/propixel\" \/>\n<meta property=\"og:image\" content=\"https:\/\/propixel.be\/wp-content\/uploads\/2024\/03\/002-1.jpg\" \/>\n\t<meta property=\"og:image:width\" content=\"1000\" \/>\n\t<meta property=\"og:image:height\" content=\"1000\" \/>\n\t<meta property=\"og:image:type\" content=\"image\/jpeg\" \/>\n<meta name=\"twitter:card\" content=\"summary_large_image\" \/>\n<meta name=\"twitter:label1\" content=\"Geschatte leestijd\" \/>\n\t<meta name=\"twitter:data1\" content=\"1 minuut\" \/>\n<script type=\"application\/ld+json\" class=\"yoast-schema-graph\">{\"@context\":\"https:\\\/\\\/schema.org\",\"@graph\":[{\"@type\":\"WebPage\",\"@id\":\"https:\\\/\\\/propixel.be\\\/nl\\\/product\\\/op-maat-gegraveerde-metalen-nfc-kaart\\\/\",\"url\":\"https:\\\/\\\/propixel.be\\\/nl\\\/product\\\/op-maat-gegraveerde-metalen-nfc-kaart\\\/\",\"name\":\"-\",\"isPartOf\":{\"@id\":\"https:\\\/\\\/propixel.be\\\/#website\"},\"primaryImageOfPage\":{\"@id\":\"https:\\\/\\\/propixel.be\\\/nl\\\/product\\\/op-maat-gegraveerde-metalen-nfc-kaart\\\/#primaryimage\"},\"image\":{\"@id\":\"https:\\\/\\\/propixel.be\\\/nl\\\/product\\\/op-maat-gegraveerde-metalen-nfc-kaart\\\/#primaryimage\"},\"thumbnailUrl\":\"https:\\\/\\\/propixel.be\\\/wp-content\\\/uploads\\\/2024\\\/03\\\/002-1.jpg\",\"datePublished\":\"2024-03-03T20:06:31+00:00\",\"breadcrumb\":{\"@id\":\"https:\\\/\\\/propixel.be\\\/nl\\\/product\\\/op-maat-gegraveerde-metalen-nfc-kaart\\\/#breadcrumb\"},\"inLanguage\":\"nl-NL\",\"potentialAction\":[{\"@type\":\"ReadAction\",\"target\":[\"https:\\\/\\\/propixel.be\\\/nl\\\/product\\\/op-maat-gegraveerde-metalen-nfc-kaart\\\/\"]}]},{\"@type\":\"ImageObject\",\"inLanguage\":\"nl-NL\",\"@id\":\"https:\\\/\\\/propixel.be\\\/nl\\\/product\\\/op-maat-gegraveerde-metalen-nfc-kaart\\\/#primaryimage\",\"url\":\"https:\\\/\\\/propixel.be\\\/wp-content\\\/uploads\\\/2024\\\/03\\\/002-1.jpg\",\"contentUrl\":\"https:\\\/\\\/propixel.be\\\/wp-content\\\/uploads\\\/2024\\\/03\\\/002-1.jpg\",\"width\":1000,\"height\":1000},{\"@type\":\"BreadcrumbList\",\"@id\":\"https:\\\/\\\/propixel.be\\\/nl\\\/product\\\/op-maat-gegraveerde-metalen-nfc-kaart\\\/#breadcrumb\",\"itemListElement\":[{\"@type\":\"ListItem\",\"position\":1,\"name\":\"Welkom\",\"item\":\"https:\\\/\\\/propixel.be\\\/\"},{\"@type\":\"ListItem\",\"position\":2,\"name\":\"Winkelen\",\"item\":\"https:\\\/\\\/propixel.be\\\/nl\\\/kledingwinkel\\\/\"},{\"@type\":\"ListItem\",\"position\":3,\"name\":\"Op maat gegraveerde metalen NFC-kaart\"}]},{\"@type\":\"WebSite\",\"@id\":\"https:\\\/\\\/propixel.be\\\/#website\",\"url\":\"https:\\\/\\\/propixel.be\\\/\",\"name\":\"Propixel\",\"description\":\"D&#039;une id\u00e9e \u00e0 la r\u00e9alit\u00e9, notre m\u00e9tier !\",\"publisher\":{\"@id\":\"https:\\\/\\\/propixel.be\\\/#organization\"},\"potentialAction\":[{\"@type\":\"SearchAction\",\"target\":{\"@type\":\"EntryPoint\",\"urlTemplate\":\"https:\\\/\\\/propixel.be\\\/?s={search_term_string}\"},\"query-input\":{\"@type\":\"PropertyValueSpecification\",\"valueRequired\":true,\"valueName\":\"search_term_string\"}}],\"inLanguage\":\"nl-NL\"},{\"@type\":\"Organization\",\"@id\":\"https:\\\/\\\/propixel.be\\\/#organization\",\"name\":\"Aykan Deveci\",\"alternateName\":\"Aykan Deveci\",\"url\":\"https:\\\/\\\/propixel.be\\\/\",\"logo\":{\"@type\":\"ImageObject\",\"inLanguage\":\"nl-NL\",\"@id\":\"https:\\\/\\\/propixel.be\\\/#\\\/schema\\\/logo\\\/image\\\/\",\"url\":\"https:\\\/\\\/propixel.be\\\/wp-content\\\/uploads\\\/2023\\\/06\\\/styky-logo.png\",\"contentUrl\":\"https:\\\/\\\/propixel.be\\\/wp-content\\\/uploads\\\/2023\\\/06\\\/styky-logo.png\",\"width\":243,\"height\":75,\"caption\":\"Aykan Deveci\"},\"image\":{\"@id\":\"https:\\\/\\\/propixel.be\\\/#\\\/schema\\\/logo\\\/image\\\/\"},\"sameAs\":[\"https:\\\/\\\/www.facebook.com\\\/propixel\",\"https:\\\/\\\/www.tiktok.com\\\/@propixel.design\",\"https:\\\/\\\/www.instagram.com\\\/propixel.design\\\/\"]}]}<\/script>\n<!-- \/ Yoast SEO Premium plugin. -->","yoast_head_json":{"title":"-","robots":{"index":"index","follow":"follow","max-snippet":"max-snippet:-1","max-image-preview":"max-image-preview:large","max-video-preview":"max-video-preview:-1"},"canonical":"https:\/\/propixel.be\/nl\/product\/op-maat-gegraveerde-metalen-nfc-kaart\/","og_locale":"nl_NL","og_type":"article","og_title":"Op maat gegraveerde metalen NFC-kaart","og_description":"Ontdek een nieuwe dimensie van personalisatie met onze gegraveerde NFC-kaart. Deze elegante kaart is ontworpen om een unieke ervaring te","og_url":"https:\/\/propixel.be\/nl\/product\/op-maat-gegraveerde-metalen-nfc-kaart\/","og_site_name":"Propixel","article_publisher":"https:\/\/www.facebook.com\/propixel","og_image":[{"width":1000,"height":1000,"url":"https:\/\/propixel.be\/wp-content\/uploads\/2024\/03\/002-1.jpg","type":"image\/jpeg"}],"twitter_card":"summary_large_image","twitter_misc":{"Geschatte leestijd":"1 minuut"},"schema":{"@context":"https:\/\/schema.org","@graph":[{"@type":"WebPage","@id":"https:\/\/propixel.be\/nl\/product\/op-maat-gegraveerde-metalen-nfc-kaart\/","url":"https:\/\/propixel.be\/nl\/product\/op-maat-gegraveerde-metalen-nfc-kaart\/","name":"-","isPartOf":{"@id":"https:\/\/propixel.be\/#website"},"primaryImageOfPage":{"@id":"https:\/\/propixel.be\/nl\/product\/op-maat-gegraveerde-metalen-nfc-kaart\/#primaryimage"},"image":{"@id":"https:\/\/propixel.be\/nl\/product\/op-maat-gegraveerde-metalen-nfc-kaart\/#primaryimage"},"thumbnailUrl":"https:\/\/propixel.be\/wp-content\/uploads\/2024\/03\/002-1.jpg","datePublished":"2024-03-03T20:06:31+00:00","breadcrumb":{"@id":"https:\/\/propixel.be\/nl\/product\/op-maat-gegraveerde-metalen-nfc-kaart\/#breadcrumb"},"inLanguage":"nl-NL","potentialAction":[{"@type":"ReadAction","target":["https:\/\/propixel.be\/nl\/product\/op-maat-gegraveerde-metalen-nfc-kaart\/"]}]},{"@type":"ImageObject","inLanguage":"nl-NL","@id":"https:\/\/propixel.be\/nl\/product\/op-maat-gegraveerde-metalen-nfc-kaart\/#primaryimage","url":"https:\/\/propixel.be\/wp-content\/uploads\/2024\/03\/002-1.jpg","contentUrl":"https:\/\/propixel.be\/wp-content\/uploads\/2024\/03\/002-1.jpg","width":1000,"height":1000},{"@type":"BreadcrumbList","@id":"https:\/\/propixel.be\/nl\/product\/op-maat-gegraveerde-metalen-nfc-kaart\/#breadcrumb","itemListElement":[{"@type":"ListItem","position":1,"name":"Welkom","item":"https:\/\/propixel.be\/"},{"@type":"ListItem","position":2,"name":"Winkelen","item":"https:\/\/propixel.be\/nl\/kledingwinkel\/"},{"@type":"ListItem","position":3,"name":"Op maat gegraveerde metalen NFC-kaart"}]},{"@type":"WebSite","@id":"https:\/\/propixel.be\/#website","url":"https:\/\/propixel.be\/","name":"Propixel","description":"D&#039;une id\u00e9e \u00e0 la r\u00e9alit\u00e9, notre m\u00e9tier !","publisher":{"@id":"https:\/\/propixel.be\/#organization"},"potentialAction":[{"@type":"SearchAction","target":{"@type":"EntryPoint","urlTemplate":"https:\/\/propixel.be\/?s={search_term_string}"},"query-input":{"@type":"PropertyValueSpecification","valueRequired":true,"valueName":"search_term_string"}}],"inLanguage":"nl-NL"},{"@type":"Organization","@id":"https:\/\/propixel.be\/#organization","name":"Aykan Deveci","alternateName":"Aykan Deveci","url":"https:\/\/propixel.be\/","logo":{"@type":"ImageObject","inLanguage":"nl-NL","@id":"https:\/\/propixel.be\/#\/schema\/logo\/image\/","url":"https:\/\/propixel.be\/wp-content\/uploads\/2023\/06\/styky-logo.png","contentUrl":"https:\/\/propixel.be\/wp-content\/uploads\/2023\/06\/styky-logo.png","width":243,"height":75,"caption":"Aykan Deveci"},"image":{"@id":"https:\/\/propixel.be\/#\/schema\/logo\/image\/"},"sameAs":["https:\/\/www.facebook.com\/propixel","https:\/\/www.tiktok.com\/@propixel.design","https:\/\/www.instagram.com\/propixel.design\/"]}]}},"_links":{"self":[{"href":"https:\/\/propixel.be\/nl\/wp-json\/wp\/v2\/product\/21104","targetHints":{"allow":["GET"]}}],"collection":[{"href":"https:\/\/propixel.be\/nl\/wp-json\/wp\/v2\/product"}],"about":[{"href":"https:\/\/propixel.be\/nl\/wp-json\/wp\/v2\/types\/product"}],"replies":[{"embeddable":true,"href":"https:\/\/propixel.be\/nl\/wp-json\/wp\/v2\/comments?post=21104"}],"version-history":[{"count":0,"href":"https:\/\/propixel.be\/nl\/wp-json\/wp\/v2\/product\/21104\/revisions"}],"wp:featuredmedia":[{"embeddable":true,"href":"https:\/\/propixel.be\/nl\/wp-json\/wp\/v2\/media\/19132"}],"wp:attachment":[{"href":"https:\/\/propixel.be\/nl\/wp-json\/wp\/v2\/media?parent=21104"}],"wp:term":[{"taxonomy":"product_brand","embeddable":true,"href":"https:\/\/propixel.be\/nl\/wp-json\/wp\/v2\/product_brand?post=21104"},{"taxonomy":"product_cat","embeddable":true,"href":"https:\/\/propixel.be\/nl\/wp-json\/wp\/v2\/product_cat?post=21104"},{"taxonomy":"product_tag","embeddable":true,"href":"https:\/\/propixel.be\/nl\/wp-json\/wp\/v2\/product_tag?post=21104"}],"curies":[{"name":"wp","href":"https:\/\/api.w.org\/{rel}","templated":true}]}}