{"id":16540,"date":"2021-09-17T01:05:09","date_gmt":"2021-09-16T23:05:09","guid":{"rendered":"https:\/\/propixel.be\/boutique\/50-bornes-pour-boite-de-derivation-en-5-conducteurs\/"},"modified":"2025-07-31T13:26:43","modified_gmt":"2025-07-31T11:26:43","slug":"50-derivatie-doos-terminals-in-5-geleiders","status":"publish","type":"product","link":"https:\/\/propixel.be\/nl\/product\/50-derivatie-doos-terminals-in-5-geleiders\/","title":{"rendered":"50 klemmen voor 5-draads aansluitdozen"},"content":{"rendered":"<div class=\"flex-1 overflow-hidden\">\n<div class=\"react-scroll-to-bottom--css-ribnw-79elbk h-full\">\n<div class=\"react-scroll-to-bottom--css-ribnw-1n7m0yu\">\n<div class=\"flex flex-col pb-9 text-sm\">\n<div class=\"w-full text-token-text-primary\" data-testid=\"conversation-turn-7\">\n<div class=\"px-4 py-2 justify-center text-base md:gap-6 m-auto\">\n<div class=\"flex flex-1 text-base mx-auto gap-3 md:px-5 lg:px-1 xl:px-5 md:max-w-3xl lg:max-w-[40rem] xl:max-w-[48rem] group final-completion\">\n<div class=\"relative flex w-full flex-col lg:w-[calc(100%-115px)] agent-turn\">\n<div class=\"flex-col gap-1 md:gap-3\">\n<div class=\"flex flex-grow flex-col max-w-full\">\n<div class=\"min-h-[20px] text-message flex flex-col items-start gap-3 whitespace-pre-wrap break-words [.text-message+&amp;]:mt-5 overflow-x-auto\" data-message-author-role=\"assistant\" data-message-id=\"ae2cab28-fa50-4365-ac3b-6614dbc88917\">\n<div class=\"markdown prose w-full break-words dark:prose-invert light\">\n<h2>1. Uitzonderlijke veelzijdigheid van klemmen voor aansluitdozen<\/h2>\n<p><strong>Aansluitklemmen<\/strong> onderscheiden zich door hun uitzonderlijke aanpasbaarheid en zijn speciaal ontworpen voor maximaal 5 geleiders. Ze zijn ideaal voor diverse elektrische configuraties en passen zich perfect aan alle eisen aan, zowel in residenti\u00eble, commerci\u00eble als industri\u00eble installaties. <\/p>\n<h2>2. Robuuste constructie van de terminals<\/h2>\n<p>Elke <a href=\"https:\/\/www.mon-habitat-electrique.fr\/produit\/borne-pour-boite-de-derivation-8x25mm-gris-boite-de-50-22730208-wago\/\">terminal<\/a> is zorgvuldig vervaardigd met hoogwaardige materialen, wat zorgt voor uitzonderlijke duurzaamheid. De robuuste constructie van deze terminals garandeert betrouwbare prestaties, zelfs onder zware omstandigheden, en biedt een duurzame verbindingsoplossing. <\/p>\n<h2>3. Gebruiksgemak van de terminals<\/h2>\n<p>Deze aansluitdozen zijn eenvoudig en intu\u00eftief te gebruiken, waardoor de installatie eenvoudiger wordt voor zowel professionele elektriciens als hobbyisten. Uitgerust met schroefklemmen garanderen deze klemmen een veilige verbinding zonder dat er speciaal gereedschap nodig is. <\/p>\n<p><strong>Voordelen<\/strong><\/p>\n<h3>1. Bespaar tijd met klemmen voor aansluitdozen<\/h3>\n<p>Met 50 klemmen per set bieden deze producten aanzienlijke tijdsbesparingen tijdens elektrische installaties. Deze <strong>klemmen<\/strong> bieden een complete oplossing in \u00e9\u00e9n aankoop, waardoor u niet meer hoeft te zoeken naar extra aansluitingen. <\/p>\n<h3>2. Naleving van veiligheidsnormen met aansluitdozen<\/h3>\n<p><strong>Aansluitklemmen voor aansluitdozen<\/strong> voldoen strikt aan de strengste elektrische veiligheidsnormen en garanderen een veilig gebruik. Deze klemmen zijn gecertificeerd volgens de wettelijke eisen en garanderen een veilige en betrouwbare elektrische installatie. <\/p>\n<p>De 50-delige set met 5-aderige klemmen is de ideale keuze voor wie op zoek is naar veelzijdige, robuuste en conforme elektrische verbindingsoplossingen. Vereenvoudig uw elektrische installaties met deze hoogwaardige klemmen. <\/p>\n<\/div>\n<\/div>\n<\/div>\n<\/div>\n<\/div>\n<\/div>\n<\/div>\n<\/div>\n<\/div>\n<\/div>\n<\/div>\n<\/div>\n<h3><strong>PRODUCTINFORMATIE<\/strong><\/h3>\n<p><strong>MAX<\/strong>: <span class=\"d2edcug0 hpfvmrgz qv66sw1b c1et5uql lr9zc1uh a8c37x1j keod5gw0 nxhoafnm aigsh9s9 d3f4x2em fe6kdd0r mau55g9w c8b282yb iv3no6db jq4qci2q a3bd9o3v b1v8xokw oo9gr5id\" dir=\"auto\">4 mm\u00b2<\/span><br \/>\n<strong>AANTAL BESTUURDERS<\/strong>: 5<br \/>\n<strong>TYPEN<\/strong>: met hendels<br \/>\n<strong>MAX. OMGEVINGSTEMPERATUUR<\/strong>: <span class=\"d2edcug0 hpfvmrgz qv66sw1b c1et5uql lr9zc1uh a8c37x1j keod5gw0 nxhoafnm aigsh9s9 d3f4x2em fe6kdd0r mau55g9w c8b282yb iv3no6db jq4qci2q a3bd9o3v b1v8xokw oo9gr5id\" dir=\"auto\">40 \u00b0C<\/span><br \/>\n<strong>KLEUR<\/strong>: Gris<\/p>\n<h3><strong>THE KALENZOO BRAND!<\/strong><\/h3>\n<p>Geniet van onze <a href=\"https:\/\/propixel.be\/nl\/\">design- en hoogwaardige producten<\/a> !<\/p>\n","protected":false},"excerpt":{"rendered":"<p><strong>MAX<\/strong> : <span class=\"d2edcug0 hpfvmrgz qv66sw1b c1et5uql lr9zc1uh a8c37x1j keod5gw0 nxhoafnm aigsh9s9 d3f4x2em fe6kdd0r mau55g9w c8b282yb iv3no6db jq4qci2q a3bd9o3v b1v8xokw oo9gr5id\" dir=\"auto\">4 mm\u00b2<\/span><br \/>\n <strong>AANTAL BESTUURDERS<\/strong> : 5<br \/>\n <strong>TYPES<\/strong> : met hendels<br \/>\n <strong>MAXIMALE OMGEVINGSTEMPERATUUR<\/strong> : <span class=\"d2edcug0 hpfvmrgz qv66sw1b c1et5uql lr9zc1uh a8c37x1j keod5gw0 nxhoafnm aigsh9s9 d3f4x2em fe6kdd0r mau55g9w c8b282yb iv3no6db jq4qci2q a3bd9o3v b1v8xokw oo9gr5id\" dir=\"auto\">40\u00b0C<\/span><br \/>\n <strong>KLEUR<\/strong> : Grijs<\/p>\n","protected":false},"featured_media":14077,"comment_status":"open","ping_status":"closed","template":"","meta":[],"product_brand":[],"product_cat":[196],"product_tag":[],"class_list":{"0":"post-16540","1":"product","2":"type-product","3":"status-publish","4":"has-post-thumbnail","6":"product_cat-elektriciteit","7":"product_shipping_class-probo-nl","9":"first","10":"outofstock","11":"featured","12":"taxable","13":"shipping-taxable","14":"purchasable","15":"product-type-simple"},"yoast_head":"<!-- This site is optimized with the Yoast SEO Premium plugin v22.9 (Yoast SEO v27.3) - https:\/\/yoast.com\/product\/yoast-seo-premium-wordpress\/ -->\n<title>Aansluitdozen: praktische en veelzijdige oplossing<\/title>\n<meta name=\"description\" content=\"Ontdek onze aansluitklemmen voor verdeeldozen, een veelzijdige oplossing om uw 5-aderige elektrische aansluitingen te vereenvoudigen. Betrouwbaarheid gegarandeerd.\" \/>\n<meta name=\"robots\" content=\"index, follow, max-snippet:-1, max-image-preview:large, max-video-preview:-1\" \/>\n<link rel=\"canonical\" href=\"https:\/\/propixel.be\/nl\/product\/50-derivatie-doos-terminals-in-5-geleiders\/\" \/>\n<meta property=\"og:locale\" content=\"nl_NL\" \/>\n<meta property=\"og:type\" content=\"article\" \/>\n<meta property=\"og:title\" content=\"50 klemmen voor 5-draads aansluitdozen\" \/>\n<meta property=\"og:description\" content=\"Ontdek onze aansluitklemmen voor verdeeldozen, een veelzijdige oplossing om uw 5-aderige elektrische aansluitingen te vereenvoudigen. Betrouwbaarheid gegarandeerd.\" \/>\n<meta property=\"og:url\" content=\"https:\/\/propixel.be\/nl\/product\/50-derivatie-doos-terminals-in-5-geleiders\/\" \/>\n<meta property=\"og:site_name\" content=\"Propixel\" \/>\n<meta property=\"article:publisher\" content=\"https:\/\/www.facebook.com\/propixel\" \/>\n<meta property=\"article:modified_time\" content=\"2025-07-31T11:26:43+00:00\" \/>\n<meta property=\"og:image\" content=\"https:\/\/propixel.be\/wp-content\/uploads\/2021\/09\/wago-5.jpg\" \/>\n\t<meta property=\"og:image:width\" content=\"1200\" \/>\n\t<meta property=\"og:image:height\" content=\"1200\" \/>\n\t<meta property=\"og:image:type\" content=\"image\/jpeg\" \/>\n<meta name=\"twitter:card\" content=\"summary_large_image\" \/>\n<meta name=\"twitter:label1\" content=\"Geschatte leestijd\" \/>\n\t<meta name=\"twitter:data1\" content=\"1 minuut\" \/>\n<script type=\"application\/ld+json\" class=\"yoast-schema-graph\">{\"@context\":\"https:\\\/\\\/schema.org\",\"@graph\":[{\"@type\":\"WebPage\",\"@id\":\"https:\\\/\\\/propixel.be\\\/nl\\\/product\\\/50-derivatie-doos-terminals-in-5-geleiders\\\/\",\"url\":\"https:\\\/\\\/propixel.be\\\/nl\\\/product\\\/50-derivatie-doos-terminals-in-5-geleiders\\\/\",\"name\":\"Aansluitdozen: praktische en veelzijdige oplossing\",\"isPartOf\":{\"@id\":\"https:\\\/\\\/propixel.be\\\/#website\"},\"primaryImageOfPage\":{\"@id\":\"https:\\\/\\\/propixel.be\\\/nl\\\/product\\\/50-derivatie-doos-terminals-in-5-geleiders\\\/#primaryimage\"},\"image\":{\"@id\":\"https:\\\/\\\/propixel.be\\\/nl\\\/product\\\/50-derivatie-doos-terminals-in-5-geleiders\\\/#primaryimage\"},\"thumbnailUrl\":\"https:\\\/\\\/propixel.be\\\/wp-content\\\/uploads\\\/2021\\\/09\\\/wago-5.jpg\",\"datePublished\":\"2021-09-16T23:05:09+00:00\",\"dateModified\":\"2025-07-31T11:26:43+00:00\",\"description\":\"Ontdek onze aansluitklemmen voor verdeeldozen, een veelzijdige oplossing om uw 5-aderige elektrische aansluitingen te vereenvoudigen. Betrouwbaarheid gegarandeerd.\",\"breadcrumb\":{\"@id\":\"https:\\\/\\\/propixel.be\\\/nl\\\/product\\\/50-derivatie-doos-terminals-in-5-geleiders\\\/#breadcrumb\"},\"inLanguage\":\"nl-NL\",\"potentialAction\":[{\"@type\":\"ReadAction\",\"target\":[\"https:\\\/\\\/propixel.be\\\/nl\\\/product\\\/50-derivatie-doos-terminals-in-5-geleiders\\\/\"]}]},{\"@type\":\"ImageObject\",\"inLanguage\":\"nl-NL\",\"@id\":\"https:\\\/\\\/propixel.be\\\/nl\\\/product\\\/50-derivatie-doos-terminals-in-5-geleiders\\\/#primaryimage\",\"url\":\"https:\\\/\\\/propixel.be\\\/wp-content\\\/uploads\\\/2021\\\/09\\\/wago-5.jpg\",\"contentUrl\":\"https:\\\/\\\/propixel.be\\\/wp-content\\\/uploads\\\/2021\\\/09\\\/wago-5.jpg\",\"width\":1200,\"height\":1200,\"caption\":\"bornes pour bo\u00eete de d\u00e9rivation\"},{\"@type\":\"BreadcrumbList\",\"@id\":\"https:\\\/\\\/propixel.be\\\/nl\\\/product\\\/50-derivatie-doos-terminals-in-5-geleiders\\\/#breadcrumb\",\"itemListElement\":[{\"@type\":\"ListItem\",\"position\":1,\"name\":\"Welkom\",\"item\":\"https:\\\/\\\/propixel.be\\\/\"},{\"@type\":\"ListItem\",\"position\":2,\"name\":\"Winkelen\",\"item\":\"https:\\\/\\\/propixel.be\\\/nl\\\/kledingwinkel\\\/\"},{\"@type\":\"ListItem\",\"position\":3,\"name\":\"50 klemmen voor 5-draads aansluitdozen\"}]},{\"@type\":\"WebSite\",\"@id\":\"https:\\\/\\\/propixel.be\\\/#website\",\"url\":\"https:\\\/\\\/propixel.be\\\/\",\"name\":\"Propixel\",\"description\":\"D&#039;une id\u00e9e \u00e0 la r\u00e9alit\u00e9, notre m\u00e9tier !\",\"publisher\":{\"@id\":\"https:\\\/\\\/propixel.be\\\/#organization\"},\"potentialAction\":[{\"@type\":\"SearchAction\",\"target\":{\"@type\":\"EntryPoint\",\"urlTemplate\":\"https:\\\/\\\/propixel.be\\\/?s={search_term_string}\"},\"query-input\":{\"@type\":\"PropertyValueSpecification\",\"valueRequired\":true,\"valueName\":\"search_term_string\"}}],\"inLanguage\":\"nl-NL\"},{\"@type\":\"Organization\",\"@id\":\"https:\\\/\\\/propixel.be\\\/#organization\",\"name\":\"Aykan Deveci\",\"alternateName\":\"Aykan Deveci\",\"url\":\"https:\\\/\\\/propixel.be\\\/\",\"logo\":{\"@type\":\"ImageObject\",\"inLanguage\":\"nl-NL\",\"@id\":\"https:\\\/\\\/propixel.be\\\/#\\\/schema\\\/logo\\\/image\\\/\",\"url\":\"https:\\\/\\\/propixel.be\\\/wp-content\\\/uploads\\\/2023\\\/06\\\/styky-logo.png\",\"contentUrl\":\"https:\\\/\\\/propixel.be\\\/wp-content\\\/uploads\\\/2023\\\/06\\\/styky-logo.png\",\"width\":243,\"height\":75,\"caption\":\"Aykan Deveci\"},\"image\":{\"@id\":\"https:\\\/\\\/propixel.be\\\/#\\\/schema\\\/logo\\\/image\\\/\"},\"sameAs\":[\"https:\\\/\\\/www.facebook.com\\\/propixel\",\"https:\\\/\\\/www.tiktok.com\\\/@propixel.design\",\"https:\\\/\\\/www.instagram.com\\\/propixel.design\\\/\"]}]}<\/script>\n<!-- \/ Yoast SEO Premium plugin. -->","yoast_head_json":{"title":"Aansluitdozen: praktische en veelzijdige oplossing","description":"Ontdek onze aansluitklemmen voor verdeeldozen, een veelzijdige oplossing om uw 5-aderige elektrische aansluitingen te vereenvoudigen. Betrouwbaarheid gegarandeerd.","robots":{"index":"index","follow":"follow","max-snippet":"max-snippet:-1","max-image-preview":"max-image-preview:large","max-video-preview":"max-video-preview:-1"},"canonical":"https:\/\/propixel.be\/nl\/product\/50-derivatie-doos-terminals-in-5-geleiders\/","og_locale":"nl_NL","og_type":"article","og_title":"50 klemmen voor 5-draads aansluitdozen","og_description":"Ontdek onze aansluitklemmen voor verdeeldozen, een veelzijdige oplossing om uw 5-aderige elektrische aansluitingen te vereenvoudigen. Betrouwbaarheid gegarandeerd.","og_url":"https:\/\/propixel.be\/nl\/product\/50-derivatie-doos-terminals-in-5-geleiders\/","og_site_name":"Propixel","article_publisher":"https:\/\/www.facebook.com\/propixel","article_modified_time":"2025-07-31T11:26:43+00:00","og_image":[{"width":1200,"height":1200,"url":"https:\/\/propixel.be\/wp-content\/uploads\/2021\/09\/wago-5.jpg","type":"image\/jpeg"}],"twitter_card":"summary_large_image","twitter_misc":{"Geschatte leestijd":"1 minuut"},"schema":{"@context":"https:\/\/schema.org","@graph":[{"@type":"WebPage","@id":"https:\/\/propixel.be\/nl\/product\/50-derivatie-doos-terminals-in-5-geleiders\/","url":"https:\/\/propixel.be\/nl\/product\/50-derivatie-doos-terminals-in-5-geleiders\/","name":"Aansluitdozen: praktische en veelzijdige oplossing","isPartOf":{"@id":"https:\/\/propixel.be\/#website"},"primaryImageOfPage":{"@id":"https:\/\/propixel.be\/nl\/product\/50-derivatie-doos-terminals-in-5-geleiders\/#primaryimage"},"image":{"@id":"https:\/\/propixel.be\/nl\/product\/50-derivatie-doos-terminals-in-5-geleiders\/#primaryimage"},"thumbnailUrl":"https:\/\/propixel.be\/wp-content\/uploads\/2021\/09\/wago-5.jpg","datePublished":"2021-09-16T23:05:09+00:00","dateModified":"2025-07-31T11:26:43+00:00","description":"Ontdek onze aansluitklemmen voor verdeeldozen, een veelzijdige oplossing om uw 5-aderige elektrische aansluitingen te vereenvoudigen. Betrouwbaarheid gegarandeerd.","breadcrumb":{"@id":"https:\/\/propixel.be\/nl\/product\/50-derivatie-doos-terminals-in-5-geleiders\/#breadcrumb"},"inLanguage":"nl-NL","potentialAction":[{"@type":"ReadAction","target":["https:\/\/propixel.be\/nl\/product\/50-derivatie-doos-terminals-in-5-geleiders\/"]}]},{"@type":"ImageObject","inLanguage":"nl-NL","@id":"https:\/\/propixel.be\/nl\/product\/50-derivatie-doos-terminals-in-5-geleiders\/#primaryimage","url":"https:\/\/propixel.be\/wp-content\/uploads\/2021\/09\/wago-5.jpg","contentUrl":"https:\/\/propixel.be\/wp-content\/uploads\/2021\/09\/wago-5.jpg","width":1200,"height":1200,"caption":"bornes pour bo\u00eete de d\u00e9rivation"},{"@type":"BreadcrumbList","@id":"https:\/\/propixel.be\/nl\/product\/50-derivatie-doos-terminals-in-5-geleiders\/#breadcrumb","itemListElement":[{"@type":"ListItem","position":1,"name":"Welkom","item":"https:\/\/propixel.be\/"},{"@type":"ListItem","position":2,"name":"Winkelen","item":"https:\/\/propixel.be\/nl\/kledingwinkel\/"},{"@type":"ListItem","position":3,"name":"50 klemmen voor 5-draads aansluitdozen"}]},{"@type":"WebSite","@id":"https:\/\/propixel.be\/#website","url":"https:\/\/propixel.be\/","name":"Propixel","description":"D&#039;une id\u00e9e \u00e0 la r\u00e9alit\u00e9, notre m\u00e9tier !","publisher":{"@id":"https:\/\/propixel.be\/#organization"},"potentialAction":[{"@type":"SearchAction","target":{"@type":"EntryPoint","urlTemplate":"https:\/\/propixel.be\/?s={search_term_string}"},"query-input":{"@type":"PropertyValueSpecification","valueRequired":true,"valueName":"search_term_string"}}],"inLanguage":"nl-NL"},{"@type":"Organization","@id":"https:\/\/propixel.be\/#organization","name":"Aykan Deveci","alternateName":"Aykan Deveci","url":"https:\/\/propixel.be\/","logo":{"@type":"ImageObject","inLanguage":"nl-NL","@id":"https:\/\/propixel.be\/#\/schema\/logo\/image\/","url":"https:\/\/propixel.be\/wp-content\/uploads\/2023\/06\/styky-logo.png","contentUrl":"https:\/\/propixel.be\/wp-content\/uploads\/2023\/06\/styky-logo.png","width":243,"height":75,"caption":"Aykan Deveci"},"image":{"@id":"https:\/\/propixel.be\/#\/schema\/logo\/image\/"},"sameAs":["https:\/\/www.facebook.com\/propixel","https:\/\/www.tiktok.com\/@propixel.design","https:\/\/www.instagram.com\/propixel.design\/"]}]}},"_links":{"self":[{"href":"https:\/\/propixel.be\/nl\/wp-json\/wp\/v2\/product\/16540","targetHints":{"allow":["GET"]}}],"collection":[{"href":"https:\/\/propixel.be\/nl\/wp-json\/wp\/v2\/product"}],"about":[{"href":"https:\/\/propixel.be\/nl\/wp-json\/wp\/v2\/types\/product"}],"replies":[{"embeddable":true,"href":"https:\/\/propixel.be\/nl\/wp-json\/wp\/v2\/comments?post=16540"}],"version-history":[{"count":0,"href":"https:\/\/propixel.be\/nl\/wp-json\/wp\/v2\/product\/16540\/revisions"}],"wp:featuredmedia":[{"embeddable":true,"href":"https:\/\/propixel.be\/nl\/wp-json\/wp\/v2\/media\/14077"}],"wp:attachment":[{"href":"https:\/\/propixel.be\/nl\/wp-json\/wp\/v2\/media?parent=16540"}],"wp:term":[{"taxonomy":"product_brand","embeddable":true,"href":"https:\/\/propixel.be\/nl\/wp-json\/wp\/v2\/product_brand?post=16540"},{"taxonomy":"product_cat","embeddable":true,"href":"https:\/\/propixel.be\/nl\/wp-json\/wp\/v2\/product_cat?post=16540"},{"taxonomy":"product_tag","embeddable":true,"href":"https:\/\/propixel.be\/nl\/wp-json\/wp\/v2\/product_tag?post=16540"}],"curies":[{"name":"wp","href":"https:\/\/api.w.org\/{rel}","templated":true}]}}