{"id":16538,"date":"2021-09-17T01:38:42","date_gmt":"2021-09-16T23:38:42","guid":{"rendered":"https:\/\/propixel.be\/boutique\/100-bornes-pour-boite-de-derivation-en-2-conducteurs\/"},"modified":"2025-07-31T13:26:33","modified_gmt":"2025-07-31T11:26:33","slug":"100-aansluitingen-voor-tap-doos-in-2-geleiders","status":"publish","type":"product","link":"https:\/\/propixel.be\/nl\/product\/100-aansluitingen-voor-tap-doos-in-2-geleiders\/","title":{"rendered":"100 klemmen voor 2-aderige aansluitdoos"},"content":{"rendered":"<div class=\"flex-1 overflow-hidden\">\n<div class=\"react-scroll-to-bottom--css-dogly-79elbk h-full\">\n<div class=\"react-scroll-to-bottom--css-dogly-1n7m0yu\">\n<div class=\"flex flex-col pb-9 text-sm\">\n<div class=\"w-full text-token-text-primary\" data-testid=\"conversation-turn-5\">\n<div class=\"px-4 py-2 justify-center text-base md:gap-6 m-auto\">\n<div class=\"flex flex-1 text-base mx-auto gap-3 md:px-5 lg:px-1 xl:px-5 md:max-w-3xl lg:max-w-[40rem] xl:max-w-[48rem] group final-completion\">\n<div class=\"relative flex w-full flex-col lg:w-[calc(100%-115px)] agent-turn\">\n<div class=\"flex-col gap-1 md:gap-3\">\n<div class=\"flex flex-grow flex-col max-w-full\">\n<div class=\"min-h-[20px] text-message flex flex-col items-start gap-3 whitespace-pre-wrap break-words [.text-message+&amp;]:mt-5 overflow-x-auto\" data-message-author-role=\"assistant\" data-message-id=\"2ada4477-b8eb-4363-b9cb-9faccc0f94a4\">\n<div class=\"markdown prose w-full break-words dark:prose-invert light\">\n<h1><strong>Aansluitdozen: optimaliseer uw elektrische verbindingen met onze kwaliteitsklemmen<\/strong><\/h1>\n<p>Ontdek onze exclusieve set van 100 aansluitklemmen voor 2-aderige aansluitdozen, ontworpen om uw elektrische installaties te vereenvoudigen en te optimaliseren. Of u nu een ervaren professional bent of een gepassioneerde doe-het-zelver, deze klemmen bieden u een betrouwbare oplossing om uw kabels veilig en effici\u00ebnt aan te sluiten. <\/p>\n<h2><strong>Belangrijkste kenmerken van de aansluitdoos<\/strong><\/h2>\n<h3><strong>Veelzijdigheid<\/strong><\/h3>\n<p>Aansluitdozen zijn essentieel voor veilige elektrische verbindingen in diverse omgevingen. Onze klemmen zijn compatibel met 2-aderige aansluitdozen en bieden uitzonderlijke veelzijdigheid voor diverse residenti\u00eble, commerci\u00eble en industri\u00eble toepassingen. <\/p>\n<h3><strong>Betrouwbaarheid<\/strong><\/h3>\n<p>Betrouwbaarheid staat bij ons voorop. Elke terminal is vervaardigd met hoogwaardige materialen om optimale geleiding en duurzaamheid op lange termijn te garanderen. De elektrische verbindingen blijven stabiel, waardoor het risico op storingen wordt geminimaliseerd en de continue werking van uw circuits wordt gegarandeerd.  <\/p>\n<h3><strong>Aansluitdoos: Eenvoudige installatie<\/strong><\/h3>\n<p>Bespaar tijd in het veld met eenvoudige installatie. De <a href=\"https:\/\/www.legrand.fr\/actualites\/tout-savoir-sur-les-boites-de-derivation#:~:text=Il%20faut%20veiller%20%C3%A0%20respecter,d%C3%A9faut%20sur%20le%20circuit%20concern%C3%A9.\">terminals<\/a> zijn ontworpen voor moeiteloze bediening, waardoor het installatieproces zelfs voor beginnende gebruikers wordt vereenvoudigd. Veilige verbindingen zorgen voor een probleemloze installatie en verlagen zo de arbeidskosten.  <\/p>\n<h2><strong>Geavanceerde beveiliging<\/strong><\/h2>\n<h3><strong>Aansluitdoos: Kortsluitbeveiliging<\/strong><\/h3>\n<p>De aansluitklemmen zijn voorzien van geavanceerde kortsluitbeveiligingsmechanismen voor maximale veiligheid. Het intelligente ontwerp voorkomt stroompieken, beschermt uw elektrische apparatuur en zorgt voor zorgeloos gebruik. <\/p>\n<h3><strong>Normatieve naleving<\/strong><\/h3>\n<p>Voldoe aan de strengste elektrische normen. Onze aansluitdozen voldoen aan de huidige regelgeving, wat extra zekerheid biedt over de naleving van uw installaties. <\/p>\n<p>Door te investeren in <a href=\"https:\/\/propixel.be\/nl\/\">onze 2-aderige aansluitklemmen<\/a> , kiest u voor kwaliteit, gebruiksgemak en veiligheid. Vereenvoudig uw elektrische aansluitingen nu en zorg voor betrouwbare en conforme installaties. Transformeer uw elektrische ervaring met onze hoogwaardige aansluitklemmen.  <\/p>\n<\/div>\n<\/div>\n<\/div>\n<\/div>\n<\/div>\n<\/div>\n<\/div>\n<\/div>\n<\/div>\n<\/div>\n<\/div>\n<\/div>\n<h3><strong>PRODUCTINFORMATIE<br \/>\n<\/strong><\/h3>\n<p><span class=\"d2edcug0 hpfvmrgz qv66sw1b c1et5uql lr9zc1uh a8c37x1j keod5gw0 nxhoafnm aigsh9s9 d3f4x2em fe6kdd0r mau55g9w c8b282yb iv3no6db jq4qci2q a3bd9o3v b1v8xokw oo9gr5id\" dir=\"auto\">CLASSIC aansluitdoos. Voor alle soorten bestuurders<\/span><\/p>\n<p><strong>MAX<\/strong>: <span class=\"d2edcug0 hpfvmrgz qv66sw1b c1et5uql lr9zc1uh a8c37x1j keod5gw0 nxhoafnm aigsh9s9 d3f4x2em fe6kdd0r mau55g9w c8b282yb iv3no6db jq4qci2q a3bd9o3v b1v8xokw oo9gr5id\" dir=\"auto\">4 mm\u00b2<\/span><br \/>\n<strong>AANTAL CHAUFFEURS<\/strong> : 2<br \/>\n<strong>TYPEN<\/strong>: met hendels<br \/>\n<strong>MAX. OMGEVINGSTEMPERATUUR<\/strong>: <span class=\"d2edcug0 hpfvmrgz qv66sw1b c1et5uql lr9zc1uh a8c37x1j keod5gw0 nxhoafnm aigsh9s9 d3f4x2em fe6kdd0r mau55g9w c8b282yb iv3no6db jq4qci2q a3bd9o3v b1v8xokw oo9gr5id\" dir=\"auto\">40 \u00b0C<\/span><br \/>\n<strong>KLEUR<\/strong>: Gris<\/p>\n<h3><strong>THE KALENZOO BRAND!<\/strong><\/h3>\n<p>Profiteer van onze designerproducten van hoge kwaliteit!<\/p>\n","protected":false},"excerpt":{"rendered":"<p><strong>MAX<\/strong> : <span class=\"d2edcug0 hpfvmrgz qv66sw1b c1et5uql lr9zc1uh a8c37x1j keod5gw0 nxhoafnm aigsh9s9 d3f4x2em fe6kdd0r mau55g9w c8b282yb iv3no6db jq4qci2q a3bd9o3v b1v8xokw oo9gr5id\" dir=\"auto\">4 mm\u00b2<\/span><br \/>\n <strong>AANTAL BESTUURDERS<\/strong> : 2<br \/>\n <strong>TYPES<\/strong> : met hendels<br \/>\n <strong>MAXIMALE OMGEVINGSTEMPERATUUR<\/strong> : <span class=\"d2edcug0 hpfvmrgz qv66sw1b c1et5uql lr9zc1uh a8c37x1j keod5gw0 nxhoafnm aigsh9s9 d3f4x2em fe6kdd0r mau55g9w c8b282yb iv3no6db jq4qci2q a3bd9o3v b1v8xokw oo9gr5id\" dir=\"auto\">40\u00b0C<\/span><br \/>\n <strong>KLEUR<\/strong> : Grijs<\/p>\n","protected":false},"featured_media":14069,"comment_status":"open","ping_status":"closed","template":"","meta":[],"product_brand":[],"product_cat":[196],"product_tag":[],"class_list":{"0":"post-16538","1":"product","2":"type-product","3":"status-publish","4":"has-post-thumbnail","6":"product_cat-elektriciteit","7":"product_shipping_class-probo-nl","9":"first","10":"outofstock","11":"taxable","12":"shipping-taxable","13":"purchasable","14":"product-type-simple"},"yoast_head":"<!-- This site is optimized with the Yoast SEO Premium plugin v22.9 (Yoast SEO v27.3) - https:\/\/yoast.com\/product\/yoast-seo-premium-wordpress\/ -->\n<title>Aansluitdoos: vereenvoudig uw verbindingen met onze klemmen!<\/title>\n<meta name=\"description\" content=\"Ontdek onze speciale aansluitklemmen voor verdeeldozen. Vereenvoudig uw elektrische aansluitingen veilig met onze betrouwbare en effici\u00ebnte oplossing.\" \/>\n<meta name=\"robots\" content=\"index, follow, max-snippet:-1, max-image-preview:large, max-video-preview:-1\" \/>\n<link rel=\"canonical\" href=\"https:\/\/propixel.be\/nl\/product\/100-aansluitingen-voor-tap-doos-in-2-geleiders\/\" \/>\n<meta property=\"og:locale\" content=\"nl_NL\" \/>\n<meta property=\"og:type\" content=\"article\" \/>\n<meta property=\"og:title\" content=\"100 klemmen voor 2-aderige aansluitdoos\" \/>\n<meta property=\"og:description\" content=\"Ontdek onze speciale aansluitklemmen voor verdeeldozen. Vereenvoudig uw elektrische aansluitingen veilig met onze betrouwbare en effici\u00ebnte oplossing.\" \/>\n<meta property=\"og:url\" content=\"https:\/\/propixel.be\/nl\/product\/100-aansluitingen-voor-tap-doos-in-2-geleiders\/\" \/>\n<meta property=\"og:site_name\" content=\"Propixel\" \/>\n<meta property=\"article:publisher\" content=\"https:\/\/www.facebook.com\/propixel\" \/>\n<meta property=\"article:modified_time\" content=\"2025-07-31T11:26:33+00:00\" \/>\n<meta property=\"og:image\" content=\"https:\/\/propixel.be\/wp-content\/uploads\/2021\/09\/wago-2.jpg\" \/>\n\t<meta property=\"og:image:width\" content=\"1200\" \/>\n\t<meta property=\"og:image:height\" content=\"1200\" \/>\n\t<meta property=\"og:image:type\" content=\"image\/jpeg\" \/>\n<meta name=\"twitter:card\" content=\"summary_large_image\" \/>\n<meta name=\"twitter:label1\" content=\"Geschatte leestijd\" \/>\n\t<meta name=\"twitter:data1\" content=\"1 minuut\" \/>\n<script type=\"application\/ld+json\" class=\"yoast-schema-graph\">{\"@context\":\"https:\\\/\\\/schema.org\",\"@graph\":[{\"@type\":\"WebPage\",\"@id\":\"https:\\\/\\\/propixel.be\\\/nl\\\/product\\\/100-aansluitingen-voor-tap-doos-in-2-geleiders\\\/\",\"url\":\"https:\\\/\\\/propixel.be\\\/nl\\\/product\\\/100-aansluitingen-voor-tap-doos-in-2-geleiders\\\/\",\"name\":\"Aansluitdoos: vereenvoudig uw verbindingen met onze klemmen!\",\"isPartOf\":{\"@id\":\"https:\\\/\\\/propixel.be\\\/#website\"},\"primaryImageOfPage\":{\"@id\":\"https:\\\/\\\/propixel.be\\\/nl\\\/product\\\/100-aansluitingen-voor-tap-doos-in-2-geleiders\\\/#primaryimage\"},\"image\":{\"@id\":\"https:\\\/\\\/propixel.be\\\/nl\\\/product\\\/100-aansluitingen-voor-tap-doos-in-2-geleiders\\\/#primaryimage\"},\"thumbnailUrl\":\"https:\\\/\\\/propixel.be\\\/wp-content\\\/uploads\\\/2021\\\/09\\\/wago-2.jpg\",\"datePublished\":\"2021-09-16T23:38:42+00:00\",\"dateModified\":\"2025-07-31T11:26:33+00:00\",\"description\":\"Ontdek onze speciale aansluitklemmen voor verdeeldozen. Vereenvoudig uw elektrische aansluitingen veilig met onze betrouwbare en effici\u00ebnte oplossing.\",\"breadcrumb\":{\"@id\":\"https:\\\/\\\/propixel.be\\\/nl\\\/product\\\/100-aansluitingen-voor-tap-doos-in-2-geleiders\\\/#breadcrumb\"},\"inLanguage\":\"nl-NL\",\"potentialAction\":[{\"@type\":\"ReadAction\",\"target\":[\"https:\\\/\\\/propixel.be\\\/nl\\\/product\\\/100-aansluitingen-voor-tap-doos-in-2-geleiders\\\/\"]}]},{\"@type\":\"ImageObject\",\"inLanguage\":\"nl-NL\",\"@id\":\"https:\\\/\\\/propixel.be\\\/nl\\\/product\\\/100-aansluitingen-voor-tap-doos-in-2-geleiders\\\/#primaryimage\",\"url\":\"https:\\\/\\\/propixel.be\\\/wp-content\\\/uploads\\\/2021\\\/09\\\/wago-2.jpg\",\"contentUrl\":\"https:\\\/\\\/propixel.be\\\/wp-content\\\/uploads\\\/2021\\\/09\\\/wago-2.jpg\",\"width\":1200,\"height\":1200,\"caption\":\"bo\u00eete de d\u00e9rivation\"},{\"@type\":\"BreadcrumbList\",\"@id\":\"https:\\\/\\\/propixel.be\\\/nl\\\/product\\\/100-aansluitingen-voor-tap-doos-in-2-geleiders\\\/#breadcrumb\",\"itemListElement\":[{\"@type\":\"ListItem\",\"position\":1,\"name\":\"Welkom\",\"item\":\"https:\\\/\\\/propixel.be\\\/\"},{\"@type\":\"ListItem\",\"position\":2,\"name\":\"Winkelen\",\"item\":\"https:\\\/\\\/propixel.be\\\/nl\\\/kledingwinkel\\\/\"},{\"@type\":\"ListItem\",\"position\":3,\"name\":\"100 klemmen voor 2-aderige aansluitdoos\"}]},{\"@type\":\"WebSite\",\"@id\":\"https:\\\/\\\/propixel.be\\\/#website\",\"url\":\"https:\\\/\\\/propixel.be\\\/\",\"name\":\"Propixel\",\"description\":\"D&#039;une id\u00e9e \u00e0 la r\u00e9alit\u00e9, notre m\u00e9tier !\",\"publisher\":{\"@id\":\"https:\\\/\\\/propixel.be\\\/#organization\"},\"potentialAction\":[{\"@type\":\"SearchAction\",\"target\":{\"@type\":\"EntryPoint\",\"urlTemplate\":\"https:\\\/\\\/propixel.be\\\/?s={search_term_string}\"},\"query-input\":{\"@type\":\"PropertyValueSpecification\",\"valueRequired\":true,\"valueName\":\"search_term_string\"}}],\"inLanguage\":\"nl-NL\"},{\"@type\":\"Organization\",\"@id\":\"https:\\\/\\\/propixel.be\\\/#organization\",\"name\":\"Aykan Deveci\",\"alternateName\":\"Aykan Deveci\",\"url\":\"https:\\\/\\\/propixel.be\\\/\",\"logo\":{\"@type\":\"ImageObject\",\"inLanguage\":\"nl-NL\",\"@id\":\"https:\\\/\\\/propixel.be\\\/#\\\/schema\\\/logo\\\/image\\\/\",\"url\":\"https:\\\/\\\/propixel.be\\\/wp-content\\\/uploads\\\/2023\\\/06\\\/styky-logo.png\",\"contentUrl\":\"https:\\\/\\\/propixel.be\\\/wp-content\\\/uploads\\\/2023\\\/06\\\/styky-logo.png\",\"width\":243,\"height\":75,\"caption\":\"Aykan Deveci\"},\"image\":{\"@id\":\"https:\\\/\\\/propixel.be\\\/#\\\/schema\\\/logo\\\/image\\\/\"},\"sameAs\":[\"https:\\\/\\\/www.facebook.com\\\/propixel\",\"https:\\\/\\\/www.tiktok.com\\\/@propixel.design\",\"https:\\\/\\\/www.instagram.com\\\/propixel.design\\\/\"]}]}<\/script>\n<!-- \/ Yoast SEO Premium plugin. -->","yoast_head_json":{"title":"Aansluitdoos: vereenvoudig uw verbindingen met onze klemmen!","description":"Ontdek onze speciale aansluitklemmen voor verdeeldozen. Vereenvoudig uw elektrische aansluitingen veilig met onze betrouwbare en effici\u00ebnte oplossing.","robots":{"index":"index","follow":"follow","max-snippet":"max-snippet:-1","max-image-preview":"max-image-preview:large","max-video-preview":"max-video-preview:-1"},"canonical":"https:\/\/propixel.be\/nl\/product\/100-aansluitingen-voor-tap-doos-in-2-geleiders\/","og_locale":"nl_NL","og_type":"article","og_title":"100 klemmen voor 2-aderige aansluitdoos","og_description":"Ontdek onze speciale aansluitklemmen voor verdeeldozen. Vereenvoudig uw elektrische aansluitingen veilig met onze betrouwbare en effici\u00ebnte oplossing.","og_url":"https:\/\/propixel.be\/nl\/product\/100-aansluitingen-voor-tap-doos-in-2-geleiders\/","og_site_name":"Propixel","article_publisher":"https:\/\/www.facebook.com\/propixel","article_modified_time":"2025-07-31T11:26:33+00:00","og_image":[{"width":1200,"height":1200,"url":"https:\/\/propixel.be\/wp-content\/uploads\/2021\/09\/wago-2.jpg","type":"image\/jpeg"}],"twitter_card":"summary_large_image","twitter_misc":{"Geschatte leestijd":"1 minuut"},"schema":{"@context":"https:\/\/schema.org","@graph":[{"@type":"WebPage","@id":"https:\/\/propixel.be\/nl\/product\/100-aansluitingen-voor-tap-doos-in-2-geleiders\/","url":"https:\/\/propixel.be\/nl\/product\/100-aansluitingen-voor-tap-doos-in-2-geleiders\/","name":"Aansluitdoos: vereenvoudig uw verbindingen met onze klemmen!","isPartOf":{"@id":"https:\/\/propixel.be\/#website"},"primaryImageOfPage":{"@id":"https:\/\/propixel.be\/nl\/product\/100-aansluitingen-voor-tap-doos-in-2-geleiders\/#primaryimage"},"image":{"@id":"https:\/\/propixel.be\/nl\/product\/100-aansluitingen-voor-tap-doos-in-2-geleiders\/#primaryimage"},"thumbnailUrl":"https:\/\/propixel.be\/wp-content\/uploads\/2021\/09\/wago-2.jpg","datePublished":"2021-09-16T23:38:42+00:00","dateModified":"2025-07-31T11:26:33+00:00","description":"Ontdek onze speciale aansluitklemmen voor verdeeldozen. Vereenvoudig uw elektrische aansluitingen veilig met onze betrouwbare en effici\u00ebnte oplossing.","breadcrumb":{"@id":"https:\/\/propixel.be\/nl\/product\/100-aansluitingen-voor-tap-doos-in-2-geleiders\/#breadcrumb"},"inLanguage":"nl-NL","potentialAction":[{"@type":"ReadAction","target":["https:\/\/propixel.be\/nl\/product\/100-aansluitingen-voor-tap-doos-in-2-geleiders\/"]}]},{"@type":"ImageObject","inLanguage":"nl-NL","@id":"https:\/\/propixel.be\/nl\/product\/100-aansluitingen-voor-tap-doos-in-2-geleiders\/#primaryimage","url":"https:\/\/propixel.be\/wp-content\/uploads\/2021\/09\/wago-2.jpg","contentUrl":"https:\/\/propixel.be\/wp-content\/uploads\/2021\/09\/wago-2.jpg","width":1200,"height":1200,"caption":"bo\u00eete de d\u00e9rivation"},{"@type":"BreadcrumbList","@id":"https:\/\/propixel.be\/nl\/product\/100-aansluitingen-voor-tap-doos-in-2-geleiders\/#breadcrumb","itemListElement":[{"@type":"ListItem","position":1,"name":"Welkom","item":"https:\/\/propixel.be\/"},{"@type":"ListItem","position":2,"name":"Winkelen","item":"https:\/\/propixel.be\/nl\/kledingwinkel\/"},{"@type":"ListItem","position":3,"name":"100 klemmen voor 2-aderige aansluitdoos"}]},{"@type":"WebSite","@id":"https:\/\/propixel.be\/#website","url":"https:\/\/propixel.be\/","name":"Propixel","description":"D&#039;une id\u00e9e \u00e0 la r\u00e9alit\u00e9, notre m\u00e9tier !","publisher":{"@id":"https:\/\/propixel.be\/#organization"},"potentialAction":[{"@type":"SearchAction","target":{"@type":"EntryPoint","urlTemplate":"https:\/\/propixel.be\/?s={search_term_string}"},"query-input":{"@type":"PropertyValueSpecification","valueRequired":true,"valueName":"search_term_string"}}],"inLanguage":"nl-NL"},{"@type":"Organization","@id":"https:\/\/propixel.be\/#organization","name":"Aykan Deveci","alternateName":"Aykan Deveci","url":"https:\/\/propixel.be\/","logo":{"@type":"ImageObject","inLanguage":"nl-NL","@id":"https:\/\/propixel.be\/#\/schema\/logo\/image\/","url":"https:\/\/propixel.be\/wp-content\/uploads\/2023\/06\/styky-logo.png","contentUrl":"https:\/\/propixel.be\/wp-content\/uploads\/2023\/06\/styky-logo.png","width":243,"height":75,"caption":"Aykan Deveci"},"image":{"@id":"https:\/\/propixel.be\/#\/schema\/logo\/image\/"},"sameAs":["https:\/\/www.facebook.com\/propixel","https:\/\/www.tiktok.com\/@propixel.design","https:\/\/www.instagram.com\/propixel.design\/"]}]}},"_links":{"self":[{"href":"https:\/\/propixel.be\/nl\/wp-json\/wp\/v2\/product\/16538","targetHints":{"allow":["GET"]}}],"collection":[{"href":"https:\/\/propixel.be\/nl\/wp-json\/wp\/v2\/product"}],"about":[{"href":"https:\/\/propixel.be\/nl\/wp-json\/wp\/v2\/types\/product"}],"replies":[{"embeddable":true,"href":"https:\/\/propixel.be\/nl\/wp-json\/wp\/v2\/comments?post=16538"}],"version-history":[{"count":0,"href":"https:\/\/propixel.be\/nl\/wp-json\/wp\/v2\/product\/16538\/revisions"}],"wp:featuredmedia":[{"embeddable":true,"href":"https:\/\/propixel.be\/nl\/wp-json\/wp\/v2\/media\/14069"}],"wp:attachment":[{"href":"https:\/\/propixel.be\/nl\/wp-json\/wp\/v2\/media?parent=16538"}],"wp:term":[{"taxonomy":"product_brand","embeddable":true,"href":"https:\/\/propixel.be\/nl\/wp-json\/wp\/v2\/product_brand?post=16538"},{"taxonomy":"product_cat","embeddable":true,"href":"https:\/\/propixel.be\/nl\/wp-json\/wp\/v2\/product_cat?post=16538"},{"taxonomy":"product_tag","embeddable":true,"href":"https:\/\/propixel.be\/nl\/wp-json\/wp\/v2\/product_tag?post=16538"}],"curies":[{"name":"wp","href":"https:\/\/api.w.org\/{rel}","templated":true}]}}