{"id":16524,"date":"2021-09-23T19:31:49","date_gmt":"2021-09-23T17:31:49","guid":{"rendered":"https:\/\/propixel.be\/boutique\/lampes-led-avec-douille-gu10-daylight-480lm\/"},"modified":"2025-07-31T13:26:50","modified_gmt":"2025-07-31T11:26:50","slug":"lampen-led-groef-douille-gu10-daglicht-480lm","status":"publish","type":"product","link":"https:\/\/propixel.be\/nl\/product\/lampen-led-groef-douille-gu10-daglicht-480lm\/","title":{"rendered":"10x LED lampen met GU10 daglicht fitting 480lm &#8211; 4000K"},"content":{"rendered":"<div class=\"flex-1 overflow-hidden\">\n<div class=\"react-scroll-to-bottom--css-ribnw-79elbk h-full\">\n<div class=\"react-scroll-to-bottom--css-ribnw-1n7m0yu\">\n<div class=\"flex flex-col pb-9 text-sm\">\n<div class=\"w-full text-token-text-primary\" data-testid=\"conversation-turn-3\">\n<div class=\"px-4 py-2 justify-center text-base md:gap-6 m-auto\">\n<div class=\"flex flex-1 text-base mx-auto gap-3 md:px-5 lg:px-1 xl:px-5 md:max-w-3xl lg:max-w-[40rem] xl:max-w-[48rem] group final-completion\">\n<div class=\"relative flex w-full flex-col lg:w-[calc(100%-115px)] agent-turn\">\n<div class=\"flex-col gap-1 md:gap-3\">\n<div class=\"flex flex-grow flex-col max-w-full\">\n<div class=\"min-h-[20px] text-message flex flex-col items-start gap-3 whitespace-pre-wrap break-words [.text-message+&amp;]:mt-5 overflow-x-auto\" data-message-author-role=\"assistant\" data-message-id=\"7700da01-07a7-4378-ac11-17f5560d7490\">\n<div class=\"markdown prose w-full break-words dark:prose-invert light\">\n<h1>KALENZOO GU10 LED-LAMPEN: EFFICI\u00cbNTE EN ZUINIGE VERLICHTING!<\/h1>\n<p>Kies voor energiezuinigheid met KALENZOO GU10 LED-lampen, een briljant alternatief voor 60W halogeenlampen. Met een lager verbruik van slechts 6W biedt deze lamp een uitzonderlijke energiebesparing, tot wel 85% ten opzichte van oudere verlichtingstechnologie\u00ebn. Profiteer van een langere levensduur tot wel 25.000 uur, waardoor de onderhoudskosten worden geminimaliseerd en de lamp minder vaak hoeft te worden vervangen.  <\/p>\n<h2>KALENZOO GU10 LED-lampen: WARM EN BETROUWBAAR LICHT<\/h2>\n<p>Deze lamp straalt warmwit licht van 4000 Kelvin uit en cre\u00ebert zo een warme en ontspannen sfeer. Met een lichtstroom van 480 lumen, directe start en flikkeringloosheid biedt hij een stabiele en aangename verlichting. De diffusiehoek van 38\u00b0 cre\u00ebert accentverlichting, ideaal om objecten in de kamer te accentueren. Perfect voor kantoren, woningen, openbare gebouwen, hotels of restaurants met een GU10-aansluiting.   <\/p>\n<h2>KALENZOO GU10 LED-lampen: ECOLOGISCH EN GEMAKKELIJK TE INSTALLEREN<\/h2>\n<p><a href=\"https:\/\/www.cdiscount.com\/maison\/r-ampoules+led+et+douille+avec+interrupteur.html#_his_\">De KALENZOO LED-lamp<\/a> is gemaakt van kunststof, wat zorgt voor een snelle warmteafvoer en een langere levensduur. Al onze LED-oplossingen zijn milieuvriendelijk, vrij van kwik en schadelijke stoffen voor het lichaam of het milieu, en kunnen veilig worden gerecycled. Onze lampen zijn CE- en RoHS-gecertificeerd en garanderen veiligheid en betrouwbaarheid.  <\/p>\n<h3>KALENZOO GU10 LED-lampen: GARANTIE EN KLANTENSERVICE<\/h3>\n<p>Kiezen voor KALENZOO betekent kiezen voor kwaliteit. Profiteer van onze vervangingsgarantie van \u00e9\u00e9n jaar, inbegrepen in de prijs. <a href=\"https:\/\/propixel.be\/nl\/\">Neem bij problemen contact met ons op<\/a> en we geven u graag zo snel mogelijk alle benodigde informatie.  <\/p>\n<h3>TECHNISCHE KENMERKEN<\/h3>\n<ul>\n<li>Merk: Kalenzoo<\/li>\n<li>Type: LED<\/li>\n<li>Vermogen: 6 Watt (gelijk aan een gloeilamp van 60 Watt)<\/li>\n<li>Temperatuur\/kleurweergave: 4000 Kelvin<\/li>\n<li>Lichtstroom: 480 lumen<\/li>\n<li>Watt\/Lumen: 80 lm\/W<\/li>\n<li>Fitting: GU10<\/li>\n<li>Beschermingsindex: IP20<\/li>\n<li>Vorm: PAR 16 Reflector<\/li>\n<li>Energielabel: A+<\/li>\n<li>Hoek: 38\u00b0<\/li>\n<li>Dimbaar: nee<\/li>\n<li>Materiaal: kunststof<\/li>\n<li>Stopcontact type: Wandschakelaar<\/li>\n<li>Aan\/uit: 10.000 cycli<\/li>\n<li>Levensduur: 25.000 uur<\/li>\n<li>Volt: 220\/240 Volt (AC)<\/li>\n<li>Hz: 50\/60 Hz<\/li>\n<li>Ra:&gt; 80<\/li>\n<li>Hg: 100% kwikvrij<\/li>\n<li>Ontsteking: Onmiddellijk<\/li>\n<li>Artikelgewicht: 0,03 kg<\/li>\n<li>Productafmetingen (L x B x H): 5 x 5 x 5,4 cm<\/li>\n<li>Octrooi: CE, RoHs<\/li>\n<li>Oorsprong: Gemaakt in PRC<\/li>\n<\/ul>\n<\/div>\n<\/div>\n<\/div>\n<div class=\"mt-1 flex justify-start gap-3 empty:hidden\"><\/div>\n<\/div>\n<\/div>\n<\/div>\n<\/div>\n<\/div>\n<\/div>\n<\/div>\n<\/div>\n<\/div>\n","protected":false},"excerpt":{"rendered":"<p><strong>LUMEN<\/strong> : 480 lm<br \/>\n <strong>lm\/W<\/strong> : 80<br \/>\n <strong>VERMOGEN<\/strong> : 6 W<br \/>\n <strong>KELVIN<\/strong> : 4000K (daglicht)<br \/>\n <strong>STOPCONTACT<\/strong> : GU10<br \/>\n <strong>TYPE<\/strong> : LED<br \/>\n <strong>Dimbaar<\/strong> : nee<\/p>\n","protected":false},"featured_media":14409,"comment_status":"open","ping_status":"closed","template":"","meta":[],"product_brand":[],"product_cat":[195],"product_tag":[],"class_list":{"0":"post-16524","1":"product","2":"type-product","3":"status-publish","4":"has-post-thumbnail","6":"product_cat-lampen","7":"product_shipping_class-probo-nl","9":"first","10":"outofstock","11":"taxable","12":"shipping-taxable","13":"purchasable","14":"product-type-simple"},"yoast_head":"<!-- This site is optimized with the Yoast SEO Premium plugin v22.9 (Yoast SEO v27.3) - https:\/\/yoast.com\/product\/yoast-seo-premium-wordpress\/ -->\n<title>KALENZOO GU10 LED-lampen - Energiebesparing en verlichting<\/title>\n<meta name=\"description\" content=\"Ontdek de KALENZOO GU10 LED-lampen. Bespaar energie met krachtige verlichting. Duurzaamheid, kwaliteit en effici\u00ebntie om uw ruimte te verlichten.\" \/>\n<meta name=\"robots\" content=\"index, follow, max-snippet:-1, max-image-preview:large, max-video-preview:-1\" \/>\n<link rel=\"canonical\" href=\"https:\/\/propixel.be\/nl\/product\/lampen-led-groef-douille-gu10-daglicht-480lm\/\" \/>\n<meta property=\"og:locale\" content=\"nl_NL\" \/>\n<meta property=\"og:type\" content=\"article\" \/>\n<meta property=\"og:title\" content=\"10x LED lampen met GU10 daglicht fitting 480lm - 4000K\" \/>\n<meta property=\"og:description\" content=\"Ontdek de KALENZOO GU10 LED-lampen. Bespaar energie met krachtige verlichting. Duurzaamheid, kwaliteit en effici\u00ebntie om uw ruimte te verlichten.\" \/>\n<meta property=\"og:url\" content=\"https:\/\/propixel.be\/nl\/product\/lampen-led-groef-douille-gu10-daglicht-480lm\/\" \/>\n<meta property=\"og:site_name\" content=\"Propixel\" \/>\n<meta property=\"article:publisher\" content=\"https:\/\/www.facebook.com\/propixel\" \/>\n<meta property=\"article:modified_time\" content=\"2025-07-31T11:26:50+00:00\" \/>\n<meta property=\"og:image\" content=\"https:\/\/propixel.be\/wp-content\/uploads\/2021\/09\/template2.jpg\" \/>\n\t<meta property=\"og:image:width\" content=\"1000\" \/>\n\t<meta property=\"og:image:height\" content=\"1000\" \/>\n\t<meta property=\"og:image:type\" content=\"image\/jpeg\" \/>\n<meta name=\"twitter:card\" content=\"summary_large_image\" \/>\n<meta name=\"twitter:label1\" content=\"Geschatte leestijd\" \/>\n\t<meta name=\"twitter:data1\" content=\"2 minuten\" \/>\n<script type=\"application\/ld+json\" class=\"yoast-schema-graph\">{\"@context\":\"https:\\\/\\\/schema.org\",\"@graph\":[{\"@type\":\"WebPage\",\"@id\":\"https:\\\/\\\/propixel.be\\\/nl\\\/product\\\/lampen-led-groef-douille-gu10-daglicht-480lm\\\/\",\"url\":\"https:\\\/\\\/propixel.be\\\/nl\\\/product\\\/lampen-led-groef-douille-gu10-daglicht-480lm\\\/\",\"name\":\"KALENZOO GU10 LED-lampen - Energiebesparing en verlichting\",\"isPartOf\":{\"@id\":\"https:\\\/\\\/propixel.be\\\/#website\"},\"primaryImageOfPage\":{\"@id\":\"https:\\\/\\\/propixel.be\\\/nl\\\/product\\\/lampen-led-groef-douille-gu10-daglicht-480lm\\\/#primaryimage\"},\"image\":{\"@id\":\"https:\\\/\\\/propixel.be\\\/nl\\\/product\\\/lampen-led-groef-douille-gu10-daglicht-480lm\\\/#primaryimage\"},\"thumbnailUrl\":\"https:\\\/\\\/propixel.be\\\/wp-content\\\/uploads\\\/2021\\\/09\\\/template2.jpg\",\"datePublished\":\"2021-09-23T17:31:49+00:00\",\"dateModified\":\"2025-07-31T11:26:50+00:00\",\"description\":\"Ontdek de KALENZOO GU10 LED-lampen. Bespaar energie met krachtige verlichting. Duurzaamheid, kwaliteit en effici\u00ebntie om uw ruimte te verlichten.\",\"breadcrumb\":{\"@id\":\"https:\\\/\\\/propixel.be\\\/nl\\\/product\\\/lampen-led-groef-douille-gu10-daglicht-480lm\\\/#breadcrumb\"},\"inLanguage\":\"nl-NL\",\"potentialAction\":[{\"@type\":\"ReadAction\",\"target\":[\"https:\\\/\\\/propixel.be\\\/nl\\\/product\\\/lampen-led-groef-douille-gu10-daglicht-480lm\\\/\"]}]},{\"@type\":\"ImageObject\",\"inLanguage\":\"nl-NL\",\"@id\":\"https:\\\/\\\/propixel.be\\\/nl\\\/product\\\/lampen-led-groef-douille-gu10-daglicht-480lm\\\/#primaryimage\",\"url\":\"https:\\\/\\\/propixel.be\\\/wp-content\\\/uploads\\\/2021\\\/09\\\/template2.jpg\",\"contentUrl\":\"https:\\\/\\\/propixel.be\\\/wp-content\\\/uploads\\\/2021\\\/09\\\/template2.jpg\",\"width\":1000,\"height\":1000,\"caption\":\"Lampes LED avec douille GU10 cool\"},{\"@type\":\"BreadcrumbList\",\"@id\":\"https:\\\/\\\/propixel.be\\\/nl\\\/product\\\/lampen-led-groef-douille-gu10-daglicht-480lm\\\/#breadcrumb\",\"itemListElement\":[{\"@type\":\"ListItem\",\"position\":1,\"name\":\"Welkom\",\"item\":\"https:\\\/\\\/propixel.be\\\/\"},{\"@type\":\"ListItem\",\"position\":2,\"name\":\"Winkelen\",\"item\":\"https:\\\/\\\/propixel.be\\\/nl\\\/kledingwinkel\\\/\"},{\"@type\":\"ListItem\",\"position\":3,\"name\":\"10x LED lampen met GU10 daglicht fitting 480lm &#8211; 4000K\"}]},{\"@type\":\"WebSite\",\"@id\":\"https:\\\/\\\/propixel.be\\\/#website\",\"url\":\"https:\\\/\\\/propixel.be\\\/\",\"name\":\"Propixel\",\"description\":\"D&#039;une id\u00e9e \u00e0 la r\u00e9alit\u00e9, notre m\u00e9tier !\",\"publisher\":{\"@id\":\"https:\\\/\\\/propixel.be\\\/#organization\"},\"potentialAction\":[{\"@type\":\"SearchAction\",\"target\":{\"@type\":\"EntryPoint\",\"urlTemplate\":\"https:\\\/\\\/propixel.be\\\/?s={search_term_string}\"},\"query-input\":{\"@type\":\"PropertyValueSpecification\",\"valueRequired\":true,\"valueName\":\"search_term_string\"}}],\"inLanguage\":\"nl-NL\"},{\"@type\":\"Organization\",\"@id\":\"https:\\\/\\\/propixel.be\\\/#organization\",\"name\":\"Aykan Deveci\",\"alternateName\":\"Aykan Deveci\",\"url\":\"https:\\\/\\\/propixel.be\\\/\",\"logo\":{\"@type\":\"ImageObject\",\"inLanguage\":\"nl-NL\",\"@id\":\"https:\\\/\\\/propixel.be\\\/#\\\/schema\\\/logo\\\/image\\\/\",\"url\":\"https:\\\/\\\/propixel.be\\\/wp-content\\\/uploads\\\/2023\\\/06\\\/styky-logo.png\",\"contentUrl\":\"https:\\\/\\\/propixel.be\\\/wp-content\\\/uploads\\\/2023\\\/06\\\/styky-logo.png\",\"width\":243,\"height\":75,\"caption\":\"Aykan Deveci\"},\"image\":{\"@id\":\"https:\\\/\\\/propixel.be\\\/#\\\/schema\\\/logo\\\/image\\\/\"},\"sameAs\":[\"https:\\\/\\\/www.facebook.com\\\/propixel\",\"https:\\\/\\\/www.tiktok.com\\\/@propixel.design\",\"https:\\\/\\\/www.instagram.com\\\/propixel.design\\\/\"]}]}<\/script>\n<!-- \/ Yoast SEO Premium plugin. -->","yoast_head_json":{"title":"KALENZOO GU10 LED-lampen - Energiebesparing en verlichting","description":"Ontdek de KALENZOO GU10 LED-lampen. Bespaar energie met krachtige verlichting. Duurzaamheid, kwaliteit en effici\u00ebntie om uw ruimte te verlichten.","robots":{"index":"index","follow":"follow","max-snippet":"max-snippet:-1","max-image-preview":"max-image-preview:large","max-video-preview":"max-video-preview:-1"},"canonical":"https:\/\/propixel.be\/nl\/product\/lampen-led-groef-douille-gu10-daglicht-480lm\/","og_locale":"nl_NL","og_type":"article","og_title":"10x LED lampen met GU10 daglicht fitting 480lm - 4000K","og_description":"Ontdek de KALENZOO GU10 LED-lampen. Bespaar energie met krachtige verlichting. Duurzaamheid, kwaliteit en effici\u00ebntie om uw ruimte te verlichten.","og_url":"https:\/\/propixel.be\/nl\/product\/lampen-led-groef-douille-gu10-daglicht-480lm\/","og_site_name":"Propixel","article_publisher":"https:\/\/www.facebook.com\/propixel","article_modified_time":"2025-07-31T11:26:50+00:00","og_image":[{"width":1000,"height":1000,"url":"https:\/\/propixel.be\/wp-content\/uploads\/2021\/09\/template2.jpg","type":"image\/jpeg"}],"twitter_card":"summary_large_image","twitter_misc":{"Geschatte leestijd":"2 minuten"},"schema":{"@context":"https:\/\/schema.org","@graph":[{"@type":"WebPage","@id":"https:\/\/propixel.be\/nl\/product\/lampen-led-groef-douille-gu10-daglicht-480lm\/","url":"https:\/\/propixel.be\/nl\/product\/lampen-led-groef-douille-gu10-daglicht-480lm\/","name":"KALENZOO GU10 LED-lampen - Energiebesparing en verlichting","isPartOf":{"@id":"https:\/\/propixel.be\/#website"},"primaryImageOfPage":{"@id":"https:\/\/propixel.be\/nl\/product\/lampen-led-groef-douille-gu10-daglicht-480lm\/#primaryimage"},"image":{"@id":"https:\/\/propixel.be\/nl\/product\/lampen-led-groef-douille-gu10-daglicht-480lm\/#primaryimage"},"thumbnailUrl":"https:\/\/propixel.be\/wp-content\/uploads\/2021\/09\/template2.jpg","datePublished":"2021-09-23T17:31:49+00:00","dateModified":"2025-07-31T11:26:50+00:00","description":"Ontdek de KALENZOO GU10 LED-lampen. Bespaar energie met krachtige verlichting. Duurzaamheid, kwaliteit en effici\u00ebntie om uw ruimte te verlichten.","breadcrumb":{"@id":"https:\/\/propixel.be\/nl\/product\/lampen-led-groef-douille-gu10-daglicht-480lm\/#breadcrumb"},"inLanguage":"nl-NL","potentialAction":[{"@type":"ReadAction","target":["https:\/\/propixel.be\/nl\/product\/lampen-led-groef-douille-gu10-daglicht-480lm\/"]}]},{"@type":"ImageObject","inLanguage":"nl-NL","@id":"https:\/\/propixel.be\/nl\/product\/lampen-led-groef-douille-gu10-daglicht-480lm\/#primaryimage","url":"https:\/\/propixel.be\/wp-content\/uploads\/2021\/09\/template2.jpg","contentUrl":"https:\/\/propixel.be\/wp-content\/uploads\/2021\/09\/template2.jpg","width":1000,"height":1000,"caption":"Lampes LED avec douille GU10 cool"},{"@type":"BreadcrumbList","@id":"https:\/\/propixel.be\/nl\/product\/lampen-led-groef-douille-gu10-daglicht-480lm\/#breadcrumb","itemListElement":[{"@type":"ListItem","position":1,"name":"Welkom","item":"https:\/\/propixel.be\/"},{"@type":"ListItem","position":2,"name":"Winkelen","item":"https:\/\/propixel.be\/nl\/kledingwinkel\/"},{"@type":"ListItem","position":3,"name":"10x LED lampen met GU10 daglicht fitting 480lm &#8211; 4000K"}]},{"@type":"WebSite","@id":"https:\/\/propixel.be\/#website","url":"https:\/\/propixel.be\/","name":"Propixel","description":"D&#039;une id\u00e9e \u00e0 la r\u00e9alit\u00e9, notre m\u00e9tier !","publisher":{"@id":"https:\/\/propixel.be\/#organization"},"potentialAction":[{"@type":"SearchAction","target":{"@type":"EntryPoint","urlTemplate":"https:\/\/propixel.be\/?s={search_term_string}"},"query-input":{"@type":"PropertyValueSpecification","valueRequired":true,"valueName":"search_term_string"}}],"inLanguage":"nl-NL"},{"@type":"Organization","@id":"https:\/\/propixel.be\/#organization","name":"Aykan Deveci","alternateName":"Aykan Deveci","url":"https:\/\/propixel.be\/","logo":{"@type":"ImageObject","inLanguage":"nl-NL","@id":"https:\/\/propixel.be\/#\/schema\/logo\/image\/","url":"https:\/\/propixel.be\/wp-content\/uploads\/2023\/06\/styky-logo.png","contentUrl":"https:\/\/propixel.be\/wp-content\/uploads\/2023\/06\/styky-logo.png","width":243,"height":75,"caption":"Aykan Deveci"},"image":{"@id":"https:\/\/propixel.be\/#\/schema\/logo\/image\/"},"sameAs":["https:\/\/www.facebook.com\/propixel","https:\/\/www.tiktok.com\/@propixel.design","https:\/\/www.instagram.com\/propixel.design\/"]}]}},"_links":{"self":[{"href":"https:\/\/propixel.be\/nl\/wp-json\/wp\/v2\/product\/16524","targetHints":{"allow":["GET"]}}],"collection":[{"href":"https:\/\/propixel.be\/nl\/wp-json\/wp\/v2\/product"}],"about":[{"href":"https:\/\/propixel.be\/nl\/wp-json\/wp\/v2\/types\/product"}],"replies":[{"embeddable":true,"href":"https:\/\/propixel.be\/nl\/wp-json\/wp\/v2\/comments?post=16524"}],"version-history":[{"count":0,"href":"https:\/\/propixel.be\/nl\/wp-json\/wp\/v2\/product\/16524\/revisions"}],"wp:featuredmedia":[{"embeddable":true,"href":"https:\/\/propixel.be\/nl\/wp-json\/wp\/v2\/media\/14409"}],"wp:attachment":[{"href":"https:\/\/propixel.be\/nl\/wp-json\/wp\/v2\/media?parent=16524"}],"wp:term":[{"taxonomy":"product_brand","embeddable":true,"href":"https:\/\/propixel.be\/nl\/wp-json\/wp\/v2\/product_brand?post=16524"},{"taxonomy":"product_cat","embeddable":true,"href":"https:\/\/propixel.be\/nl\/wp-json\/wp\/v2\/product_cat?post=16524"},{"taxonomy":"product_tag","embeddable":true,"href":"https:\/\/propixel.be\/nl\/wp-json\/wp\/v2\/product_tag?post=16524"}],"curies":[{"name":"wp","href":"https:\/\/api.w.org\/{rel}","templated":true}]}}