{"id":16520,"date":"2021-09-23T21:19:07","date_gmt":"2021-09-23T19:19:07","guid":{"rendered":"https:\/\/propixel.be\/boutique\/armature-ip65-noir-en-aluminium-pour-lampe-spot\/"},"modified":"2025-07-31T13:26:49","modified_gmt":"2025-07-31T11:26:49","slug":"armatuur-ip65-noir-en-aluminium-pour-lampe-spot","status":"publish","type":"product","link":"https:\/\/propixel.be\/nl\/product\/armatuur-ip65-noir-en-aluminium-pour-lampe-spot\/","title":{"rendered":"IP65 zwarte aluminium fitting voor spot;"},"content":{"rendered":"<div class=\"flex-1 overflow-hidden\">\n<div class=\"react-scroll-to-bottom--css-zafna-79elbk h-full\">\n<div class=\"react-scroll-to-bottom--css-zafna-1n7m0yu\">\n<div class=\"flex flex-col pb-9 text-sm\">\n<div class=\"w-full text-token-text-primary\" data-testid=\"conversation-turn-19\">\n<div class=\"px-4 py-2 justify-center text-base md:gap-6 m-auto\">\n<div class=\"flex flex-1 text-base mx-auto gap-3 md:px-5 lg:px-1 xl:px-5 md:max-w-3xl lg:max-w-[40rem] xl:max-w-[48rem] group final-completion\">\n<div class=\"relative flex w-full flex-col lg:w-[calc(100%-115px)] agent-turn\">\n<div class=\"flex-col gap-1 md:gap-3\">\n<div class=\"flex flex-grow flex-col max-w-full\">\n<div class=\"min-h-[20px] text-message flex flex-col items-start gap-3 whitespace-pre-wrap break-words [.text-message+&amp;]:mt-5 overflow-x-auto\" data-message-author-role=\"assistant\" data-message-id=\"7bef4d6f-d490-4a3a-811f-a67078b204ed\">\n<div class=\"markdown prose w-full break-words dark:prose-invert light\">\n<h3>IP65 zwart aluminium frame: een combinatie van elegantie en weerstand<\/h3>\n<p>Het IP65 zwarte aluminium frame is de perfecte combinatie van modern design en duurzaamheid en biedt een geavanceerde oplossing om uw verlichtingservaring met een spot naar een hoger niveau te tillen.<\/p>\n<h4><strong><a href=\"https:\/\/www.sfneclairages.fr\/\">Zwart aluminium<\/a> ontwerp: moderne elegantie<\/strong><\/h4>\n<p>De eigentijdse esthetiek van dit frame voegt een vleugje moderniteit toe aan uw ruimte. Het is gemaakt van zwart aluminium en past naadloos in elk interieur, terwijl het betrouwbare bescherming biedt tegen de elementen. <\/p>\n<h4><strong>Optimale bescherming IP65: versterkte waterbestendigheid<\/strong><\/h4>\n<p>De IP65-classificatie garandeert een superieure waterbestendigheid, waardoor dit armatuur een ideale keuze is voor vochtige ruimtes. Of het nu in de badkamer of buiten is, uw spot profiteert van een verhoogde duurzaamheid. <\/p>\n<h4><strong>Positioneringsflexibiliteit: 40\u00b0 draaibaar<\/strong><\/h4>\n<p>Dankzij de 40\u00b0 draaibaarheid biedt dit armatuur maximale flexibiliteit in lichtrichting. Pas de lichthoek eenvoudig aan om specifieke plekken te accentueren of specifieke gebieden te verlichten, geheel naar eigen voorkeur. <\/p>\n<h4><strong>Veelzijdig gebruik: binnen en buiten<\/strong><\/h4>\n<p>Of u nu uw badkamer elegant wilt verlichten of een gastvrije sfeer buiten wilt cre\u00ebren, het IP65 zwarte aluminium frame is geschikt voor alle toepassingen. Door zijn veelzijdigheid is het een onmisbaar verlichtingsaccessoire. <\/p>\n<h4><strong>Veilige en esthetische keuze: het merk Kalenzoo<\/strong><\/h4>\n<p>Kies voor kwaliteit met het merk Kalenzoo. De IP65 zwarte armatuur belichaamt een toewijding aan innovatie en betrouwbaarheid en biedt een verlichtingsoplossing waar duurzaamheid en design samenkomen. <\/p>\n<p><a href=\"https:\/\/propixel.be\/nl\/\">Transformeer uw ruimte<\/a> met de IP65 zwarte aluminium armatuur. Deze armatuur combineert functionaliteit en esthetiek en gaat verder dan gewone verlichting, wat keer op keer een uitzonderlijke ervaring oplevert. Kies voor kwaliteit en elegantie voor een onge\u00ebvenaarde lichtsfeer.  <\/p>\n<p>Herdefinieer de kunst van verlichting met de IP65 zwarte aluminium armatuur, een oplossing die op ingenieuze wijze verfijning en duurzaamheid combineert.<\/p>\n<\/div>\n<\/div>\n<\/div>\n<\/div>\n<\/div>\n<\/div>\n<\/div>\n<\/div>\n<\/div>\n<\/div>\n<\/div>\n<\/div>\n","protected":false},"excerpt":{"rendered":"<p><strong>MATERIAAL<\/strong> : Aluminium<br \/>\n <strong>DRAAIBAAR:<\/strong> ja bij 40\u00b0<br \/>\n <strong>KLEUR<\/strong> : Zwart<br \/>\n <strong>STOFBESTENDIG<\/strong> : Ja<br \/>\n WATERSTRAALBESTENDIG: <strong>ja<\/strong><br \/>\n <strong>GEBRUIK<\/strong> : Badkamer of buiten<\/p>\n","protected":false},"featured_media":14273,"comment_status":"open","ping_status":"closed","template":"","meta":[],"product_brand":[],"product_cat":[195],"product_tag":[],"class_list":{"0":"post-16520","1":"product","2":"type-product","3":"status-publish","4":"has-post-thumbnail","6":"product_cat-lampen","7":"product_shipping_class-probo-nl","9":"first","10":"outofstock","11":"taxable","12":"shipping-taxable","13":"purchasable","14":"product-type-simple"},"yoast_head":"<!-- This site is optimized with the Yoast SEO Premium plugin v22.9 (Yoast SEO v27.3) - https:\/\/yoast.com\/product\/yoast-seo-premium-wordpress\/ -->\n<title>IP65 zwart aluminium frame voor spotlamp: de oplossing<\/title>\n<meta name=\"description\" content=\"Ontdek de elegantie en duurzaamheid van het IP65 zwarte aluminium frame, ideaal voor uw spot. Een waterdichte oplossing voor verfijnde verlichting.\" \/>\n<meta name=\"robots\" content=\"index, follow, max-snippet:-1, max-image-preview:large, max-video-preview:-1\" \/>\n<link rel=\"canonical\" href=\"https:\/\/propixel.be\/nl\/product\/armatuur-ip65-noir-en-aluminium-pour-lampe-spot\/\" \/>\n<meta property=\"og:locale\" content=\"nl_NL\" \/>\n<meta property=\"og:type\" content=\"article\" \/>\n<meta property=\"og:title\" content=\"IP65 zwarte aluminium fitting voor spot;\" \/>\n<meta property=\"og:description\" content=\"Ontdek de elegantie en duurzaamheid van het IP65 zwarte aluminium frame, ideaal voor uw spot. Een waterdichte oplossing voor verfijnde verlichting.\" \/>\n<meta property=\"og:url\" content=\"https:\/\/propixel.be\/nl\/product\/armatuur-ip65-noir-en-aluminium-pour-lampe-spot\/\" \/>\n<meta property=\"og:site_name\" content=\"Propixel\" \/>\n<meta property=\"article:publisher\" content=\"https:\/\/www.facebook.com\/propixel\" \/>\n<meta property=\"article:modified_time\" content=\"2025-07-31T11:26:49+00:00\" \/>\n<meta property=\"og:image\" content=\"https:\/\/propixel.be\/wp-content\/uploads\/2021\/09\/1-5.jpg\" \/>\n\t<meta property=\"og:image:width\" content=\"800\" \/>\n\t<meta property=\"og:image:height\" content=\"800\" \/>\n\t<meta property=\"og:image:type\" content=\"image\/jpeg\" \/>\n<meta name=\"twitter:card\" content=\"summary_large_image\" \/>\n<meta name=\"twitter:label1\" content=\"Geschatte leestijd\" \/>\n\t<meta name=\"twitter:data1\" content=\"1 minuut\" \/>\n<script type=\"application\/ld+json\" class=\"yoast-schema-graph\">{\"@context\":\"https:\\\/\\\/schema.org\",\"@graph\":[{\"@type\":\"WebPage\",\"@id\":\"https:\\\/\\\/propixel.be\\\/nl\\\/product\\\/armatuur-ip65-noir-en-aluminium-pour-lampe-spot\\\/\",\"url\":\"https:\\\/\\\/propixel.be\\\/nl\\\/product\\\/armatuur-ip65-noir-en-aluminium-pour-lampe-spot\\\/\",\"name\":\"IP65 zwart aluminium frame voor spotlamp: de oplossing\",\"isPartOf\":{\"@id\":\"https:\\\/\\\/propixel.be\\\/#website\"},\"primaryImageOfPage\":{\"@id\":\"https:\\\/\\\/propixel.be\\\/nl\\\/product\\\/armatuur-ip65-noir-en-aluminium-pour-lampe-spot\\\/#primaryimage\"},\"image\":{\"@id\":\"https:\\\/\\\/propixel.be\\\/nl\\\/product\\\/armatuur-ip65-noir-en-aluminium-pour-lampe-spot\\\/#primaryimage\"},\"thumbnailUrl\":\"https:\\\/\\\/propixel.be\\\/wp-content\\\/uploads\\\/2021\\\/09\\\/1-5.jpg\",\"datePublished\":\"2021-09-23T19:19:07+00:00\",\"dateModified\":\"2025-07-31T11:26:49+00:00\",\"description\":\"Ontdek de elegantie en duurzaamheid van het IP65 zwarte aluminium frame, ideaal voor uw spot. Een waterdichte oplossing voor verfijnde verlichting.\",\"breadcrumb\":{\"@id\":\"https:\\\/\\\/propixel.be\\\/nl\\\/product\\\/armatuur-ip65-noir-en-aluminium-pour-lampe-spot\\\/#breadcrumb\"},\"inLanguage\":\"nl-NL\",\"potentialAction\":[{\"@type\":\"ReadAction\",\"target\":[\"https:\\\/\\\/propixel.be\\\/nl\\\/product\\\/armatuur-ip65-noir-en-aluminium-pour-lampe-spot\\\/\"]}]},{\"@type\":\"ImageObject\",\"inLanguage\":\"nl-NL\",\"@id\":\"https:\\\/\\\/propixel.be\\\/nl\\\/product\\\/armatuur-ip65-noir-en-aluminium-pour-lampe-spot\\\/#primaryimage\",\"url\":\"https:\\\/\\\/propixel.be\\\/wp-content\\\/uploads\\\/2021\\\/09\\\/1-5.jpg\",\"contentUrl\":\"https:\\\/\\\/propixel.be\\\/wp-content\\\/uploads\\\/2021\\\/09\\\/1-5.jpg\",\"width\":800,\"height\":800,\"caption\":\"Armature IP65 en Aluminium\"},{\"@type\":\"BreadcrumbList\",\"@id\":\"https:\\\/\\\/propixel.be\\\/nl\\\/product\\\/armatuur-ip65-noir-en-aluminium-pour-lampe-spot\\\/#breadcrumb\",\"itemListElement\":[{\"@type\":\"ListItem\",\"position\":1,\"name\":\"Welkom\",\"item\":\"https:\\\/\\\/propixel.be\\\/\"},{\"@type\":\"ListItem\",\"position\":2,\"name\":\"Winkelen\",\"item\":\"https:\\\/\\\/propixel.be\\\/nl\\\/kledingwinkel\\\/\"},{\"@type\":\"ListItem\",\"position\":3,\"name\":\"IP65 zwarte aluminium fitting voor spot;\"}]},{\"@type\":\"WebSite\",\"@id\":\"https:\\\/\\\/propixel.be\\\/#website\",\"url\":\"https:\\\/\\\/propixel.be\\\/\",\"name\":\"Propixel\",\"description\":\"D&#039;une id\u00e9e \u00e0 la r\u00e9alit\u00e9, notre m\u00e9tier !\",\"publisher\":{\"@id\":\"https:\\\/\\\/propixel.be\\\/#organization\"},\"potentialAction\":[{\"@type\":\"SearchAction\",\"target\":{\"@type\":\"EntryPoint\",\"urlTemplate\":\"https:\\\/\\\/propixel.be\\\/?s={search_term_string}\"},\"query-input\":{\"@type\":\"PropertyValueSpecification\",\"valueRequired\":true,\"valueName\":\"search_term_string\"}}],\"inLanguage\":\"nl-NL\"},{\"@type\":\"Organization\",\"@id\":\"https:\\\/\\\/propixel.be\\\/#organization\",\"name\":\"Aykan Deveci\",\"alternateName\":\"Aykan Deveci\",\"url\":\"https:\\\/\\\/propixel.be\\\/\",\"logo\":{\"@type\":\"ImageObject\",\"inLanguage\":\"nl-NL\",\"@id\":\"https:\\\/\\\/propixel.be\\\/#\\\/schema\\\/logo\\\/image\\\/\",\"url\":\"https:\\\/\\\/propixel.be\\\/wp-content\\\/uploads\\\/2023\\\/06\\\/styky-logo.png\",\"contentUrl\":\"https:\\\/\\\/propixel.be\\\/wp-content\\\/uploads\\\/2023\\\/06\\\/styky-logo.png\",\"width\":243,\"height\":75,\"caption\":\"Aykan Deveci\"},\"image\":{\"@id\":\"https:\\\/\\\/propixel.be\\\/#\\\/schema\\\/logo\\\/image\\\/\"},\"sameAs\":[\"https:\\\/\\\/www.facebook.com\\\/propixel\",\"https:\\\/\\\/www.tiktok.com\\\/@propixel.design\",\"https:\\\/\\\/www.instagram.com\\\/propixel.design\\\/\"]}]}<\/script>\n<!-- \/ Yoast SEO Premium plugin. -->","yoast_head_json":{"title":"IP65 zwart aluminium frame voor spotlamp: de oplossing","description":"Ontdek de elegantie en duurzaamheid van het IP65 zwarte aluminium frame, ideaal voor uw spot. Een waterdichte oplossing voor verfijnde verlichting.","robots":{"index":"index","follow":"follow","max-snippet":"max-snippet:-1","max-image-preview":"max-image-preview:large","max-video-preview":"max-video-preview:-1"},"canonical":"https:\/\/propixel.be\/nl\/product\/armatuur-ip65-noir-en-aluminium-pour-lampe-spot\/","og_locale":"nl_NL","og_type":"article","og_title":"IP65 zwarte aluminium fitting voor spot;","og_description":"Ontdek de elegantie en duurzaamheid van het IP65 zwarte aluminium frame, ideaal voor uw spot. Een waterdichte oplossing voor verfijnde verlichting.","og_url":"https:\/\/propixel.be\/nl\/product\/armatuur-ip65-noir-en-aluminium-pour-lampe-spot\/","og_site_name":"Propixel","article_publisher":"https:\/\/www.facebook.com\/propixel","article_modified_time":"2025-07-31T11:26:49+00:00","og_image":[{"width":800,"height":800,"url":"https:\/\/propixel.be\/wp-content\/uploads\/2021\/09\/1-5.jpg","type":"image\/jpeg"}],"twitter_card":"summary_large_image","twitter_misc":{"Geschatte leestijd":"1 minuut"},"schema":{"@context":"https:\/\/schema.org","@graph":[{"@type":"WebPage","@id":"https:\/\/propixel.be\/nl\/product\/armatuur-ip65-noir-en-aluminium-pour-lampe-spot\/","url":"https:\/\/propixel.be\/nl\/product\/armatuur-ip65-noir-en-aluminium-pour-lampe-spot\/","name":"IP65 zwart aluminium frame voor spotlamp: de oplossing","isPartOf":{"@id":"https:\/\/propixel.be\/#website"},"primaryImageOfPage":{"@id":"https:\/\/propixel.be\/nl\/product\/armatuur-ip65-noir-en-aluminium-pour-lampe-spot\/#primaryimage"},"image":{"@id":"https:\/\/propixel.be\/nl\/product\/armatuur-ip65-noir-en-aluminium-pour-lampe-spot\/#primaryimage"},"thumbnailUrl":"https:\/\/propixel.be\/wp-content\/uploads\/2021\/09\/1-5.jpg","datePublished":"2021-09-23T19:19:07+00:00","dateModified":"2025-07-31T11:26:49+00:00","description":"Ontdek de elegantie en duurzaamheid van het IP65 zwarte aluminium frame, ideaal voor uw spot. Een waterdichte oplossing voor verfijnde verlichting.","breadcrumb":{"@id":"https:\/\/propixel.be\/nl\/product\/armatuur-ip65-noir-en-aluminium-pour-lampe-spot\/#breadcrumb"},"inLanguage":"nl-NL","potentialAction":[{"@type":"ReadAction","target":["https:\/\/propixel.be\/nl\/product\/armatuur-ip65-noir-en-aluminium-pour-lampe-spot\/"]}]},{"@type":"ImageObject","inLanguage":"nl-NL","@id":"https:\/\/propixel.be\/nl\/product\/armatuur-ip65-noir-en-aluminium-pour-lampe-spot\/#primaryimage","url":"https:\/\/propixel.be\/wp-content\/uploads\/2021\/09\/1-5.jpg","contentUrl":"https:\/\/propixel.be\/wp-content\/uploads\/2021\/09\/1-5.jpg","width":800,"height":800,"caption":"Armature IP65 en Aluminium"},{"@type":"BreadcrumbList","@id":"https:\/\/propixel.be\/nl\/product\/armatuur-ip65-noir-en-aluminium-pour-lampe-spot\/#breadcrumb","itemListElement":[{"@type":"ListItem","position":1,"name":"Welkom","item":"https:\/\/propixel.be\/"},{"@type":"ListItem","position":2,"name":"Winkelen","item":"https:\/\/propixel.be\/nl\/kledingwinkel\/"},{"@type":"ListItem","position":3,"name":"IP65 zwarte aluminium fitting voor spot;"}]},{"@type":"WebSite","@id":"https:\/\/propixel.be\/#website","url":"https:\/\/propixel.be\/","name":"Propixel","description":"D&#039;une id\u00e9e \u00e0 la r\u00e9alit\u00e9, notre m\u00e9tier !","publisher":{"@id":"https:\/\/propixel.be\/#organization"},"potentialAction":[{"@type":"SearchAction","target":{"@type":"EntryPoint","urlTemplate":"https:\/\/propixel.be\/?s={search_term_string}"},"query-input":{"@type":"PropertyValueSpecification","valueRequired":true,"valueName":"search_term_string"}}],"inLanguage":"nl-NL"},{"@type":"Organization","@id":"https:\/\/propixel.be\/#organization","name":"Aykan Deveci","alternateName":"Aykan Deveci","url":"https:\/\/propixel.be\/","logo":{"@type":"ImageObject","inLanguage":"nl-NL","@id":"https:\/\/propixel.be\/#\/schema\/logo\/image\/","url":"https:\/\/propixel.be\/wp-content\/uploads\/2023\/06\/styky-logo.png","contentUrl":"https:\/\/propixel.be\/wp-content\/uploads\/2023\/06\/styky-logo.png","width":243,"height":75,"caption":"Aykan Deveci"},"image":{"@id":"https:\/\/propixel.be\/#\/schema\/logo\/image\/"},"sameAs":["https:\/\/www.facebook.com\/propixel","https:\/\/www.tiktok.com\/@propixel.design","https:\/\/www.instagram.com\/propixel.design\/"]}]}},"_links":{"self":[{"href":"https:\/\/propixel.be\/nl\/wp-json\/wp\/v2\/product\/16520","targetHints":{"allow":["GET"]}}],"collection":[{"href":"https:\/\/propixel.be\/nl\/wp-json\/wp\/v2\/product"}],"about":[{"href":"https:\/\/propixel.be\/nl\/wp-json\/wp\/v2\/types\/product"}],"replies":[{"embeddable":true,"href":"https:\/\/propixel.be\/nl\/wp-json\/wp\/v2\/comments?post=16520"}],"version-history":[{"count":0,"href":"https:\/\/propixel.be\/nl\/wp-json\/wp\/v2\/product\/16520\/revisions"}],"wp:featuredmedia":[{"embeddable":true,"href":"https:\/\/propixel.be\/nl\/wp-json\/wp\/v2\/media\/14273"}],"wp:attachment":[{"href":"https:\/\/propixel.be\/nl\/wp-json\/wp\/v2\/media?parent=16520"}],"wp:term":[{"taxonomy":"product_brand","embeddable":true,"href":"https:\/\/propixel.be\/nl\/wp-json\/wp\/v2\/product_brand?post=16520"},{"taxonomy":"product_cat","embeddable":true,"href":"https:\/\/propixel.be\/nl\/wp-json\/wp\/v2\/product_cat?post=16520"},{"taxonomy":"product_tag","embeddable":true,"href":"https:\/\/propixel.be\/nl\/wp-json\/wp\/v2\/product_tag?post=16520"}],"curies":[{"name":"wp","href":"https:\/\/api.w.org\/{rel}","templated":true}]}}