{"id":16494,"date":"2023-06-14T03:38:00","date_gmt":"2023-06-14T01:38:00","guid":{"rendered":"https:\/\/propixel.be\/een-offerte-aanvragen\/"},"modified":"2023-07-07T09:06:25","modified_gmt":"2023-07-07T07:06:25","slug":"een-offerte-aanvragen","status":"publish","type":"page","link":"https:\/\/propixel.be\/nl\/een-offerte-aanvragen\/","title":{"rendered":"Een offerte aanvragen"},"content":{"rendered":"\n<div class=\"wp-block-contact-form-7-contact-form-selector\">\n<div class=\"wpcf7 no-js\" id=\"wpcf7-f10280-o1\" lang=\"fr-FR\" dir=\"ltr\" data-wpcf7-id=\"10280\">\n<div class=\"screen-reader-response\"><p role=\"status\" aria-live=\"polite\" aria-atomic=\"true\"><\/p> <ul><\/ul><\/div>\n<form action=\"\/nl\/wp-json\/wp\/v2\/pages\/16494#wpcf7-f10280-o1\" method=\"post\" class=\"wpcf7-form init\" aria-label=\"Formulaire de contact\" enctype=\"multipart\/form-data\" novalidate=\"novalidate\" data-status=\"init\">\n<fieldset class=\"hidden-fields-container\"><input type=\"hidden\" name=\"_wpcf7\" value=\"10280\" \/><input type=\"hidden\" name=\"_wpcf7_version\" value=\"6.1.5\" \/><input type=\"hidden\" name=\"_wpcf7_locale\" value=\"fr_FR\" \/><input type=\"hidden\" name=\"_wpcf7_unit_tag\" value=\"wpcf7-f10280-o1\" \/><input type=\"hidden\" name=\"_wpcf7_container_post\" value=\"0\" \/><input type=\"hidden\" name=\"_wpcf7_posted_data_hash\" value=\"\" \/>\n<\/fieldset>\n<h2>Vos coordonn\u00e9es de contact\n<\/h2>\n<p><label> Votre nom*<br \/>\n<span class=\"wpcf7-form-control-wrap\" data-name=\"your-name\"><input size=\"40\" maxlength=\"400\" class=\"wpcf7-form-control wpcf7-text wpcf7-validates-as-required\" autocomplete=\"name\" aria-required=\"true\" aria-invalid=\"false\" value=\"\" type=\"text\" name=\"your-name\" \/><\/span> <\/label>\n<\/p>\n<p><label> Votre e-mail*<br \/>\n<span class=\"wpcf7-form-control-wrap\" data-name=\"your-email\"><input size=\"40\" maxlength=\"400\" class=\"wpcf7-form-control wpcf7-email wpcf7-validates-as-required wpcf7-text wpcf7-validates-as-email\" autocomplete=\"email\" aria-required=\"true\" aria-invalid=\"false\" value=\"\" type=\"email\" name=\"your-email\" \/><\/span> <\/label>\n<\/p>\n<p><label> Votre T\u00e9l\u00e9phone*<br \/>\n<span class=\"wpcf7-form-control-wrap\" data-name=\"tel-182\"><input size=\"40\" maxlength=\"400\" class=\"wpcf7-form-control wpcf7-tel wpcf7-validates-as-required wpcf7-text wpcf7-validates-as-tel\" aria-required=\"true\" aria-invalid=\"false\" value=\"\" type=\"tel\" name=\"tel-182\" \/><\/span> <\/label>\n<\/p>\n<h2>Vos coordonn\u00e9es de contact\n<\/h2>\n<p><label> Rue*<br \/>\n<span class=\"wpcf7-form-control-wrap\" data-name=\"Rue\"><input size=\"40\" maxlength=\"400\" class=\"wpcf7-form-control wpcf7-text wpcf7-validates-as-required\" aria-required=\"true\" aria-invalid=\"false\" value=\"\" type=\"text\" name=\"Rue\" \/><\/span><\/label>\n<\/p>\n<p><label> Numero*<br \/>\n<span class=\"wpcf7-form-control-wrap\" data-name=\"Numero\"><input size=\"40\" maxlength=\"400\" class=\"wpcf7-form-control wpcf7-text wpcf7-validates-as-required\" aria-required=\"true\" aria-invalid=\"false\" value=\"\" type=\"text\" name=\"Numero\" \/><\/span><\/label>\n<\/p>\n<p><label> Code postal*<br \/>\n<span class=\"wpcf7-form-control-wrap\" data-name=\"Postal\"><input size=\"40\" maxlength=\"400\" class=\"wpcf7-form-control wpcf7-text wpcf7-validates-as-required\" aria-required=\"true\" aria-invalid=\"false\" value=\"\" type=\"text\" name=\"Postal\" \/><\/span><\/label>\n<\/p>\n<p><label> Ville*<br \/>\n<span class=\"wpcf7-form-control-wrap\" data-name=\"Ville\"><input size=\"40\" maxlength=\"400\" class=\"wpcf7-form-control wpcf7-text wpcf7-validates-as-required\" aria-required=\"true\" aria-invalid=\"false\" value=\"\" type=\"text\" name=\"Ville\" \/><\/span><\/label>\n<\/p>\n<h2>Votre demande\n<\/h2>\n<p><label> POUR QUEL TYPE D\u2019INTERVENTION SOUHAITEZ-VOUS UN DEVIS? *<\/label><br \/>\n<span class=\"wpcf7-form-control-wrap\" data-name=\"checkbox-439\"><span class=\"wpcf7-form-control wpcf7-checkbox wpcf7-validates-as-required\"><span class=\"wpcf7-list-item first\"><label><input type=\"checkbox\" name=\"checkbox-439[]\" value=\"Logo\" \/><span class=\"wpcf7-list-item-label\">Logo<\/span><\/label><\/span><span class=\"wpcf7-list-item\"><label><input type=\"checkbox\" name=\"checkbox-439[]\" value=\"Enseigne\" \/><span class=\"wpcf7-list-item-label\">Enseigne<\/span><\/label><\/span><span class=\"wpcf7-list-item\"><label><input type=\"checkbox\" name=\"checkbox-439[]\" value=\"Flyers\" \/><span class=\"wpcf7-list-item-label\">Flyers<\/span><\/label><\/span><span class=\"wpcf7-list-item\"><label><input type=\"checkbox\" name=\"checkbox-439[]\" value=\"Lettrage\" \/><span class=\"wpcf7-list-item-label\">Lettrage<\/span><\/label><\/span><span class=\"wpcf7-list-item\"><label><input type=\"checkbox\" name=\"checkbox-439[]\" value=\"Habillage voiture\" \/><span class=\"wpcf7-list-item-label\">Habillage voiture<\/span><\/label><\/span><span class=\"wpcf7-list-item\"><label><input type=\"checkbox\" name=\"checkbox-439[]\" value=\"Identit\u00e9 compl\u00e8te\" \/><span class=\"wpcf7-list-item-label\">Identit\u00e9 compl\u00e8te<\/span><\/label><\/span><span class=\"wpcf7-list-item\"><label><input type=\"checkbox\" name=\"checkbox-439[]\" value=\"Carte de visite\" \/><span class=\"wpcf7-list-item-label\">Carte de visite<\/span><\/label><\/span><span class=\"wpcf7-list-item\"><label><input type=\"checkbox\" name=\"checkbox-439[]\" value=\"Photographie\" \/><span class=\"wpcf7-list-item-label\">Photographie<\/span><\/label><\/span><span class=\"wpcf7-list-item\"><label><input type=\"checkbox\" name=\"checkbox-439[]\" value=\"Vid\u00e9o\" \/><span class=\"wpcf7-list-item-label\">Vid\u00e9o<\/span><\/label><\/span><span class=\"wpcf7-list-item\"><label><input type=\"checkbox\" name=\"checkbox-439[]\" value=\"Totem\" \/><span class=\"wpcf7-list-item-label\">Totem<\/span><\/label><\/span><span class=\"wpcf7-list-item\"><label><input type=\"checkbox\" name=\"checkbox-439[]\" value=\"D\u00e9coration d&#039;int\u00e9rieur\" \/><span class=\"wpcf7-list-item-label\">D\u00e9coration d&#039;int\u00e9rieur<\/span><\/label><\/span><span class=\"wpcf7-list-item last\"><label><input type=\"checkbox\" name=\"checkbox-439[]\" value=\"Collage vitrine\" \/><span class=\"wpcf7-list-item-label\">Collage vitrine<\/span><\/label><\/span><\/span><\/span>\n<\/p>\n<h2>D\u00c9CRIVEZ VOTRE SITUATION (mesures, d\u00e9tail de ce que vous voulez)\n<\/h2>\n<p><label> Message*<br \/>\n<span class=\"wpcf7-form-control-wrap\" data-name=\"your-message\"><textarea cols=\"40\" rows=\"10\" maxlength=\"2000\" class=\"wpcf7-form-control wpcf7-textarea\" aria-invalid=\"false\" name=\"your-message\"><\/textarea><\/span> <\/label>\n<\/p>\n<h2>Pi\u00e8ces jointes (facultatif)\n<\/h2>\n<p><label> Fichier joint 1<br \/>\n<span class=\"wpcf7-form-control-wrap\" data-name=\"Fichiersjoint1\"><input size=\"40\" class=\"wpcf7-form-control wpcf7-file\" accept=\".pdf,.doc,.jpg,.png,.docx\" aria-invalid=\"false\" type=\"file\" name=\"Fichiersjoint1\" \/><\/span><\/label>\n<\/p>\n<p><label> Fichier joint 2<br \/>\n<span class=\"wpcf7-form-control-wrap\" data-name=\"Fichiersjoint2\"><input size=\"40\" class=\"wpcf7-form-control wpcf7-file\" accept=\".pdf,.doc,.jpg,.png,.docx\" aria-invalid=\"false\" type=\"file\" name=\"Fichiersjoint2\" \/><\/span><\/label>\n<\/p>\n<p><label> Fichier joint 3<br \/>\n<span class=\"wpcf7-form-control-wrap\" data-name=\"Fichiersjoint3\"><input size=\"40\" class=\"wpcf7-form-control wpcf7-file\" accept=\".pdf,.doc,.jpg,.png,.docx\" aria-invalid=\"false\" type=\"file\" name=\"Fichiersjoint3\" \/><\/span><\/label>\n<\/p>\n<p><label> Fichier joint 4<br \/>\n<span class=\"wpcf7-form-control-wrap\" data-name=\"Fichiersjoint4\"><input size=\"40\" class=\"wpcf7-form-control wpcf7-file\" accept=\".pdf,.doc,.jpg,.png,.docx\" aria-invalid=\"false\" type=\"file\" name=\"Fichiersjoint4\" \/><\/span><\/label>\n<\/p>\n<p><label> Fichier joint 5<br \/>\n<span class=\"wpcf7-form-control-wrap\" data-name=\"Fichiersjoint5\"><input size=\"40\" class=\"wpcf7-form-control wpcf7-file\" accept=\".pdf,.doc,.jpg,.png,.docx\" aria-invalid=\"false\" type=\"file\" name=\"Fichiersjoint5\" \/><\/span><\/label>\n<\/p>\n<p><label> Fichier joint 6<br \/>\n<span class=\"wpcf7-form-control-wrap\" data-name=\"Fichiersjoint6\"><input size=\"40\" class=\"wpcf7-form-control wpcf7-file\" accept=\".pdf,.doc,.jpg,.png,.docx\" aria-invalid=\"false\" type=\"file\" name=\"Fichiersjoint6\" \/><\/span><\/label>\n<\/p>\n<h2>V\u00e9rification\n<\/h2>\n<p><label>(recopier le texte ci-dessous)<br \/>\n<input type=\"hidden\" name=\"_wpcf7_captcha_challenge_captcha-1\" value=\"2365540722\" \/><img loading=\"lazy\" decoding=\"async\" class=\"wpcf7-form-control wpcf7-captchac wpcf7-captcha-captcha-1\" width=\"72\" height=\"24\" alt=\"captcha\" src=\"https:\/\/propixel.be\/wp-content\/uploads\/wpcf7_captcha\/2365540722.png\" \/><span class=\"wpcf7-form-control-wrap\" data-name=\"captcha-1\"><input size=\"40\" class=\"wpcf7-form-control wpcf7-captchar\" autocomplete=\"off\" aria-invalid=\"false\" value=\"\" type=\"text\" name=\"captcha-1\" \/><\/span><\/label>\n<\/p>\n<p><span class=\"wpcf7-form-control-wrap\" data-name=\"acceptance-897\"><span class=\"wpcf7-form-control wpcf7-acceptance\"><span class=\"wpcf7-list-item\"><label><input type=\"checkbox\" name=\"acceptance-897\" value=\"1\" aria-invalid=\"false\" \/><span class=\"wpcf7-list-item-label\">J'accepte la <a href=\"\/politique-de-confidentialite\">politique de confidentialite<\/a>*<\/span><\/label><\/span><\/span><\/span><br \/>\n<!-- Mailchimp for WordPress v4.12.1 - https:\/\/www.mc4wp.com\/ --><input type=\"hidden\" name=\"_mc4wp_subscribe_contact-form-7\" value=\"0\" \/><span class=\"mc4wp-checkbox mc4wp-checkbox-contact-form-7 \"><label><input type=\"checkbox\" name=\"_mc4wp_subscribe_contact-form-7\" value=\"1\" ><span>Schrijf me in voor de nieuwsbrief!<\/span><\/label><\/span><!-- \/ Mailchimp for WordPress -->\n<\/p>\n<p><input class=\"wpcf7-form-control wpcf7-submit has-spinner\" type=\"submit\" value=\"Envoyer\" \/>\n<\/p><div class=\"wpcf7-response-output\" aria-hidden=\"true\"><\/div>\n<\/form>\n<\/div>\n<\/div>\n","protected":false},"excerpt":{"rendered":"","protected":false},"author":1,"featured_media":0,"parent":0,"menu_order":0,"comment_status":"closed","ping_status":"closed","template":"elementor_theme","meta":{"footnotes":""},"class_list":["post-16494","page","type-page","status-publish","hentry"],"yoast_head":"<!-- This site is optimized with the Yoast SEO Premium plugin v22.9 (Yoast SEO v27.3) - https:\/\/yoast.com\/product\/yoast-seo-premium-wordpress\/ -->\n<title>-<\/title>\n<meta name=\"description\" content=\"Vraag een gepersonaliseerde offerte aan voor je lichtreclame en creatieve belettering. Ons team van experts staat klaar om je te helpen je te onderscheiden van de massa met unieke en krachtige oplossingen. Vraag nu een gratis offerte aan om je aanwezigheid op te fleuren.\" \/>\n<meta name=\"robots\" content=\"index, follow, max-snippet:-1, max-image-preview:large, max-video-preview:-1\" \/>\n<link rel=\"canonical\" href=\"https:\/\/propixel.be\/nl\/een-offerte-aanvragen\/\" \/>\n<meta property=\"og:locale\" content=\"nl_NL\" \/>\n<meta property=\"og:type\" content=\"article\" \/>\n<meta property=\"og:title\" content=\"Een offerte aanvragen\" \/>\n<meta property=\"og:description\" content=\"Vraag een gepersonaliseerde offerte aan voor je lichtreclame en creatieve belettering. Ons team van experts staat klaar om je te helpen je te onderscheiden van de massa met unieke en krachtige oplossingen. Vraag nu een gratis offerte aan om je aanwezigheid op te fleuren.\" \/>\n<meta property=\"og:url\" content=\"https:\/\/propixel.be\/nl\/een-offerte-aanvragen\/\" \/>\n<meta property=\"og:site_name\" content=\"Propixel\" \/>\n<meta property=\"article:publisher\" content=\"https:\/\/www.facebook.com\/propixel\" \/>\n<meta property=\"article:modified_time\" content=\"2023-07-07T07:06:25+00:00\" \/>\n<meta property=\"og:image\" content=\"https:\/\/propixel.be\/wp-content\/uploads\/2023\/06\/site.jpg\" \/>\n\t<meta property=\"og:image:width\" content=\"1200\" \/>\n\t<meta property=\"og:image:height\" content=\"675\" \/>\n\t<meta property=\"og:image:type\" content=\"image\/jpeg\" \/>\n<meta name=\"twitter:card\" content=\"summary_large_image\" \/>\n<script type=\"application\/ld+json\" class=\"yoast-schema-graph\">{\"@context\":\"https:\\\/\\\/schema.org\",\"@graph\":[{\"@type\":\"WebPage\",\"@id\":\"https:\\\/\\\/propixel.be\\\/nl\\\/een-offerte-aanvragen\\\/\",\"url\":\"https:\\\/\\\/propixel.be\\\/nl\\\/een-offerte-aanvragen\\\/\",\"name\":\"-\",\"isPartOf\":{\"@id\":\"https:\\\/\\\/propixel.be\\\/#website\"},\"datePublished\":\"2023-06-14T01:38:00+00:00\",\"dateModified\":\"2023-07-07T07:06:25+00:00\",\"description\":\"Vraag een gepersonaliseerde offerte aan voor je lichtreclame en creatieve belettering. Ons team van experts staat klaar om je te helpen je te onderscheiden van de massa met unieke en krachtige oplossingen. Vraag nu een gratis offerte aan om je aanwezigheid op te fleuren.\",\"breadcrumb\":{\"@id\":\"https:\\\/\\\/propixel.be\\\/nl\\\/een-offerte-aanvragen\\\/#breadcrumb\"},\"inLanguage\":\"nl-NL\",\"potentialAction\":[{\"@type\":\"ReadAction\",\"target\":[\"https:\\\/\\\/propixel.be\\\/nl\\\/een-offerte-aanvragen\\\/\"]}]},{\"@type\":\"BreadcrumbList\",\"@id\":\"https:\\\/\\\/propixel.be\\\/nl\\\/een-offerte-aanvragen\\\/#breadcrumb\",\"itemListElement\":[{\"@type\":\"ListItem\",\"position\":1,\"name\":\"Welkom\",\"item\":\"https:\\\/\\\/propixel.be\\\/\"},{\"@type\":\"ListItem\",\"position\":2,\"name\":\"Een offerte aanvragen\"}]},{\"@type\":\"WebSite\",\"@id\":\"https:\\\/\\\/propixel.be\\\/#website\",\"url\":\"https:\\\/\\\/propixel.be\\\/\",\"name\":\"Propixel\",\"description\":\"D&#039;une id\u00e9e \u00e0 la r\u00e9alit\u00e9, notre m\u00e9tier !\",\"publisher\":{\"@id\":\"https:\\\/\\\/propixel.be\\\/#organization\"},\"potentialAction\":[{\"@type\":\"SearchAction\",\"target\":{\"@type\":\"EntryPoint\",\"urlTemplate\":\"https:\\\/\\\/propixel.be\\\/?s={search_term_string}\"},\"query-input\":{\"@type\":\"PropertyValueSpecification\",\"valueRequired\":true,\"valueName\":\"search_term_string\"}}],\"inLanguage\":\"nl-NL\"},{\"@type\":\"Organization\",\"@id\":\"https:\\\/\\\/propixel.be\\\/#organization\",\"name\":\"Aykan Deveci\",\"alternateName\":\"Aykan Deveci\",\"url\":\"https:\\\/\\\/propixel.be\\\/\",\"logo\":{\"@type\":\"ImageObject\",\"inLanguage\":\"nl-NL\",\"@id\":\"https:\\\/\\\/propixel.be\\\/#\\\/schema\\\/logo\\\/image\\\/\",\"url\":\"https:\\\/\\\/propixel.be\\\/wp-content\\\/uploads\\\/2023\\\/06\\\/styky-logo.png\",\"contentUrl\":\"https:\\\/\\\/propixel.be\\\/wp-content\\\/uploads\\\/2023\\\/06\\\/styky-logo.png\",\"width\":243,\"height\":75,\"caption\":\"Aykan Deveci\"},\"image\":{\"@id\":\"https:\\\/\\\/propixel.be\\\/#\\\/schema\\\/logo\\\/image\\\/\"},\"sameAs\":[\"https:\\\/\\\/www.facebook.com\\\/propixel\",\"https:\\\/\\\/www.tiktok.com\\\/@propixel.design\",\"https:\\\/\\\/www.instagram.com\\\/propixel.design\\\/\"]}]}<\/script>\n<!-- \/ Yoast SEO Premium plugin. -->","yoast_head_json":{"title":"-","description":"Vraag een gepersonaliseerde offerte aan voor je lichtreclame en creatieve belettering. Ons team van experts staat klaar om je te helpen je te onderscheiden van de massa met unieke en krachtige oplossingen. Vraag nu een gratis offerte aan om je aanwezigheid op te fleuren.","robots":{"index":"index","follow":"follow","max-snippet":"max-snippet:-1","max-image-preview":"max-image-preview:large","max-video-preview":"max-video-preview:-1"},"canonical":"https:\/\/propixel.be\/nl\/een-offerte-aanvragen\/","og_locale":"nl_NL","og_type":"article","og_title":"Een offerte aanvragen","og_description":"Vraag een gepersonaliseerde offerte aan voor je lichtreclame en creatieve belettering. Ons team van experts staat klaar om je te helpen je te onderscheiden van de massa met unieke en krachtige oplossingen. Vraag nu een gratis offerte aan om je aanwezigheid op te fleuren.","og_url":"https:\/\/propixel.be\/nl\/een-offerte-aanvragen\/","og_site_name":"Propixel","article_publisher":"https:\/\/www.facebook.com\/propixel","article_modified_time":"2023-07-07T07:06:25+00:00","og_image":[{"width":1200,"height":675,"url":"https:\/\/propixel.be\/wp-content\/uploads\/2023\/06\/site.jpg","type":"image\/jpeg"}],"twitter_card":"summary_large_image","schema":{"@context":"https:\/\/schema.org","@graph":[{"@type":"WebPage","@id":"https:\/\/propixel.be\/nl\/een-offerte-aanvragen\/","url":"https:\/\/propixel.be\/nl\/een-offerte-aanvragen\/","name":"-","isPartOf":{"@id":"https:\/\/propixel.be\/#website"},"datePublished":"2023-06-14T01:38:00+00:00","dateModified":"2023-07-07T07:06:25+00:00","description":"Vraag een gepersonaliseerde offerte aan voor je lichtreclame en creatieve belettering. Ons team van experts staat klaar om je te helpen je te onderscheiden van de massa met unieke en krachtige oplossingen. Vraag nu een gratis offerte aan om je aanwezigheid op te fleuren.","breadcrumb":{"@id":"https:\/\/propixel.be\/nl\/een-offerte-aanvragen\/#breadcrumb"},"inLanguage":"nl-NL","potentialAction":[{"@type":"ReadAction","target":["https:\/\/propixel.be\/nl\/een-offerte-aanvragen\/"]}]},{"@type":"BreadcrumbList","@id":"https:\/\/propixel.be\/nl\/een-offerte-aanvragen\/#breadcrumb","itemListElement":[{"@type":"ListItem","position":1,"name":"Welkom","item":"https:\/\/propixel.be\/"},{"@type":"ListItem","position":2,"name":"Een offerte aanvragen"}]},{"@type":"WebSite","@id":"https:\/\/propixel.be\/#website","url":"https:\/\/propixel.be\/","name":"Propixel","description":"D&#039;une id\u00e9e \u00e0 la r\u00e9alit\u00e9, notre m\u00e9tier !","publisher":{"@id":"https:\/\/propixel.be\/#organization"},"potentialAction":[{"@type":"SearchAction","target":{"@type":"EntryPoint","urlTemplate":"https:\/\/propixel.be\/?s={search_term_string}"},"query-input":{"@type":"PropertyValueSpecification","valueRequired":true,"valueName":"search_term_string"}}],"inLanguage":"nl-NL"},{"@type":"Organization","@id":"https:\/\/propixel.be\/#organization","name":"Aykan Deveci","alternateName":"Aykan Deveci","url":"https:\/\/propixel.be\/","logo":{"@type":"ImageObject","inLanguage":"nl-NL","@id":"https:\/\/propixel.be\/#\/schema\/logo\/image\/","url":"https:\/\/propixel.be\/wp-content\/uploads\/2023\/06\/styky-logo.png","contentUrl":"https:\/\/propixel.be\/wp-content\/uploads\/2023\/06\/styky-logo.png","width":243,"height":75,"caption":"Aykan Deveci"},"image":{"@id":"https:\/\/propixel.be\/#\/schema\/logo\/image\/"},"sameAs":["https:\/\/www.facebook.com\/propixel","https:\/\/www.tiktok.com\/@propixel.design","https:\/\/www.instagram.com\/propixel.design\/"]}]}},"_links":{"self":[{"href":"https:\/\/propixel.be\/nl\/wp-json\/wp\/v2\/pages\/16494","targetHints":{"allow":["GET"]}}],"collection":[{"href":"https:\/\/propixel.be\/nl\/wp-json\/wp\/v2\/pages"}],"about":[{"href":"https:\/\/propixel.be\/nl\/wp-json\/wp\/v2\/types\/page"}],"author":[{"embeddable":true,"href":"https:\/\/propixel.be\/nl\/wp-json\/wp\/v2\/users\/1"}],"replies":[{"embeddable":true,"href":"https:\/\/propixel.be\/nl\/wp-json\/wp\/v2\/comments?post=16494"}],"version-history":[{"count":0,"href":"https:\/\/propixel.be\/nl\/wp-json\/wp\/v2\/pages\/16494\/revisions"}],"wp:attachment":[{"href":"https:\/\/propixel.be\/nl\/wp-json\/wp\/v2\/media?parent=16494"}],"curies":[{"name":"wp","href":"https:\/\/api.w.org\/{rel}","templated":true}]}}