{"id":21578,"date":"2024-03-06T09:53:29","date_gmt":"2024-03-06T08:53:29","guid":{"rendered":"https:\/\/propixel.be\/produit\/custom-t-shirt\/"},"modified":"2024-03-06T09:53:29","modified_gmt":"2024-03-06T08:53:29","slug":"custom-t-shirt","status":"publish","type":"product","link":"https:\/\/propixel.be\/en\/produit\/custom-t-shirt\/","title":{"rendered":"Custom T-shirt"},"content":{"rendered":"<h3><strong>Express Yourself in Style: Custom T-shirts with Photo or Logo<\/strong><\/h3>\n<p>Discover our collection of personalized photo T-shirts, a unique way to express your personal style. Transform your clothes into works of art by adding memories, special moments, or simply your favorite images to your T-shirt. <\/p>\n<h3><strong>Unlimited Customization:<\/strong><\/h3>\n<p>Unleash your creativity by customizing your T-shirt with photos that are meaningful to you. Whether you&#8217;re showing off your passion, celebrating unforgettable moments, or simply sporting a unique design, our custom T-shirts provide the perfect canvas for your individual expression. <\/p>\n<h3><strong>Comfort and Quality:<\/strong><\/h3>\n<p>In addition to exceptional customization, our T-shirts guarantee optimal comfort and superior quality. Made from soft and durable materials, they are designed to be worn with ease while maintaining the vibrancy of the printed images. <\/p>\n<h3><strong>Unique and Memorable Gift:<\/strong><\/h3>\n<p>Give a gift that leaves a lasting impression with our personalized photo T-shirts. Whether it&#8217;s for a birthday, a special occasion, or just to treat someone, these custom-made T-shirts add a personal touch to every gesture. <\/p>\n<h3><strong>Wear your Memories:<\/strong><\/h3>\n<p>Photo T-shirts are more than just clothing. They become extensions of yourself, telling your story through images that capture the essence of your most precious moments. Express yourself in style and wear your memories proudly every day.  <\/p>\n<p>Discover a new dimension of fashion with our personalized T-shirts, where each creation becomes a personal statement.<\/p>\n","protected":false},"excerpt":{"rendered":"<p>Express Yourself in Style: Custom T-shirts with Photo or Logo Discover our collection of personalized photo T-shirts, a unique way<\/p>\n","protected":false},"featured_media":19261,"comment_status":"open","ping_status":"closed","template":"","meta":[],"product_brand":[],"product_cat":[347],"product_tag":[],"class_list":{"0":"post-21578","1":"product","2":"type-product","3":"status-publish","4":"has-post-thumbnail","6":"product_cat-impression-en","7":"product_shipping_class-probo-en","9":"first","10":"outofstock","11":"taxable","12":"shipping-taxable","13":"purchasable","14":"product-type-simple"},"yoast_head":"<!-- This site is optimized with the Yoast SEO Premium plugin v22.9 (Yoast SEO v27.3) - https:\/\/yoast.com\/product\/yoast-seo-premium-wordpress\/ -->\n<title>Custom T-shirt - Propixel<\/title>\n<meta name=\"robots\" content=\"index, follow, max-snippet:-1, max-image-preview:large, max-video-preview:-1\" \/>\n<link rel=\"canonical\" href=\"https:\/\/propixel.be\/en\/produit\/custom-t-shirt\/\" \/>\n<meta property=\"og:locale\" content=\"en_US\" \/>\n<meta property=\"og:type\" content=\"article\" \/>\n<meta property=\"og:title\" content=\"Custom T-shirt\" \/>\n<meta property=\"og:description\" content=\"Express Yourself in Style: Custom T-shirts with Photo or Logo Discover our collection of personalized photo T-shirts, a unique way\" \/>\n<meta property=\"og:url\" content=\"https:\/\/propixel.be\/en\/produit\/custom-t-shirt\/\" \/>\n<meta property=\"og:site_name\" content=\"Propixel\" \/>\n<meta property=\"article:publisher\" content=\"https:\/\/www.facebook.com\/propixel\" \/>\n<meta property=\"og:image\" content=\"https:\/\/propixel.be\/wp-content\/uploads\/2024\/03\/002-2.jpg\" \/>\n\t<meta property=\"og:image:width\" content=\"1000\" \/>\n\t<meta property=\"og:image:height\" content=\"1000\" \/>\n\t<meta property=\"og:image:type\" content=\"image\/jpeg\" \/>\n<meta name=\"twitter:card\" content=\"summary_large_image\" \/>\n<meta name=\"twitter:label1\" content=\"Est. reading time\" \/>\n\t<meta name=\"twitter:data1\" content=\"1 minute\" \/>\n<script type=\"application\/ld+json\" class=\"yoast-schema-graph\">{\"@context\":\"https:\\\/\\\/schema.org\",\"@graph\":[{\"@type\":\"WebPage\",\"@id\":\"https:\\\/\\\/propixel.be\\\/en\\\/produit\\\/custom-t-shirt\\\/\",\"url\":\"https:\\\/\\\/propixel.be\\\/en\\\/produit\\\/custom-t-shirt\\\/\",\"name\":\"Custom T-shirt - Propixel\",\"isPartOf\":{\"@id\":\"https:\\\/\\\/propixel.be\\\/#website\"},\"primaryImageOfPage\":{\"@id\":\"https:\\\/\\\/propixel.be\\\/en\\\/produit\\\/custom-t-shirt\\\/#primaryimage\"},\"image\":{\"@id\":\"https:\\\/\\\/propixel.be\\\/en\\\/produit\\\/custom-t-shirt\\\/#primaryimage\"},\"thumbnailUrl\":\"https:\\\/\\\/propixel.be\\\/wp-content\\\/uploads\\\/2024\\\/03\\\/002-2.jpg\",\"datePublished\":\"2024-03-06T08:53:29+00:00\",\"breadcrumb\":{\"@id\":\"https:\\\/\\\/propixel.be\\\/en\\\/produit\\\/custom-t-shirt\\\/#breadcrumb\"},\"inLanguage\":\"en-US\",\"potentialAction\":[{\"@type\":\"ReadAction\",\"target\":[\"https:\\\/\\\/propixel.be\\\/en\\\/produit\\\/custom-t-shirt\\\/\"]}]},{\"@type\":\"ImageObject\",\"inLanguage\":\"en-US\",\"@id\":\"https:\\\/\\\/propixel.be\\\/en\\\/produit\\\/custom-t-shirt\\\/#primaryimage\",\"url\":\"https:\\\/\\\/propixel.be\\\/wp-content\\\/uploads\\\/2024\\\/03\\\/002-2.jpg\",\"contentUrl\":\"https:\\\/\\\/propixel.be\\\/wp-content\\\/uploads\\\/2024\\\/03\\\/002-2.jpg\",\"width\":1000,\"height\":1000},{\"@type\":\"BreadcrumbList\",\"@id\":\"https:\\\/\\\/propixel.be\\\/en\\\/produit\\\/custom-t-shirt\\\/#breadcrumb\",\"itemListElement\":[{\"@type\":\"ListItem\",\"position\":1,\"name\":\"Welcome\",\"item\":\"https:\\\/\\\/propixel.be\\\/\"},{\"@type\":\"ListItem\",\"position\":2,\"name\":\"Shop\",\"item\":\"https:\\\/\\\/propixel.be\\\/en\\\/shop\\\/\"},{\"@type\":\"ListItem\",\"position\":3,\"name\":\"Custom T-shirt\"}]},{\"@type\":\"WebSite\",\"@id\":\"https:\\\/\\\/propixel.be\\\/#website\",\"url\":\"https:\\\/\\\/propixel.be\\\/\",\"name\":\"Propixel\",\"description\":\"D&#039;une id\u00e9e \u00e0 la r\u00e9alit\u00e9, notre m\u00e9tier !\",\"publisher\":{\"@id\":\"https:\\\/\\\/propixel.be\\\/#organization\"},\"potentialAction\":[{\"@type\":\"SearchAction\",\"target\":{\"@type\":\"EntryPoint\",\"urlTemplate\":\"https:\\\/\\\/propixel.be\\\/?s={search_term_string}\"},\"query-input\":{\"@type\":\"PropertyValueSpecification\",\"valueRequired\":true,\"valueName\":\"search_term_string\"}}],\"inLanguage\":\"en-US\"},{\"@type\":\"Organization\",\"@id\":\"https:\\\/\\\/propixel.be\\\/#organization\",\"name\":\"Aykan Deveci\",\"alternateName\":\"Aykan Deveci\",\"url\":\"https:\\\/\\\/propixel.be\\\/\",\"logo\":{\"@type\":\"ImageObject\",\"inLanguage\":\"en-US\",\"@id\":\"https:\\\/\\\/propixel.be\\\/#\\\/schema\\\/logo\\\/image\\\/\",\"url\":\"https:\\\/\\\/propixel.be\\\/wp-content\\\/uploads\\\/2023\\\/06\\\/styky-logo.png\",\"contentUrl\":\"https:\\\/\\\/propixel.be\\\/wp-content\\\/uploads\\\/2023\\\/06\\\/styky-logo.png\",\"width\":243,\"height\":75,\"caption\":\"Aykan Deveci\"},\"image\":{\"@id\":\"https:\\\/\\\/propixel.be\\\/#\\\/schema\\\/logo\\\/image\\\/\"},\"sameAs\":[\"https:\\\/\\\/www.facebook.com\\\/propixel\",\"https:\\\/\\\/www.tiktok.com\\\/@propixel.design\",\"https:\\\/\\\/www.instagram.com\\\/propixel.design\\\/\"]}]}<\/script>\n<!-- \/ Yoast SEO Premium plugin. -->","yoast_head_json":{"title":"Custom T-shirt - Propixel","robots":{"index":"index","follow":"follow","max-snippet":"max-snippet:-1","max-image-preview":"max-image-preview:large","max-video-preview":"max-video-preview:-1"},"canonical":"https:\/\/propixel.be\/en\/produit\/custom-t-shirt\/","og_locale":"en_US","og_type":"article","og_title":"Custom T-shirt","og_description":"Express Yourself in Style: Custom T-shirts with Photo or Logo Discover our collection of personalized photo T-shirts, a unique way","og_url":"https:\/\/propixel.be\/en\/produit\/custom-t-shirt\/","og_site_name":"Propixel","article_publisher":"https:\/\/www.facebook.com\/propixel","og_image":[{"width":1000,"height":1000,"url":"https:\/\/propixel.be\/wp-content\/uploads\/2024\/03\/002-2.jpg","type":"image\/jpeg"}],"twitter_card":"summary_large_image","twitter_misc":{"Est. reading time":"1 minute"},"schema":{"@context":"https:\/\/schema.org","@graph":[{"@type":"WebPage","@id":"https:\/\/propixel.be\/en\/produit\/custom-t-shirt\/","url":"https:\/\/propixel.be\/en\/produit\/custom-t-shirt\/","name":"Custom T-shirt - Propixel","isPartOf":{"@id":"https:\/\/propixel.be\/#website"},"primaryImageOfPage":{"@id":"https:\/\/propixel.be\/en\/produit\/custom-t-shirt\/#primaryimage"},"image":{"@id":"https:\/\/propixel.be\/en\/produit\/custom-t-shirt\/#primaryimage"},"thumbnailUrl":"https:\/\/propixel.be\/wp-content\/uploads\/2024\/03\/002-2.jpg","datePublished":"2024-03-06T08:53:29+00:00","breadcrumb":{"@id":"https:\/\/propixel.be\/en\/produit\/custom-t-shirt\/#breadcrumb"},"inLanguage":"en-US","potentialAction":[{"@type":"ReadAction","target":["https:\/\/propixel.be\/en\/produit\/custom-t-shirt\/"]}]},{"@type":"ImageObject","inLanguage":"en-US","@id":"https:\/\/propixel.be\/en\/produit\/custom-t-shirt\/#primaryimage","url":"https:\/\/propixel.be\/wp-content\/uploads\/2024\/03\/002-2.jpg","contentUrl":"https:\/\/propixel.be\/wp-content\/uploads\/2024\/03\/002-2.jpg","width":1000,"height":1000},{"@type":"BreadcrumbList","@id":"https:\/\/propixel.be\/en\/produit\/custom-t-shirt\/#breadcrumb","itemListElement":[{"@type":"ListItem","position":1,"name":"Welcome","item":"https:\/\/propixel.be\/"},{"@type":"ListItem","position":2,"name":"Shop","item":"https:\/\/propixel.be\/en\/shop\/"},{"@type":"ListItem","position":3,"name":"Custom T-shirt"}]},{"@type":"WebSite","@id":"https:\/\/propixel.be\/#website","url":"https:\/\/propixel.be\/","name":"Propixel","description":"D&#039;une id\u00e9e \u00e0 la r\u00e9alit\u00e9, notre m\u00e9tier !","publisher":{"@id":"https:\/\/propixel.be\/#organization"},"potentialAction":[{"@type":"SearchAction","target":{"@type":"EntryPoint","urlTemplate":"https:\/\/propixel.be\/?s={search_term_string}"},"query-input":{"@type":"PropertyValueSpecification","valueRequired":true,"valueName":"search_term_string"}}],"inLanguage":"en-US"},{"@type":"Organization","@id":"https:\/\/propixel.be\/#organization","name":"Aykan Deveci","alternateName":"Aykan Deveci","url":"https:\/\/propixel.be\/","logo":{"@type":"ImageObject","inLanguage":"en-US","@id":"https:\/\/propixel.be\/#\/schema\/logo\/image\/","url":"https:\/\/propixel.be\/wp-content\/uploads\/2023\/06\/styky-logo.png","contentUrl":"https:\/\/propixel.be\/wp-content\/uploads\/2023\/06\/styky-logo.png","width":243,"height":75,"caption":"Aykan Deveci"},"image":{"@id":"https:\/\/propixel.be\/#\/schema\/logo\/image\/"},"sameAs":["https:\/\/www.facebook.com\/propixel","https:\/\/www.tiktok.com\/@propixel.design","https:\/\/www.instagram.com\/propixel.design\/"]}]}},"_links":{"self":[{"href":"https:\/\/propixel.be\/en\/wp-json\/wp\/v2\/product\/21578","targetHints":{"allow":["GET"]}}],"collection":[{"href":"https:\/\/propixel.be\/en\/wp-json\/wp\/v2\/product"}],"about":[{"href":"https:\/\/propixel.be\/en\/wp-json\/wp\/v2\/types\/product"}],"replies":[{"embeddable":true,"href":"https:\/\/propixel.be\/en\/wp-json\/wp\/v2\/comments?post=21578"}],"version-history":[{"count":0,"href":"https:\/\/propixel.be\/en\/wp-json\/wp\/v2\/product\/21578\/revisions"}],"wp:featuredmedia":[{"embeddable":true,"href":"https:\/\/propixel.be\/en\/wp-json\/wp\/v2\/media\/19261"}],"wp:attachment":[{"href":"https:\/\/propixel.be\/en\/wp-json\/wp\/v2\/media?parent=21578"}],"wp:term":[{"taxonomy":"product_brand","embeddable":true,"href":"https:\/\/propixel.be\/en\/wp-json\/wp\/v2\/product_brand?post=21578"},{"taxonomy":"product_cat","embeddable":true,"href":"https:\/\/propixel.be\/en\/wp-json\/wp\/v2\/product_cat?post=21578"},{"taxonomy":"product_tag","embeddable":true,"href":"https:\/\/propixel.be\/en\/wp-json\/wp\/v2\/product_tag?post=21578"}],"curies":[{"name":"wp","href":"https:\/\/api.w.org\/{rel}","templated":true}]}}