{"id":21105,"date":"2024-03-03T18:40:07","date_gmt":"2024-03-03T17:40:07","guid":{"rendered":"https:\/\/propixel.be\/produit\/custom-acrylic-plaque-with-qr-code-your-google-review-in-the-spotlight\/"},"modified":"2025-07-29T11:03:03","modified_gmt":"2025-07-29T09:03:03","slug":"custom-acrylic-plaque-with-qr-code-your-google-review-in-the-spotlight","status":"publish","type":"product","link":"https:\/\/propixel.be\/en\/produit\/custom-acrylic-plaque-with-qr-code-your-google-review-in-the-spotlight\/","title":{"rendered":"Custom Acrylic Plaque with QR Code &#8211; Your Google Review in the Spotlight"},"content":{"rendered":"<h2><strong>Discover the ultimate way to celebrate your Google reviews with our Custom Acrylic Plaque. Transform your reviews into a distinctive piece of art with a unique QR Code that leads directly to your Google review page.<br \/>\n<\/strong><\/h2>\n<p><em>Main Features:<\/em><\/p>\n<ul>\n<li>Easy Customization: Send us the link to your Google review page, and we&#8217;ll create an exclusive QR Code for you.<\/li>\n<li>Customizable Logo: Add a personal touch with your own logo engraved on the plate.<\/li>\n<li>Exceptional Quality: Made from high quality acrylic, each plaque is precisely engraved in our workshop.<\/li>\n<li>Product size: 10cm x 10cm or 5cm x 5cm<\/li>\n<\/ul>\n<p><em>How it works:<\/em><\/p>\n<ol>\n<li>Send us the link to your Google review when you order.<\/li>\n<li>Receive your personalized acrylic plaque with a unique QR Code linked to your review page.<\/li>\n<li>Add a personal touch with your custom logo.<\/li>\n<\/ol>\n<p>Treat yourself to a unique piece that showcases your customers&#8217; appreciation. Whether it&#8217;s for your business, your service, or your talent, this personalized acrylic plaque is a stylish way to showcase your positive reviews. <\/p>\n<p><strong>Order now on our website www.propixel.be and transform your comments into a personalized masterpiece. Each plaque is a statement of appreciation that you can display with pride. <\/strong><\/p>\n","protected":false},"excerpt":{"rendered":"<p>Discover the ultimate way to celebrate your Google reviews with our Custom Acrylic Plaque. Transform your reviews into a distinctive<\/p>\n","protected":false},"featured_media":19108,"comment_status":"open","ping_status":"closed","template":"","meta":[],"product_brand":[],"product_cat":[343],"product_tag":[],"class_list":{"0":"post-21105","1":"product","2":"type-product","3":"status-publish","4":"has-post-thumbnail","6":"product_cat-decoration-en","7":"product_shipping_class-livraison-2-a-3-jours","9":"first","10":"instock","11":"sale","12":"featured","13":"taxable","14":"shipping-taxable","15":"purchasable","16":"product-type-simple"},"yoast_head":"<!-- This site is optimized with the Yoast SEO Premium plugin v22.9 (Yoast SEO v27.3) - https:\/\/yoast.com\/product\/yoast-seo-premium-wordpress\/ -->\n<title>Custom Acrylic Plaque with QR Code - Your Google Review in the Spotlight - Propixel<\/title>\n<meta name=\"robots\" content=\"index, follow, max-snippet:-1, max-image-preview:large, max-video-preview:-1\" \/>\n<link rel=\"canonical\" href=\"https:\/\/propixel.be\/en\/produit\/custom-acrylic-plaque-with-qr-code-your-google-review-in-the-spotlight\/\" \/>\n<meta property=\"og:locale\" content=\"en_US\" \/>\n<meta property=\"og:type\" content=\"article\" \/>\n<meta property=\"og:title\" content=\"Custom Acrylic Plaque with QR Code - Your Google Review in the Spotlight\" \/>\n<meta property=\"og:description\" content=\"Discover the ultimate way to celebrate your Google reviews with our Custom Acrylic Plaque. Transform your reviews into a distinctive\" \/>\n<meta property=\"og:url\" content=\"https:\/\/propixel.be\/en\/produit\/custom-acrylic-plaque-with-qr-code-your-google-review-in-the-spotlight\/\" \/>\n<meta property=\"og:site_name\" content=\"Propixel\" \/>\n<meta property=\"article:publisher\" content=\"https:\/\/www.facebook.com\/propixel\" \/>\n<meta property=\"article:modified_time\" content=\"2025-07-29T09:03:03+00:00\" \/>\n<meta property=\"og:image\" content=\"https:\/\/propixel.be\/wp-content\/uploads\/2024\/03\/001.jpg\" \/>\n\t<meta property=\"og:image:width\" content=\"1000\" \/>\n\t<meta property=\"og:image:height\" content=\"1000\" \/>\n\t<meta property=\"og:image:type\" content=\"image\/jpeg\" \/>\n<meta name=\"twitter:card\" content=\"summary_large_image\" \/>\n<meta name=\"twitter:label1\" content=\"Est. reading time\" \/>\n\t<meta name=\"twitter:data1\" content=\"1 minute\" \/>\n<script type=\"application\/ld+json\" class=\"yoast-schema-graph\">{\"@context\":\"https:\\\/\\\/schema.org\",\"@graph\":[{\"@type\":\"WebPage\",\"@id\":\"https:\\\/\\\/propixel.be\\\/en\\\/produit\\\/custom-acrylic-plaque-with-qr-code-your-google-review-in-the-spotlight\\\/\",\"url\":\"https:\\\/\\\/propixel.be\\\/en\\\/produit\\\/custom-acrylic-plaque-with-qr-code-your-google-review-in-the-spotlight\\\/\",\"name\":\"Custom Acrylic Plaque with QR Code - Your Google Review in the Spotlight - Propixel\",\"isPartOf\":{\"@id\":\"https:\\\/\\\/propixel.be\\\/#website\"},\"primaryImageOfPage\":{\"@id\":\"https:\\\/\\\/propixel.be\\\/en\\\/produit\\\/custom-acrylic-plaque-with-qr-code-your-google-review-in-the-spotlight\\\/#primaryimage\"},\"image\":{\"@id\":\"https:\\\/\\\/propixel.be\\\/en\\\/produit\\\/custom-acrylic-plaque-with-qr-code-your-google-review-in-the-spotlight\\\/#primaryimage\"},\"thumbnailUrl\":\"https:\\\/\\\/propixel.be\\\/wp-content\\\/uploads\\\/2024\\\/03\\\/001.jpg\",\"datePublished\":\"2024-03-03T17:40:07+00:00\",\"dateModified\":\"2025-07-29T09:03:03+00:00\",\"breadcrumb\":{\"@id\":\"https:\\\/\\\/propixel.be\\\/en\\\/produit\\\/custom-acrylic-plaque-with-qr-code-your-google-review-in-the-spotlight\\\/#breadcrumb\"},\"inLanguage\":\"en-US\",\"potentialAction\":[{\"@type\":\"ReadAction\",\"target\":[\"https:\\\/\\\/propixel.be\\\/en\\\/produit\\\/custom-acrylic-plaque-with-qr-code-your-google-review-in-the-spotlight\\\/\"]}]},{\"@type\":\"ImageObject\",\"inLanguage\":\"en-US\",\"@id\":\"https:\\\/\\\/propixel.be\\\/en\\\/produit\\\/custom-acrylic-plaque-with-qr-code-your-google-review-in-the-spotlight\\\/#primaryimage\",\"url\":\"https:\\\/\\\/propixel.be\\\/wp-content\\\/uploads\\\/2024\\\/03\\\/001.jpg\",\"contentUrl\":\"https:\\\/\\\/propixel.be\\\/wp-content\\\/uploads\\\/2024\\\/03\\\/001.jpg\",\"width\":1000,\"height\":1000},{\"@type\":\"BreadcrumbList\",\"@id\":\"https:\\\/\\\/propixel.be\\\/en\\\/produit\\\/custom-acrylic-plaque-with-qr-code-your-google-review-in-the-spotlight\\\/#breadcrumb\",\"itemListElement\":[{\"@type\":\"ListItem\",\"position\":1,\"name\":\"Welcome\",\"item\":\"https:\\\/\\\/propixel.be\\\/\"},{\"@type\":\"ListItem\",\"position\":2,\"name\":\"Shop\",\"item\":\"https:\\\/\\\/propixel.be\\\/en\\\/shop\\\/\"},{\"@type\":\"ListItem\",\"position\":3,\"name\":\"Custom Acrylic Plaque with QR Code &#8211; Your Google Review in the Spotlight\"}]},{\"@type\":\"WebSite\",\"@id\":\"https:\\\/\\\/propixel.be\\\/#website\",\"url\":\"https:\\\/\\\/propixel.be\\\/\",\"name\":\"Propixel\",\"description\":\"D&#039;une id\u00e9e \u00e0 la r\u00e9alit\u00e9, notre m\u00e9tier !\",\"publisher\":{\"@id\":\"https:\\\/\\\/propixel.be\\\/#organization\"},\"potentialAction\":[{\"@type\":\"SearchAction\",\"target\":{\"@type\":\"EntryPoint\",\"urlTemplate\":\"https:\\\/\\\/propixel.be\\\/?s={search_term_string}\"},\"query-input\":{\"@type\":\"PropertyValueSpecification\",\"valueRequired\":true,\"valueName\":\"search_term_string\"}}],\"inLanguage\":\"en-US\"},{\"@type\":\"Organization\",\"@id\":\"https:\\\/\\\/propixel.be\\\/#organization\",\"name\":\"Aykan Deveci\",\"alternateName\":\"Aykan Deveci\",\"url\":\"https:\\\/\\\/propixel.be\\\/\",\"logo\":{\"@type\":\"ImageObject\",\"inLanguage\":\"en-US\",\"@id\":\"https:\\\/\\\/propixel.be\\\/#\\\/schema\\\/logo\\\/image\\\/\",\"url\":\"https:\\\/\\\/propixel.be\\\/wp-content\\\/uploads\\\/2023\\\/06\\\/styky-logo.png\",\"contentUrl\":\"https:\\\/\\\/propixel.be\\\/wp-content\\\/uploads\\\/2023\\\/06\\\/styky-logo.png\",\"width\":243,\"height\":75,\"caption\":\"Aykan Deveci\"},\"image\":{\"@id\":\"https:\\\/\\\/propixel.be\\\/#\\\/schema\\\/logo\\\/image\\\/\"},\"sameAs\":[\"https:\\\/\\\/www.facebook.com\\\/propixel\",\"https:\\\/\\\/www.tiktok.com\\\/@propixel.design\",\"https:\\\/\\\/www.instagram.com\\\/propixel.design\\\/\"]}]}<\/script>\n<!-- \/ Yoast SEO Premium plugin. -->","yoast_head_json":{"title":"Custom Acrylic Plaque with QR Code - Your Google Review in the Spotlight - Propixel","robots":{"index":"index","follow":"follow","max-snippet":"max-snippet:-1","max-image-preview":"max-image-preview:large","max-video-preview":"max-video-preview:-1"},"canonical":"https:\/\/propixel.be\/en\/produit\/custom-acrylic-plaque-with-qr-code-your-google-review-in-the-spotlight\/","og_locale":"en_US","og_type":"article","og_title":"Custom Acrylic Plaque with QR Code - Your Google Review in the Spotlight","og_description":"Discover the ultimate way to celebrate your Google reviews with our Custom Acrylic Plaque. Transform your reviews into a distinctive","og_url":"https:\/\/propixel.be\/en\/produit\/custom-acrylic-plaque-with-qr-code-your-google-review-in-the-spotlight\/","og_site_name":"Propixel","article_publisher":"https:\/\/www.facebook.com\/propixel","article_modified_time":"2025-07-29T09:03:03+00:00","og_image":[{"width":1000,"height":1000,"url":"https:\/\/propixel.be\/wp-content\/uploads\/2024\/03\/001.jpg","type":"image\/jpeg"}],"twitter_card":"summary_large_image","twitter_misc":{"Est. reading time":"1 minute"},"schema":{"@context":"https:\/\/schema.org","@graph":[{"@type":"WebPage","@id":"https:\/\/propixel.be\/en\/produit\/custom-acrylic-plaque-with-qr-code-your-google-review-in-the-spotlight\/","url":"https:\/\/propixel.be\/en\/produit\/custom-acrylic-plaque-with-qr-code-your-google-review-in-the-spotlight\/","name":"Custom Acrylic Plaque with QR Code - Your Google Review in the Spotlight - Propixel","isPartOf":{"@id":"https:\/\/propixel.be\/#website"},"primaryImageOfPage":{"@id":"https:\/\/propixel.be\/en\/produit\/custom-acrylic-plaque-with-qr-code-your-google-review-in-the-spotlight\/#primaryimage"},"image":{"@id":"https:\/\/propixel.be\/en\/produit\/custom-acrylic-plaque-with-qr-code-your-google-review-in-the-spotlight\/#primaryimage"},"thumbnailUrl":"https:\/\/propixel.be\/wp-content\/uploads\/2024\/03\/001.jpg","datePublished":"2024-03-03T17:40:07+00:00","dateModified":"2025-07-29T09:03:03+00:00","breadcrumb":{"@id":"https:\/\/propixel.be\/en\/produit\/custom-acrylic-plaque-with-qr-code-your-google-review-in-the-spotlight\/#breadcrumb"},"inLanguage":"en-US","potentialAction":[{"@type":"ReadAction","target":["https:\/\/propixel.be\/en\/produit\/custom-acrylic-plaque-with-qr-code-your-google-review-in-the-spotlight\/"]}]},{"@type":"ImageObject","inLanguage":"en-US","@id":"https:\/\/propixel.be\/en\/produit\/custom-acrylic-plaque-with-qr-code-your-google-review-in-the-spotlight\/#primaryimage","url":"https:\/\/propixel.be\/wp-content\/uploads\/2024\/03\/001.jpg","contentUrl":"https:\/\/propixel.be\/wp-content\/uploads\/2024\/03\/001.jpg","width":1000,"height":1000},{"@type":"BreadcrumbList","@id":"https:\/\/propixel.be\/en\/produit\/custom-acrylic-plaque-with-qr-code-your-google-review-in-the-spotlight\/#breadcrumb","itemListElement":[{"@type":"ListItem","position":1,"name":"Welcome","item":"https:\/\/propixel.be\/"},{"@type":"ListItem","position":2,"name":"Shop","item":"https:\/\/propixel.be\/en\/shop\/"},{"@type":"ListItem","position":3,"name":"Custom Acrylic Plaque with QR Code &#8211; Your Google Review in the Spotlight"}]},{"@type":"WebSite","@id":"https:\/\/propixel.be\/#website","url":"https:\/\/propixel.be\/","name":"Propixel","description":"D&#039;une id\u00e9e \u00e0 la r\u00e9alit\u00e9, notre m\u00e9tier !","publisher":{"@id":"https:\/\/propixel.be\/#organization"},"potentialAction":[{"@type":"SearchAction","target":{"@type":"EntryPoint","urlTemplate":"https:\/\/propixel.be\/?s={search_term_string}"},"query-input":{"@type":"PropertyValueSpecification","valueRequired":true,"valueName":"search_term_string"}}],"inLanguage":"en-US"},{"@type":"Organization","@id":"https:\/\/propixel.be\/#organization","name":"Aykan Deveci","alternateName":"Aykan Deveci","url":"https:\/\/propixel.be\/","logo":{"@type":"ImageObject","inLanguage":"en-US","@id":"https:\/\/propixel.be\/#\/schema\/logo\/image\/","url":"https:\/\/propixel.be\/wp-content\/uploads\/2023\/06\/styky-logo.png","contentUrl":"https:\/\/propixel.be\/wp-content\/uploads\/2023\/06\/styky-logo.png","width":243,"height":75,"caption":"Aykan Deveci"},"image":{"@id":"https:\/\/propixel.be\/#\/schema\/logo\/image\/"},"sameAs":["https:\/\/www.facebook.com\/propixel","https:\/\/www.tiktok.com\/@propixel.design","https:\/\/www.instagram.com\/propixel.design\/"]}]}},"_links":{"self":[{"href":"https:\/\/propixel.be\/en\/wp-json\/wp\/v2\/product\/21105","targetHints":{"allow":["GET"]}}],"collection":[{"href":"https:\/\/propixel.be\/en\/wp-json\/wp\/v2\/product"}],"about":[{"href":"https:\/\/propixel.be\/en\/wp-json\/wp\/v2\/types\/product"}],"replies":[{"embeddable":true,"href":"https:\/\/propixel.be\/en\/wp-json\/wp\/v2\/comments?post=21105"}],"version-history":[{"count":0,"href":"https:\/\/propixel.be\/en\/wp-json\/wp\/v2\/product\/21105\/revisions"}],"wp:featuredmedia":[{"embeddable":true,"href":"https:\/\/propixel.be\/en\/wp-json\/wp\/v2\/media\/19108"}],"wp:attachment":[{"href":"https:\/\/propixel.be\/en\/wp-json\/wp\/v2\/media?parent=21105"}],"wp:term":[{"taxonomy":"product_brand","embeddable":true,"href":"https:\/\/propixel.be\/en\/wp-json\/wp\/v2\/product_brand?post=21105"},{"taxonomy":"product_cat","embeddable":true,"href":"https:\/\/propixel.be\/en\/wp-json\/wp\/v2\/product_cat?post=21105"},{"taxonomy":"product_tag","embeddable":true,"href":"https:\/\/propixel.be\/en\/wp-json\/wp\/v2\/product_tag?post=21105"}],"curies":[{"name":"wp","href":"https:\/\/api.w.org\/{rel}","templated":true}]}}