{"id":16541,"date":"2021-09-17T01:05:09","date_gmt":"2021-09-16T23:05:09","guid":{"rendered":"https:\/\/propixel.be\/boutique\/50-bornes-pour-boite-de-derivation-en-5-conducteurs\/"},"modified":"2025-07-31T13:26:42","modified_gmt":"2025-07-31T11:26:42","slug":"50-terminals-for-derivation-box-in-5-conductors","status":"publish","type":"product","link":"https:\/\/propixel.be\/en\/produit\/50-terminals-for-derivation-box-in-5-conductors\/","title":{"rendered":"50 terminals for 5-conductor junction boxes"},"content":{"rendered":"<div class=\"flex-1 overflow-hidden\">\n<div class=\"react-scroll-to-bottom--css-ribnw-79elbk h-full\">\n<div class=\"react-scroll-to-bottom--css-ribnw-1n7m0yu\">\n<div class=\"flex flex-col pb-9 text-sm\">\n<div class=\"w-full text-token-text-primary\" data-testid=\"conversation-turn-7\">\n<div class=\"px-4 py-2 justify-center text-base md:gap-6 m-auto\">\n<div class=\"flex flex-1 text-base mx-auto gap-3 md:px-5 lg:px-1 xl:px-5 md:max-w-3xl lg:max-w-[40rem] xl:max-w-[48rem] group final-completion\">\n<div class=\"relative flex w-full flex-col lg:w-[calc(100%-115px)] agent-turn\">\n<div class=\"flex-col gap-1 md:gap-3\">\n<div class=\"flex flex-grow flex-col max-w-full\">\n<div class=\"min-h-[20px] text-message flex flex-col items-start gap-3 whitespace-pre-wrap break-words [.text-message+&amp;]:mt-5 overflow-x-auto\" data-message-author-role=\"assistant\" data-message-id=\"ae2cab28-fa50-4365-ac3b-6614dbc88917\">\n<div class=\"markdown prose w-full break-words dark:prose-invert light\">\n<h2>1. Exceptional versatility of terminals for junction box<\/h2>\n<p><strong>Junction box terminals<\/strong> are distinguished by their exceptional adaptability, specifically designed to accommodate up to 5 conductors. Ideal for various electrical configurations, they adapt perfectly to all requirements, whether in residential, commercial, or industrial installations. <\/p>\n<h2>2. Robust Construction of the Terminals<\/h2>\n<p>Each <a href=\"https:\/\/www.mon-habitat-electrique.fr\/produit\/borne-pour-boite-de-derivation-8x25mm-gris-boite-de-50-22730208-wago\/\">terminal<\/a> is meticulously crafted with high-quality materials, ensuring exceptional durability. The robust construction of these terminals ensures reliable performance, even in harsh environmental conditions, providing a long-term connection solution. <\/p>\n<h2>3. Ease of Use of the Terminals<\/h2>\n<p>These junction box terminals are both simple and intuitive to use, making the installation process easier for both professional electricians and hobbyists. Equipped with screw terminals, these terminals ensure a secure connection without the need for specialized tools. <\/p>\n<p><strong>Benefits<\/strong><\/p>\n<h3>1. Save time with terminals for junction boxes<\/h3>\n<p>With 50 terminals included in each kit, these products offer significant time savings during electrical installations. These <strong>terminals<\/strong> provide a complete solution in a single purchase, eliminating the hassle of searching for additional connections. <\/p>\n<h3>2. Compliance with Safety Standards with Junction Box Terminals<\/h3>\n<p><strong>Junction box terminals<\/strong> strictly comply with the strictest electrical safety standards, ensuring safe use. Certified to meet regulatory requirements, these terminals guarantee a safe and reliable electrical installation. <\/p>\n<p>The 50-pack of 5-conductor terminals are the ideal option for those looking for versatile, robust, and compliant electrical connection solutions. Simplify your electrical installations with these high-quality terminals. <\/p>\n<\/div>\n<\/div>\n<\/div>\n<\/div>\n<\/div>\n<\/div>\n<\/div>\n<\/div>\n<\/div>\n<\/div>\n<\/div>\n<\/div>\n<h3><strong>PRODUCT INFORMATION<\/strong><\/h3>\n<p><strong>MAX<\/strong>: <span class=\"d2edcug0 hpfvmrgz qv66sw1b c1et5uql lr9zc1uh a8c37x1j keod5gw0 nxhoafnm aigsh9s9 d3f4x2em fe6kdd0r mau55g9w c8b282yb iv3no6db jq4qci2q a3bd9o3v b1v8xokw oo9gr5id\" dir=\"auto\">4 mm\u00b2<\/span><br \/>\n<strong>NUMBER OF DRIVERS<\/strong>: 5<br \/>\n<strong>TYPES<\/strong>: with levers<br \/>\n<strong>MAX. AMBIENT TEMPERATURE<\/strong>: <span class=\"d2edcug0 hpfvmrgz qv66sw1b c1et5uql lr9zc1uh a8c37x1j keod5gw0 nxhoafnm aigsh9s9 d3f4x2em fe6kdd0r mau55g9w c8b282yb iv3no6db jq4qci2q a3bd9o3v b1v8xokw oo9gr5id\" dir=\"auto\">40 \u00b0C<\/span><br \/>\n<strong>COLOR<\/strong>: Gris<\/p>\n<h3><strong>THE KALENZOO FIRE!<\/strong><\/h3>\n<p>Enjoy our <a href=\"https:\/\/propixel.be\/en\/\">designer and high-quality products<\/a> !<\/p>\n","protected":false},"excerpt":{"rendered":"<p><strong>MAX<\/strong> : <span class=\"d2edcug0 hpfvmrgz qv66sw1b c1et5uql lr9zc1uh a8c37x1j keod5gw0 nxhoafnm aigsh9s9 d3f4x2em fe6kdd0r mau55g9w c8b282yb iv3no6db jq4qci2q a3bd9o3v b1v8xokw oo9gr5id\" dir=\"auto\">4 mm\u00b2<\/span><br \/>\n <strong>NUMBER OF DRIVERS<\/strong> : 5<br \/>\n <strong>TYPES<\/strong> : with levers<br \/>\n <strong>MAX AMBIENT TEMPERATURE<\/strong> : <span class=\"d2edcug0 hpfvmrgz qv66sw1b c1et5uql lr9zc1uh a8c37x1j keod5gw0 nxhoafnm aigsh9s9 d3f4x2em fe6kdd0r mau55g9w c8b282yb iv3no6db jq4qci2q a3bd9o3v b1v8xokw oo9gr5id\" dir=\"auto\">40\u00b0C<\/span><br \/>\n <strong>COLOR<\/strong> : Gray<\/p>\n","protected":false},"featured_media":9820,"comment_status":"open","ping_status":"closed","template":"","meta":[],"product_brand":[],"product_cat":[197],"product_tag":[],"class_list":{"0":"post-16541","1":"product","2":"type-product","3":"status-publish","4":"has-post-thumbnail","6":"product_cat-electricite-en","7":"product_shipping_class-probo-en","9":"first","10":"outofstock","11":"featured","12":"taxable","13":"shipping-taxable","14":"purchasable","15":"product-type-simple"},"yoast_head":"<!-- This site is optimized with the Yoast SEO Premium plugin v22.9 (Yoast SEO v27.3) - https:\/\/yoast.com\/product\/yoast-seo-premium-wordpress\/ -->\n<title>Junction Box Terminals: Practical and Versatile Solution<\/title>\n<meta name=\"description\" content=\"Discover our terminals for junction boxes, a versatile solution to simplify your 5-conductor electrical connections. Reliability guaranteed.\" \/>\n<meta name=\"robots\" content=\"index, follow, max-snippet:-1, max-image-preview:large, max-video-preview:-1\" \/>\n<link rel=\"canonical\" href=\"https:\/\/propixel.be\/en\/produit\/50-terminals-for-derivation-box-in-5-conductors\/\" \/>\n<meta property=\"og:locale\" content=\"en_US\" \/>\n<meta property=\"og:type\" content=\"article\" \/>\n<meta property=\"og:title\" content=\"50 terminals for 5-conductor junction boxes\" \/>\n<meta property=\"og:description\" content=\"Discover our terminals for junction boxes, a versatile solution to simplify your 5-conductor electrical connections. Reliability guaranteed.\" \/>\n<meta property=\"og:url\" content=\"https:\/\/propixel.be\/en\/produit\/50-terminals-for-derivation-box-in-5-conductors\/\" \/>\n<meta property=\"og:site_name\" content=\"Propixel\" \/>\n<meta property=\"article:publisher\" content=\"https:\/\/www.facebook.com\/propixel\" \/>\n<meta property=\"article:modified_time\" content=\"2025-07-31T11:26:42+00:00\" \/>\n<meta property=\"og:image\" content=\"https:\/\/propixel.be\/wp-content\/uploads\/2021\/09\/wago-5.jpg\" \/>\n\t<meta property=\"og:image:width\" content=\"1200\" \/>\n\t<meta property=\"og:image:height\" content=\"1200\" \/>\n\t<meta property=\"og:image:type\" content=\"image\/jpeg\" \/>\n<meta name=\"twitter:card\" content=\"summary_large_image\" \/>\n<meta name=\"twitter:label1\" content=\"Est. reading time\" \/>\n\t<meta name=\"twitter:data1\" content=\"1 minute\" \/>\n<script type=\"application\/ld+json\" class=\"yoast-schema-graph\">{\"@context\":\"https:\\\/\\\/schema.org\",\"@graph\":[{\"@type\":\"WebPage\",\"@id\":\"https:\\\/\\\/propixel.be\\\/en\\\/produit\\\/50-terminals-for-derivation-box-in-5-conductors\\\/\",\"url\":\"https:\\\/\\\/propixel.be\\\/en\\\/produit\\\/50-terminals-for-derivation-box-in-5-conductors\\\/\",\"name\":\"Junction Box Terminals: Practical and Versatile Solution\",\"isPartOf\":{\"@id\":\"https:\\\/\\\/propixel.be\\\/#website\"},\"primaryImageOfPage\":{\"@id\":\"https:\\\/\\\/propixel.be\\\/en\\\/produit\\\/50-terminals-for-derivation-box-in-5-conductors\\\/#primaryimage\"},\"image\":{\"@id\":\"https:\\\/\\\/propixel.be\\\/en\\\/produit\\\/50-terminals-for-derivation-box-in-5-conductors\\\/#primaryimage\"},\"thumbnailUrl\":\"https:\\\/\\\/propixel.be\\\/wp-content\\\/uploads\\\/2021\\\/09\\\/wago-5.jpg\",\"datePublished\":\"2021-09-16T23:05:09+00:00\",\"dateModified\":\"2025-07-31T11:26:42+00:00\",\"description\":\"Discover our terminals for junction boxes, a versatile solution to simplify your 5-conductor electrical connections. Reliability guaranteed.\",\"breadcrumb\":{\"@id\":\"https:\\\/\\\/propixel.be\\\/en\\\/produit\\\/50-terminals-for-derivation-box-in-5-conductors\\\/#breadcrumb\"},\"inLanguage\":\"en-US\",\"potentialAction\":[{\"@type\":\"ReadAction\",\"target\":[\"https:\\\/\\\/propixel.be\\\/en\\\/produit\\\/50-terminals-for-derivation-box-in-5-conductors\\\/\"]}]},{\"@type\":\"ImageObject\",\"inLanguage\":\"en-US\",\"@id\":\"https:\\\/\\\/propixel.be\\\/en\\\/produit\\\/50-terminals-for-derivation-box-in-5-conductors\\\/#primaryimage\",\"url\":\"https:\\\/\\\/propixel.be\\\/wp-content\\\/uploads\\\/2021\\\/09\\\/wago-5.jpg\",\"contentUrl\":\"https:\\\/\\\/propixel.be\\\/wp-content\\\/uploads\\\/2021\\\/09\\\/wago-5.jpg\",\"width\":1200,\"height\":1200,\"caption\":\"bornes pour bo\u00eete de d\u00e9rivation\"},{\"@type\":\"BreadcrumbList\",\"@id\":\"https:\\\/\\\/propixel.be\\\/en\\\/produit\\\/50-terminals-for-derivation-box-in-5-conductors\\\/#breadcrumb\",\"itemListElement\":[{\"@type\":\"ListItem\",\"position\":1,\"name\":\"Welcome\",\"item\":\"https:\\\/\\\/propixel.be\\\/\"},{\"@type\":\"ListItem\",\"position\":2,\"name\":\"Shop\",\"item\":\"https:\\\/\\\/propixel.be\\\/en\\\/shop\\\/\"},{\"@type\":\"ListItem\",\"position\":3,\"name\":\"50 terminals for 5-conductor junction boxes\"}]},{\"@type\":\"WebSite\",\"@id\":\"https:\\\/\\\/propixel.be\\\/#website\",\"url\":\"https:\\\/\\\/propixel.be\\\/\",\"name\":\"Propixel\",\"description\":\"D&#039;une id\u00e9e \u00e0 la r\u00e9alit\u00e9, notre m\u00e9tier !\",\"publisher\":{\"@id\":\"https:\\\/\\\/propixel.be\\\/#organization\"},\"potentialAction\":[{\"@type\":\"SearchAction\",\"target\":{\"@type\":\"EntryPoint\",\"urlTemplate\":\"https:\\\/\\\/propixel.be\\\/?s={search_term_string}\"},\"query-input\":{\"@type\":\"PropertyValueSpecification\",\"valueRequired\":true,\"valueName\":\"search_term_string\"}}],\"inLanguage\":\"en-US\"},{\"@type\":\"Organization\",\"@id\":\"https:\\\/\\\/propixel.be\\\/#organization\",\"name\":\"Aykan Deveci\",\"alternateName\":\"Aykan Deveci\",\"url\":\"https:\\\/\\\/propixel.be\\\/\",\"logo\":{\"@type\":\"ImageObject\",\"inLanguage\":\"en-US\",\"@id\":\"https:\\\/\\\/propixel.be\\\/#\\\/schema\\\/logo\\\/image\\\/\",\"url\":\"https:\\\/\\\/propixel.be\\\/wp-content\\\/uploads\\\/2023\\\/06\\\/styky-logo.png\",\"contentUrl\":\"https:\\\/\\\/propixel.be\\\/wp-content\\\/uploads\\\/2023\\\/06\\\/styky-logo.png\",\"width\":243,\"height\":75,\"caption\":\"Aykan Deveci\"},\"image\":{\"@id\":\"https:\\\/\\\/propixel.be\\\/#\\\/schema\\\/logo\\\/image\\\/\"},\"sameAs\":[\"https:\\\/\\\/www.facebook.com\\\/propixel\",\"https:\\\/\\\/www.tiktok.com\\\/@propixel.design\",\"https:\\\/\\\/www.instagram.com\\\/propixel.design\\\/\"]}]}<\/script>\n<!-- \/ Yoast SEO Premium plugin. -->","yoast_head_json":{"title":"Junction Box Terminals: Practical and Versatile Solution","description":"Discover our terminals for junction boxes, a versatile solution to simplify your 5-conductor electrical connections. Reliability guaranteed.","robots":{"index":"index","follow":"follow","max-snippet":"max-snippet:-1","max-image-preview":"max-image-preview:large","max-video-preview":"max-video-preview:-1"},"canonical":"https:\/\/propixel.be\/en\/produit\/50-terminals-for-derivation-box-in-5-conductors\/","og_locale":"en_US","og_type":"article","og_title":"50 terminals for 5-conductor junction boxes","og_description":"Discover our terminals for junction boxes, a versatile solution to simplify your 5-conductor electrical connections. Reliability guaranteed.","og_url":"https:\/\/propixel.be\/en\/produit\/50-terminals-for-derivation-box-in-5-conductors\/","og_site_name":"Propixel","article_publisher":"https:\/\/www.facebook.com\/propixel","article_modified_time":"2025-07-31T11:26:42+00:00","og_image":[{"width":1200,"height":1200,"url":"https:\/\/propixel.be\/wp-content\/uploads\/2021\/09\/wago-5.jpg","type":"image\/jpeg"}],"twitter_card":"summary_large_image","twitter_misc":{"Est. reading time":"1 minute"},"schema":{"@context":"https:\/\/schema.org","@graph":[{"@type":"WebPage","@id":"https:\/\/propixel.be\/en\/produit\/50-terminals-for-derivation-box-in-5-conductors\/","url":"https:\/\/propixel.be\/en\/produit\/50-terminals-for-derivation-box-in-5-conductors\/","name":"Junction Box Terminals: Practical and Versatile Solution","isPartOf":{"@id":"https:\/\/propixel.be\/#website"},"primaryImageOfPage":{"@id":"https:\/\/propixel.be\/en\/produit\/50-terminals-for-derivation-box-in-5-conductors\/#primaryimage"},"image":{"@id":"https:\/\/propixel.be\/en\/produit\/50-terminals-for-derivation-box-in-5-conductors\/#primaryimage"},"thumbnailUrl":"https:\/\/propixel.be\/wp-content\/uploads\/2021\/09\/wago-5.jpg","datePublished":"2021-09-16T23:05:09+00:00","dateModified":"2025-07-31T11:26:42+00:00","description":"Discover our terminals for junction boxes, a versatile solution to simplify your 5-conductor electrical connections. Reliability guaranteed.","breadcrumb":{"@id":"https:\/\/propixel.be\/en\/produit\/50-terminals-for-derivation-box-in-5-conductors\/#breadcrumb"},"inLanguage":"en-US","potentialAction":[{"@type":"ReadAction","target":["https:\/\/propixel.be\/en\/produit\/50-terminals-for-derivation-box-in-5-conductors\/"]}]},{"@type":"ImageObject","inLanguage":"en-US","@id":"https:\/\/propixel.be\/en\/produit\/50-terminals-for-derivation-box-in-5-conductors\/#primaryimage","url":"https:\/\/propixel.be\/wp-content\/uploads\/2021\/09\/wago-5.jpg","contentUrl":"https:\/\/propixel.be\/wp-content\/uploads\/2021\/09\/wago-5.jpg","width":1200,"height":1200,"caption":"bornes pour bo\u00eete de d\u00e9rivation"},{"@type":"BreadcrumbList","@id":"https:\/\/propixel.be\/en\/produit\/50-terminals-for-derivation-box-in-5-conductors\/#breadcrumb","itemListElement":[{"@type":"ListItem","position":1,"name":"Welcome","item":"https:\/\/propixel.be\/"},{"@type":"ListItem","position":2,"name":"Shop","item":"https:\/\/propixel.be\/en\/shop\/"},{"@type":"ListItem","position":3,"name":"50 terminals for 5-conductor junction boxes"}]},{"@type":"WebSite","@id":"https:\/\/propixel.be\/#website","url":"https:\/\/propixel.be\/","name":"Propixel","description":"D&#039;une id\u00e9e \u00e0 la r\u00e9alit\u00e9, notre m\u00e9tier !","publisher":{"@id":"https:\/\/propixel.be\/#organization"},"potentialAction":[{"@type":"SearchAction","target":{"@type":"EntryPoint","urlTemplate":"https:\/\/propixel.be\/?s={search_term_string}"},"query-input":{"@type":"PropertyValueSpecification","valueRequired":true,"valueName":"search_term_string"}}],"inLanguage":"en-US"},{"@type":"Organization","@id":"https:\/\/propixel.be\/#organization","name":"Aykan Deveci","alternateName":"Aykan Deveci","url":"https:\/\/propixel.be\/","logo":{"@type":"ImageObject","inLanguage":"en-US","@id":"https:\/\/propixel.be\/#\/schema\/logo\/image\/","url":"https:\/\/propixel.be\/wp-content\/uploads\/2023\/06\/styky-logo.png","contentUrl":"https:\/\/propixel.be\/wp-content\/uploads\/2023\/06\/styky-logo.png","width":243,"height":75,"caption":"Aykan Deveci"},"image":{"@id":"https:\/\/propixel.be\/#\/schema\/logo\/image\/"},"sameAs":["https:\/\/www.facebook.com\/propixel","https:\/\/www.tiktok.com\/@propixel.design","https:\/\/www.instagram.com\/propixel.design\/"]}]}},"_links":{"self":[{"href":"https:\/\/propixel.be\/en\/wp-json\/wp\/v2\/product\/16541","targetHints":{"allow":["GET"]}}],"collection":[{"href":"https:\/\/propixel.be\/en\/wp-json\/wp\/v2\/product"}],"about":[{"href":"https:\/\/propixel.be\/en\/wp-json\/wp\/v2\/types\/product"}],"replies":[{"embeddable":true,"href":"https:\/\/propixel.be\/en\/wp-json\/wp\/v2\/comments?post=16541"}],"version-history":[{"count":0,"href":"https:\/\/propixel.be\/en\/wp-json\/wp\/v2\/product\/16541\/revisions"}],"wp:featuredmedia":[{"embeddable":true,"href":"https:\/\/propixel.be\/en\/wp-json\/wp\/v2\/media\/9820"}],"wp:attachment":[{"href":"https:\/\/propixel.be\/en\/wp-json\/wp\/v2\/media?parent=16541"}],"wp:term":[{"taxonomy":"product_brand","embeddable":true,"href":"https:\/\/propixel.be\/en\/wp-json\/wp\/v2\/product_brand?post=16541"},{"taxonomy":"product_cat","embeddable":true,"href":"https:\/\/propixel.be\/en\/wp-json\/wp\/v2\/product_cat?post=16541"},{"taxonomy":"product_tag","embeddable":true,"href":"https:\/\/propixel.be\/en\/wp-json\/wp\/v2\/product_tag?post=16541"}],"curies":[{"name":"wp","href":"https:\/\/api.w.org\/{rel}","templated":true}]}}