{"id":16539,"date":"2021-09-17T01:38:42","date_gmt":"2021-09-16T23:38:42","guid":{"rendered":"https:\/\/propixel.be\/boutique\/100-bornes-pour-boite-de-derivation-en-2-conducteurs\/"},"modified":"2025-07-31T13:26:44","modified_gmt":"2025-07-31T11:26:44","slug":"100-terminals-for-derivation-box-in-2-conductors","status":"publish","type":"product","link":"https:\/\/propixel.be\/en\/produit\/100-terminals-for-derivation-box-in-2-conductors\/","title":{"rendered":"100 terminals for 2-conductor junction box"},"content":{"rendered":"<div class=\"flex-1 overflow-hidden\">\n<div class=\"react-scroll-to-bottom--css-dogly-79elbk h-full\">\n<div class=\"react-scroll-to-bottom--css-dogly-1n7m0yu\">\n<div class=\"flex flex-col pb-9 text-sm\">\n<div class=\"w-full text-token-text-primary\" data-testid=\"conversation-turn-5\">\n<div class=\"px-4 py-2 justify-center text-base md:gap-6 m-auto\">\n<div class=\"flex flex-1 text-base mx-auto gap-3 md:px-5 lg:px-1 xl:px-5 md:max-w-3xl lg:max-w-[40rem] xl:max-w-[48rem] group final-completion\">\n<div class=\"relative flex w-full flex-col lg:w-[calc(100%-115px)] agent-turn\">\n<div class=\"flex-col gap-1 md:gap-3\">\n<div class=\"flex flex-grow flex-col max-w-full\">\n<div class=\"min-h-[20px] text-message flex flex-col items-start gap-3 whitespace-pre-wrap break-words [.text-message+&amp;]:mt-5 overflow-x-auto\" data-message-author-role=\"assistant\" data-message-id=\"2ada4477-b8eb-4363-b9cb-9faccc0f94a4\">\n<div class=\"markdown prose w-full break-words dark:prose-invert light\">\n<h1><strong>Junction Boxes: Optimize Your Electrical Connections with Our Quality Terminals<\/strong><\/h1>\n<p>Discover our exclusive set of 100 terminals for 2-conductor junction boxes, designed to simplify and optimize your electrical installations. Whether you&#8217;re an experienced professional or a passionate DIY enthusiast, these terminals offer you a reliable solution for connecting your cables securely and efficiently. <\/p>\n<h2><strong>Key Features of the Junction Box<\/strong><\/h2>\n<h3><strong>Versatility<\/strong><\/h3>\n<p>Junction boxes are essential for ensuring secure electrical connections in a variety of environments. Our terminals are compatible with 2-conductor junction boxes, offering exceptional versatility for a range of residential, commercial, and industrial applications. <\/p>\n<h3><strong>Reliability<\/strong><\/h3>\n<p>Reliability is our priority. Each terminal is manufactured with high-quality materials to ensure optimal conductivity and long-term durability. Electrical connections remain stable, minimizing the risk of failure and ensuring continuous operation of your circuits.  <\/p>\n<h3><strong>Junction box: Easy installation<\/strong><\/h3>\n<p>Save time in the field with easy installation. The <a href=\"https:\/\/www.legrand.fr\/actualites\/tout-savoir-sur-les-boites-de-derivation#:~:text=Il%20faut%20veiller%20%C3%A0%20respecter,d%C3%A9faut%20sur%20le%20circuit%20concern%C3%A9.\">terminals<\/a> are designed for effortless handling, simplifying the installation process even for novice users. Secure connections ensure hassle-free installation, thus reducing labor costs.  <\/p>\n<h2><strong>Advanced Security<\/strong><\/h2>\n<h3><strong>Junction Box: Short Circuit Protection<\/strong><\/h3>\n<p>The terminal blocks incorporate advanced short-circuit protection mechanisms, ensuring maximum safety. The intelligent design prevents power surges, protects your electrical equipment, and ensures worry-free use. <\/p>\n<h3><strong>Normative Compliance<\/strong><\/h3>\n<p>Meet the strictest electrical standards. Our junction boxes comply with current regulations, providing additional peace of mind regarding the compliance of your installations. <\/p>\n<p>By investing in <a href=\"https:\/\/propixel.be\/en\/\">our 2-conductor junction box terminals<\/a> , you&#8217;re choosing quality, ease of use, and safety. Simplify your electrical connections now and ensure reliable and compliant installations. Transform your electrical experience with our premium junction box terminals.  <\/p>\n<\/div>\n<\/div>\n<\/div>\n<\/div>\n<\/div>\n<\/div>\n<\/div>\n<\/div>\n<\/div>\n<\/div>\n<\/div>\n<\/div>\n<h3><strong>PRODUCT INFORMATION<br \/>\n<\/strong><\/h3>\n<p><span class=\"d2edcug0 hpfvmrgz qv66sw1b c1et5uql lr9zc1uh a8c37x1j keod5gw0 nxhoafnm aigsh9s9 d3f4x2em fe6kdd0r mau55g9w c8b282yb iv3no6db jq4qci2q a3bd9o3v b1v8xokw oo9gr5id\" dir=\"auto\">CLASSIC junction box terminal. For all types of drivers<\/span><\/p>\n<p><strong>MAX<\/strong>: <span class=\"d2edcug0 hpfvmrgz qv66sw1b c1et5uql lr9zc1uh a8c37x1j keod5gw0 nxhoafnm aigsh9s9 d3f4x2em fe6kdd0r mau55g9w c8b282yb iv3no6db jq4qci2q a3bd9o3v b1v8xokw oo9gr5id\" dir=\"auto\">4 mm\u00b2<\/span><br \/>\n<strong>NUMBER OF DRIVERS<\/strong> : 2<br \/>\n<strong>TYPES<\/strong>: with levers<br \/>\n<strong>MAX. AMBIENT TEMPERATURE<\/strong>: <span class=\"d2edcug0 hpfvmrgz qv66sw1b c1et5uql lr9zc1uh a8c37x1j keod5gw0 nxhoafnm aigsh9s9 d3f4x2em fe6kdd0r mau55g9w c8b282yb iv3no6db jq4qci2q a3bd9o3v b1v8xokw oo9gr5id\" dir=\"auto\">40 \u00b0C<\/span><br \/>\n<strong>COLOR<\/strong>: Gris<\/p>\n<h3><strong>THE KALENZOO FIRE!<\/strong><\/h3>\n<p>Take advantage of our high-quality, designer products!<\/p>\n","protected":false},"excerpt":{"rendered":"<p><strong>MAX<\/strong> : <span class=\"d2edcug0 hpfvmrgz qv66sw1b c1et5uql lr9zc1uh a8c37x1j keod5gw0 nxhoafnm aigsh9s9 d3f4x2em fe6kdd0r mau55g9w c8b282yb iv3no6db jq4qci2q a3bd9o3v b1v8xokw oo9gr5id\" dir=\"auto\">4 mm\u00b2<\/span><br \/>\n <strong>NUMBER OF DRIVERS<\/strong> : 2<br \/>\n <strong>TYPES<\/strong> : with levers<br \/>\n <strong>MAX AMBIENT TEMPERATURE<\/strong> : <span class=\"d2edcug0 hpfvmrgz qv66sw1b c1et5uql lr9zc1uh a8c37x1j keod5gw0 nxhoafnm aigsh9s9 d3f4x2em fe6kdd0r mau55g9w c8b282yb iv3no6db jq4qci2q a3bd9o3v b1v8xokw oo9gr5id\" dir=\"auto\">40\u00b0C<\/span><br \/>\n <strong>COLOR<\/strong> : Gray<\/p>\n","protected":false},"featured_media":9818,"comment_status":"open","ping_status":"closed","template":"","meta":[],"product_brand":[],"product_cat":[197],"product_tag":[],"class_list":{"0":"post-16539","1":"product","2":"type-product","3":"status-publish","4":"has-post-thumbnail","6":"product_cat-electricite-en","7":"product_shipping_class-probo-en","9":"first","10":"outofstock","11":"taxable","12":"shipping-taxable","13":"purchasable","14":"product-type-simple"},"yoast_head":"<!-- This site is optimized with the Yoast SEO Premium plugin v22.9 (Yoast SEO v27.3) - https:\/\/yoast.com\/product\/yoast-seo-premium-wordpress\/ -->\n<title>Junction Box: Simplify Your Connections with Our Terminals!<\/title>\n<meta name=\"description\" content=\"Discover our special terminals for junction boxes. Simplify your electrical connections safely with our reliable and efficient solution.\" \/>\n<meta name=\"robots\" content=\"index, follow, max-snippet:-1, max-image-preview:large, max-video-preview:-1\" \/>\n<link rel=\"canonical\" href=\"https:\/\/propixel.be\/en\/produit\/100-terminals-for-derivation-box-in-2-conductors\/\" \/>\n<meta property=\"og:locale\" content=\"en_US\" \/>\n<meta property=\"og:type\" content=\"article\" \/>\n<meta property=\"og:title\" content=\"100 terminals for 2-conductor junction box\" \/>\n<meta property=\"og:description\" content=\"Discover our special terminals for junction boxes. Simplify your electrical connections safely with our reliable and efficient solution.\" \/>\n<meta property=\"og:url\" content=\"https:\/\/propixel.be\/en\/produit\/100-terminals-for-derivation-box-in-2-conductors\/\" \/>\n<meta property=\"og:site_name\" content=\"Propixel\" \/>\n<meta property=\"article:publisher\" content=\"https:\/\/www.facebook.com\/propixel\" \/>\n<meta property=\"article:modified_time\" content=\"2025-07-31T11:26:44+00:00\" \/>\n<meta property=\"og:image\" content=\"https:\/\/propixel.be\/wp-content\/uploads\/2021\/09\/wago-2.jpg\" \/>\n\t<meta property=\"og:image:width\" content=\"1200\" \/>\n\t<meta property=\"og:image:height\" content=\"1200\" \/>\n\t<meta property=\"og:image:type\" content=\"image\/jpeg\" \/>\n<meta name=\"twitter:card\" content=\"summary_large_image\" \/>\n<meta name=\"twitter:label1\" content=\"Est. reading time\" \/>\n\t<meta name=\"twitter:data1\" content=\"1 minute\" \/>\n<script type=\"application\/ld+json\" class=\"yoast-schema-graph\">{\"@context\":\"https:\\\/\\\/schema.org\",\"@graph\":[{\"@type\":\"WebPage\",\"@id\":\"https:\\\/\\\/propixel.be\\\/en\\\/produit\\\/100-terminals-for-derivation-box-in-2-conductors\\\/\",\"url\":\"https:\\\/\\\/propixel.be\\\/en\\\/produit\\\/100-terminals-for-derivation-box-in-2-conductors\\\/\",\"name\":\"Junction Box: Simplify Your Connections with Our Terminals!\",\"isPartOf\":{\"@id\":\"https:\\\/\\\/propixel.be\\\/#website\"},\"primaryImageOfPage\":{\"@id\":\"https:\\\/\\\/propixel.be\\\/en\\\/produit\\\/100-terminals-for-derivation-box-in-2-conductors\\\/#primaryimage\"},\"image\":{\"@id\":\"https:\\\/\\\/propixel.be\\\/en\\\/produit\\\/100-terminals-for-derivation-box-in-2-conductors\\\/#primaryimage\"},\"thumbnailUrl\":\"https:\\\/\\\/propixel.be\\\/wp-content\\\/uploads\\\/2021\\\/09\\\/wago-2.jpg\",\"datePublished\":\"2021-09-16T23:38:42+00:00\",\"dateModified\":\"2025-07-31T11:26:44+00:00\",\"description\":\"Discover our special terminals for junction boxes. Simplify your electrical connections safely with our reliable and efficient solution.\",\"breadcrumb\":{\"@id\":\"https:\\\/\\\/propixel.be\\\/en\\\/produit\\\/100-terminals-for-derivation-box-in-2-conductors\\\/#breadcrumb\"},\"inLanguage\":\"en-US\",\"potentialAction\":[{\"@type\":\"ReadAction\",\"target\":[\"https:\\\/\\\/propixel.be\\\/en\\\/produit\\\/100-terminals-for-derivation-box-in-2-conductors\\\/\"]}]},{\"@type\":\"ImageObject\",\"inLanguage\":\"en-US\",\"@id\":\"https:\\\/\\\/propixel.be\\\/en\\\/produit\\\/100-terminals-for-derivation-box-in-2-conductors\\\/#primaryimage\",\"url\":\"https:\\\/\\\/propixel.be\\\/wp-content\\\/uploads\\\/2021\\\/09\\\/wago-2.jpg\",\"contentUrl\":\"https:\\\/\\\/propixel.be\\\/wp-content\\\/uploads\\\/2021\\\/09\\\/wago-2.jpg\",\"width\":1200,\"height\":1200,\"caption\":\"bo\u00eete de d\u00e9rivation\"},{\"@type\":\"BreadcrumbList\",\"@id\":\"https:\\\/\\\/propixel.be\\\/en\\\/produit\\\/100-terminals-for-derivation-box-in-2-conductors\\\/#breadcrumb\",\"itemListElement\":[{\"@type\":\"ListItem\",\"position\":1,\"name\":\"Welcome\",\"item\":\"https:\\\/\\\/propixel.be\\\/\"},{\"@type\":\"ListItem\",\"position\":2,\"name\":\"Shop\",\"item\":\"https:\\\/\\\/propixel.be\\\/en\\\/shop\\\/\"},{\"@type\":\"ListItem\",\"position\":3,\"name\":\"100 terminals for 2-conductor junction box\"}]},{\"@type\":\"WebSite\",\"@id\":\"https:\\\/\\\/propixel.be\\\/#website\",\"url\":\"https:\\\/\\\/propixel.be\\\/\",\"name\":\"Propixel\",\"description\":\"D&#039;une id\u00e9e \u00e0 la r\u00e9alit\u00e9, notre m\u00e9tier !\",\"publisher\":{\"@id\":\"https:\\\/\\\/propixel.be\\\/#organization\"},\"potentialAction\":[{\"@type\":\"SearchAction\",\"target\":{\"@type\":\"EntryPoint\",\"urlTemplate\":\"https:\\\/\\\/propixel.be\\\/?s={search_term_string}\"},\"query-input\":{\"@type\":\"PropertyValueSpecification\",\"valueRequired\":true,\"valueName\":\"search_term_string\"}}],\"inLanguage\":\"en-US\"},{\"@type\":\"Organization\",\"@id\":\"https:\\\/\\\/propixel.be\\\/#organization\",\"name\":\"Aykan Deveci\",\"alternateName\":\"Aykan Deveci\",\"url\":\"https:\\\/\\\/propixel.be\\\/\",\"logo\":{\"@type\":\"ImageObject\",\"inLanguage\":\"en-US\",\"@id\":\"https:\\\/\\\/propixel.be\\\/#\\\/schema\\\/logo\\\/image\\\/\",\"url\":\"https:\\\/\\\/propixel.be\\\/wp-content\\\/uploads\\\/2023\\\/06\\\/styky-logo.png\",\"contentUrl\":\"https:\\\/\\\/propixel.be\\\/wp-content\\\/uploads\\\/2023\\\/06\\\/styky-logo.png\",\"width\":243,\"height\":75,\"caption\":\"Aykan Deveci\"},\"image\":{\"@id\":\"https:\\\/\\\/propixel.be\\\/#\\\/schema\\\/logo\\\/image\\\/\"},\"sameAs\":[\"https:\\\/\\\/www.facebook.com\\\/propixel\",\"https:\\\/\\\/www.tiktok.com\\\/@propixel.design\",\"https:\\\/\\\/www.instagram.com\\\/propixel.design\\\/\"]}]}<\/script>\n<!-- \/ Yoast SEO Premium plugin. -->","yoast_head_json":{"title":"Junction Box: Simplify Your Connections with Our Terminals!","description":"Discover our special terminals for junction boxes. Simplify your electrical connections safely with our reliable and efficient solution.","robots":{"index":"index","follow":"follow","max-snippet":"max-snippet:-1","max-image-preview":"max-image-preview:large","max-video-preview":"max-video-preview:-1"},"canonical":"https:\/\/propixel.be\/en\/produit\/100-terminals-for-derivation-box-in-2-conductors\/","og_locale":"en_US","og_type":"article","og_title":"100 terminals for 2-conductor junction box","og_description":"Discover our special terminals for junction boxes. Simplify your electrical connections safely with our reliable and efficient solution.","og_url":"https:\/\/propixel.be\/en\/produit\/100-terminals-for-derivation-box-in-2-conductors\/","og_site_name":"Propixel","article_publisher":"https:\/\/www.facebook.com\/propixel","article_modified_time":"2025-07-31T11:26:44+00:00","og_image":[{"width":1200,"height":1200,"url":"https:\/\/propixel.be\/wp-content\/uploads\/2021\/09\/wago-2.jpg","type":"image\/jpeg"}],"twitter_card":"summary_large_image","twitter_misc":{"Est. reading time":"1 minute"},"schema":{"@context":"https:\/\/schema.org","@graph":[{"@type":"WebPage","@id":"https:\/\/propixel.be\/en\/produit\/100-terminals-for-derivation-box-in-2-conductors\/","url":"https:\/\/propixel.be\/en\/produit\/100-terminals-for-derivation-box-in-2-conductors\/","name":"Junction Box: Simplify Your Connections with Our Terminals!","isPartOf":{"@id":"https:\/\/propixel.be\/#website"},"primaryImageOfPage":{"@id":"https:\/\/propixel.be\/en\/produit\/100-terminals-for-derivation-box-in-2-conductors\/#primaryimage"},"image":{"@id":"https:\/\/propixel.be\/en\/produit\/100-terminals-for-derivation-box-in-2-conductors\/#primaryimage"},"thumbnailUrl":"https:\/\/propixel.be\/wp-content\/uploads\/2021\/09\/wago-2.jpg","datePublished":"2021-09-16T23:38:42+00:00","dateModified":"2025-07-31T11:26:44+00:00","description":"Discover our special terminals for junction boxes. Simplify your electrical connections safely with our reliable and efficient solution.","breadcrumb":{"@id":"https:\/\/propixel.be\/en\/produit\/100-terminals-for-derivation-box-in-2-conductors\/#breadcrumb"},"inLanguage":"en-US","potentialAction":[{"@type":"ReadAction","target":["https:\/\/propixel.be\/en\/produit\/100-terminals-for-derivation-box-in-2-conductors\/"]}]},{"@type":"ImageObject","inLanguage":"en-US","@id":"https:\/\/propixel.be\/en\/produit\/100-terminals-for-derivation-box-in-2-conductors\/#primaryimage","url":"https:\/\/propixel.be\/wp-content\/uploads\/2021\/09\/wago-2.jpg","contentUrl":"https:\/\/propixel.be\/wp-content\/uploads\/2021\/09\/wago-2.jpg","width":1200,"height":1200,"caption":"bo\u00eete de d\u00e9rivation"},{"@type":"BreadcrumbList","@id":"https:\/\/propixel.be\/en\/produit\/100-terminals-for-derivation-box-in-2-conductors\/#breadcrumb","itemListElement":[{"@type":"ListItem","position":1,"name":"Welcome","item":"https:\/\/propixel.be\/"},{"@type":"ListItem","position":2,"name":"Shop","item":"https:\/\/propixel.be\/en\/shop\/"},{"@type":"ListItem","position":3,"name":"100 terminals for 2-conductor junction box"}]},{"@type":"WebSite","@id":"https:\/\/propixel.be\/#website","url":"https:\/\/propixel.be\/","name":"Propixel","description":"D&#039;une id\u00e9e \u00e0 la r\u00e9alit\u00e9, notre m\u00e9tier !","publisher":{"@id":"https:\/\/propixel.be\/#organization"},"potentialAction":[{"@type":"SearchAction","target":{"@type":"EntryPoint","urlTemplate":"https:\/\/propixel.be\/?s={search_term_string}"},"query-input":{"@type":"PropertyValueSpecification","valueRequired":true,"valueName":"search_term_string"}}],"inLanguage":"en-US"},{"@type":"Organization","@id":"https:\/\/propixel.be\/#organization","name":"Aykan Deveci","alternateName":"Aykan Deveci","url":"https:\/\/propixel.be\/","logo":{"@type":"ImageObject","inLanguage":"en-US","@id":"https:\/\/propixel.be\/#\/schema\/logo\/image\/","url":"https:\/\/propixel.be\/wp-content\/uploads\/2023\/06\/styky-logo.png","contentUrl":"https:\/\/propixel.be\/wp-content\/uploads\/2023\/06\/styky-logo.png","width":243,"height":75,"caption":"Aykan Deveci"},"image":{"@id":"https:\/\/propixel.be\/#\/schema\/logo\/image\/"},"sameAs":["https:\/\/www.facebook.com\/propixel","https:\/\/www.tiktok.com\/@propixel.design","https:\/\/www.instagram.com\/propixel.design\/"]}]}},"_links":{"self":[{"href":"https:\/\/propixel.be\/en\/wp-json\/wp\/v2\/product\/16539","targetHints":{"allow":["GET"]}}],"collection":[{"href":"https:\/\/propixel.be\/en\/wp-json\/wp\/v2\/product"}],"about":[{"href":"https:\/\/propixel.be\/en\/wp-json\/wp\/v2\/types\/product"}],"replies":[{"embeddable":true,"href":"https:\/\/propixel.be\/en\/wp-json\/wp\/v2\/comments?post=16539"}],"version-history":[{"count":0,"href":"https:\/\/propixel.be\/en\/wp-json\/wp\/v2\/product\/16539\/revisions"}],"wp:featuredmedia":[{"embeddable":true,"href":"https:\/\/propixel.be\/en\/wp-json\/wp\/v2\/media\/9818"}],"wp:attachment":[{"href":"https:\/\/propixel.be\/en\/wp-json\/wp\/v2\/media?parent=16539"}],"wp:term":[{"taxonomy":"product_brand","embeddable":true,"href":"https:\/\/propixel.be\/en\/wp-json\/wp\/v2\/product_brand?post=16539"},{"taxonomy":"product_cat","embeddable":true,"href":"https:\/\/propixel.be\/en\/wp-json\/wp\/v2\/product_cat?post=16539"},{"taxonomy":"product_tag","embeddable":true,"href":"https:\/\/propixel.be\/en\/wp-json\/wp\/v2\/product_tag?post=16539"}],"curies":[{"name":"wp","href":"https:\/\/api.w.org\/{rel}","templated":true}]}}