{"id":16527,"date":"2021-09-23T19:27:21","date_gmt":"2021-09-23T17:27:21","guid":{"rendered":"https:\/\/propixel.be\/boutique\/lampes-led-avec-douille-gu10-warm-white-480lm\/"},"modified":"2025-07-31T13:26:36","modified_gmt":"2025-07-31T11:26:36","slug":"lamples-ed-with-socket-gu10-warm-white-480lm","status":"publish","type":"product","link":"https:\/\/propixel.be\/en\/produit\/lamples-ed-with-socket-gu10-warm-white-480lm\/","title":{"rendered":"10 x LED lamps with GU10 warm white lampholder 480lm &#8211; 3000K"},"content":{"rendered":"<h1><strong>LED lamps with GU10 warm socket: Energy saving and warm atmosphere<\/strong><\/h1>\n<p>Replace your 60W halogen bulbs with LED bulbs with a GU10 warm socket, only 6W. Save up to 85%, 25,000 hours of lifespan. Create a warm atmosphere with 3000 Kelvin and 480 lumens, flicker-free. Ideal for offices, homes, and hotels. Eco-friendly, easy to install, one-year warranty included.    <\/p>\n<h2><strong>LED lamps with <a href=\"https:\/\/www.besled.fr\/lampe-led-trion-rova-douille-gu10-5w-blanc-chaud-2200k-3000k-dimmable-dim-to-warm\">GU10 warm socket<\/a> : WARM LIGHT AND ENERGY EFFICIENCY<\/strong><\/h2>\n<p>Discover a new way to light up with the KALENZOO GU10 LED bulb, a great replacement for 60W halogen bulbs. At just 6W, it offers exceptional energy savings of up to 85%, with a lifespan of 25,000 hours. Enjoy a warm ambiance with a 3000 Kelvin white light, illuminating at 480 lumens without flickering.  <\/p>\n<h2><strong>PRECISE AND VERSATILE LIGHTING  <\/strong><\/h2>\n<p>The 38\u00b0 beam angle creates accent lighting that&#8217;s ideal for highlighting objects in any room. Whether in offices, home installations, public buildings, hotels, or restaurants, this bulb fits perfectly, provided the holder contains a GU10 socket. <\/p>\n<h3><strong>EASY AND ECO-FRIENDLY INSTALLATION<\/strong><\/h3>\n<p>Installation is simple, heat dissipation is fast, ensuring stable and long-lasting brightness. Made of plastic, it is environmentally friendly and recyclable. CE and RoHS certified, this bulb guarantees safety and reliability.  <\/p>\n<h3><strong>LED lamps with GU10 warm socket: KALENZOO GUARANTEE: QUALITY AND TRUST<\/strong><\/h3>\n<p>Choose quality with KALENZOO. <a href=\"https:\/\/propixel.be\/en\/\">Benefit from a one-year replacement warranty<\/a> included in the price. If you have any problems, contact us for quick assistance.  <\/p>\n<p><strong>TECHNICAL CHARACTERISTICS<\/strong><\/p>\n<ul>\n<li>Brand: Kalenzoo<\/li>\n<li>Type: LED<\/li>\n<li>Power: 6 Watt (Equivalent to a 60 Watt incandescent bulb)<\/li>\n<li>Temperature\/Color Rendering: 3000 Kelvin<\/li>\n<li>Luminous flux: 480 lumens<\/li>\n<li>Watt\/Lumen: 80 lm\/W<\/li>\n<li>Socket: GU10<\/li>\n<li>Protection index: IP20<\/li>\n<li>Shape: PAR 16 Reflector<\/li>\n<li>Energy label: A+<\/li>\n<li>Angle: 38\u00b0<\/li>\n<li>Dimmable: no<\/li>\n<li>Material: Plastic<\/li>\n<li>Socket type: Wall switch<\/li>\n<li>On\/Off: 10,000 cycles<\/li>\n<li>Lifespan: 25,000 hours<\/li>\n<li>Volt: 220\/240 Volts (AC)<\/li>\n<li>Hz: 50\/60 Hz<\/li>\n<li>Ra:&gt; 80<\/li>\n<li>Hg: 100% mercury free<\/li>\n<li>Ignition: Instant<\/li>\n<li>Item Weight: 0.03 kg<\/li>\n<li>Product Dimensions (L x W x H): 5 x 5 x 5.4 cm<\/li>\n<li>Patent: CE, RoHs<\/li>\n<li>Origin: Made in PRC<\/li>\n<\/ul>\n","protected":false},"excerpt":{"rendered":"<p><strong>LUMEN<\/strong> : 480 lm<br \/>\n <strong>lm\/W<\/strong> : 80<br \/>\n <strong>WATT<\/strong> : 6 W<br \/>\n <strong>KELVIN<\/strong> : 3000K (warm white)<br \/>\n <strong>SOCKET<\/strong> : GU10<br \/>\n <strong>TYPE<\/strong> : LED<br \/>\n <strong>Dimmable<\/strong> : no<\/p>\n","protected":false},"featured_media":10025,"comment_status":"open","ping_status":"closed","template":"","meta":[],"product_brand":[],"product_cat":[194],"product_tag":[],"class_list":{"0":"post-16527","1":"product","2":"type-product","3":"status-publish","4":"has-post-thumbnail","6":"product_cat-lamps","7":"product_shipping_class-probo-en","9":"first","10":"instock","11":"taxable","12":"shipping-taxable","13":"purchasable","14":"product-type-simple"},"yoast_head":"<!-- This site is optimized with the Yoast SEO Premium plugin v22.9 (Yoast SEO v27.6) - https:\/\/yoast.com\/product\/yoast-seo-premium-wordpress\/ -->\n<title>LED lamps with GU10 Warm socket - Savings and Ambiance<\/title>\n<meta name=\"description\" content=\"Discover our LED lamps with GU10 Warm sockets. Save money and create a warm ambiance with our soft lighting. Opt for comfort!\" \/>\n<meta name=\"robots\" content=\"index, follow, max-snippet:-1, max-image-preview:large, max-video-preview:-1\" \/>\n<link rel=\"canonical\" href=\"https:\/\/propixel.be\/en\/produit\/lamples-ed-with-socket-gu10-warm-white-480lm\/\" \/>\n<meta property=\"og:locale\" content=\"en_US\" \/>\n<meta property=\"og:type\" content=\"article\" \/>\n<meta property=\"og:title\" content=\"10 x LED lamps with GU10 warm white lampholder 480lm - 3000K\" \/>\n<meta property=\"og:description\" content=\"Discover our LED lamps with GU10 Warm sockets. Save money and create a warm ambiance with our soft lighting. Opt for comfort!\" \/>\n<meta property=\"og:url\" content=\"https:\/\/propixel.be\/en\/produit\/lamples-ed-with-socket-gu10-warm-white-480lm\/\" \/>\n<meta property=\"og:site_name\" content=\"Propixel\" \/>\n<meta property=\"article:publisher\" content=\"https:\/\/www.facebook.com\/propixel\" \/>\n<meta property=\"article:modified_time\" content=\"2025-07-31T11:26:36+00:00\" \/>\n<meta property=\"og:image\" content=\"https:\/\/propixel.be\/wp-content\/uploads\/2021\/09\/template2.jpg\" \/>\n\t<meta property=\"og:image:width\" content=\"1000\" \/>\n\t<meta property=\"og:image:height\" content=\"1000\" \/>\n\t<meta property=\"og:image:type\" content=\"image\/jpeg\" \/>\n<meta name=\"twitter:card\" content=\"summary_large_image\" \/>\n<meta name=\"twitter:label1\" content=\"Est. reading time\" \/>\n\t<meta name=\"twitter:data1\" content=\"2 minutes\" \/>\n<script type=\"application\/ld+json\" class=\"yoast-schema-graph\">{\"@context\":\"https:\\\/\\\/schema.org\",\"@graph\":[{\"@type\":\"WebPage\",\"@id\":\"https:\\\/\\\/propixel.be\\\/en\\\/produit\\\/lamples-ed-with-socket-gu10-warm-white-480lm\\\/\",\"url\":\"https:\\\/\\\/propixel.be\\\/en\\\/produit\\\/lamples-ed-with-socket-gu10-warm-white-480lm\\\/\",\"name\":\"LED lamps with GU10 Warm socket - Savings and Ambiance\",\"isPartOf\":{\"@id\":\"https:\\\/\\\/propixel.be\\\/#website\"},\"primaryImageOfPage\":{\"@id\":\"https:\\\/\\\/propixel.be\\\/en\\\/produit\\\/lamples-ed-with-socket-gu10-warm-white-480lm\\\/#primaryimage\"},\"image\":{\"@id\":\"https:\\\/\\\/propixel.be\\\/en\\\/produit\\\/lamples-ed-with-socket-gu10-warm-white-480lm\\\/#primaryimage\"},\"thumbnailUrl\":\"https:\\\/\\\/propixel.be\\\/wp-content\\\/uploads\\\/2021\\\/09\\\/template2.jpg\",\"datePublished\":\"2021-09-23T17:27:21+00:00\",\"dateModified\":\"2025-07-31T11:26:36+00:00\",\"description\":\"Discover our LED lamps with GU10 Warm sockets. Save money and create a warm ambiance with our soft lighting. Opt for comfort!\",\"breadcrumb\":{\"@id\":\"https:\\\/\\\/propixel.be\\\/en\\\/produit\\\/lamples-ed-with-socket-gu10-warm-white-480lm\\\/#breadcrumb\"},\"inLanguage\":\"en-US\",\"potentialAction\":[{\"@type\":\"ReadAction\",\"target\":[\"https:\\\/\\\/propixel.be\\\/en\\\/produit\\\/lamples-ed-with-socket-gu10-warm-white-480lm\\\/\"]}]},{\"@type\":\"ImageObject\",\"inLanguage\":\"en-US\",\"@id\":\"https:\\\/\\\/propixel.be\\\/en\\\/produit\\\/lamples-ed-with-socket-gu10-warm-white-480lm\\\/#primaryimage\",\"url\":\"https:\\\/\\\/propixel.be\\\/wp-content\\\/uploads\\\/2021\\\/09\\\/template2.jpg\",\"contentUrl\":\"https:\\\/\\\/propixel.be\\\/wp-content\\\/uploads\\\/2021\\\/09\\\/template2.jpg\",\"width\":1000,\"height\":1000,\"caption\":\"Lampes LED avec douille GU10 cool\"},{\"@type\":\"BreadcrumbList\",\"@id\":\"https:\\\/\\\/propixel.be\\\/en\\\/produit\\\/lamples-ed-with-socket-gu10-warm-white-480lm\\\/#breadcrumb\",\"itemListElement\":[{\"@type\":\"ListItem\",\"position\":1,\"name\":\"Welcome\",\"item\":\"https:\\\/\\\/propixel.be\\\/\"},{\"@type\":\"ListItem\",\"position\":2,\"name\":\"Shop\",\"item\":\"https:\\\/\\\/propixel.be\\\/en\\\/shop\\\/\"},{\"@type\":\"ListItem\",\"position\":3,\"name\":\"10 x LED lamps with GU10 warm white lampholder 480lm &#8211; 3000K\"}]},{\"@type\":\"WebSite\",\"@id\":\"https:\\\/\\\/propixel.be\\\/#website\",\"url\":\"https:\\\/\\\/propixel.be\\\/\",\"name\":\"Propixel\",\"description\":\"D&#039;une id\u00e9e \u00e0 la r\u00e9alit\u00e9, notre m\u00e9tier !\",\"publisher\":{\"@id\":\"https:\\\/\\\/propixel.be\\\/#organization\"},\"potentialAction\":[{\"@type\":\"SearchAction\",\"target\":{\"@type\":\"EntryPoint\",\"urlTemplate\":\"https:\\\/\\\/propixel.be\\\/?s={search_term_string}\"},\"query-input\":{\"@type\":\"PropertyValueSpecification\",\"valueRequired\":true,\"valueName\":\"search_term_string\"}}],\"inLanguage\":\"en-US\"},{\"@type\":\"Organization\",\"@id\":\"https:\\\/\\\/propixel.be\\\/#organization\",\"name\":\"Aykan Deveci\",\"alternateName\":\"Aykan Deveci\",\"url\":\"https:\\\/\\\/propixel.be\\\/\",\"logo\":{\"@type\":\"ImageObject\",\"inLanguage\":\"en-US\",\"@id\":\"https:\\\/\\\/propixel.be\\\/#\\\/schema\\\/logo\\\/image\\\/\",\"url\":\"https:\\\/\\\/propixel.be\\\/wp-content\\\/uploads\\\/2023\\\/06\\\/styky-logo.png\",\"contentUrl\":\"https:\\\/\\\/propixel.be\\\/wp-content\\\/uploads\\\/2023\\\/06\\\/styky-logo.png\",\"width\":243,\"height\":75,\"caption\":\"Aykan Deveci\"},\"image\":{\"@id\":\"https:\\\/\\\/propixel.be\\\/#\\\/schema\\\/logo\\\/image\\\/\"},\"sameAs\":[\"https:\\\/\\\/www.facebook.com\\\/propixel\",\"https:\\\/\\\/www.tiktok.com\\\/@propixel.design\",\"https:\\\/\\\/www.instagram.com\\\/propixel.design\\\/\"]}]}<\/script>\n<!-- \/ Yoast SEO Premium plugin. -->","yoast_head_json":{"title":"LED lamps with GU10 Warm socket - Savings and Ambiance","description":"Discover our LED lamps with GU10 Warm sockets. Save money and create a warm ambiance with our soft lighting. Opt for comfort!","robots":{"index":"index","follow":"follow","max-snippet":"max-snippet:-1","max-image-preview":"max-image-preview:large","max-video-preview":"max-video-preview:-1"},"canonical":"https:\/\/propixel.be\/en\/produit\/lamples-ed-with-socket-gu10-warm-white-480lm\/","og_locale":"en_US","og_type":"article","og_title":"10 x LED lamps with GU10 warm white lampholder 480lm - 3000K","og_description":"Discover our LED lamps with GU10 Warm sockets. Save money and create a warm ambiance with our soft lighting. Opt for comfort!","og_url":"https:\/\/propixel.be\/en\/produit\/lamples-ed-with-socket-gu10-warm-white-480lm\/","og_site_name":"Propixel","article_publisher":"https:\/\/www.facebook.com\/propixel","article_modified_time":"2025-07-31T11:26:36+00:00","og_image":[{"width":1000,"height":1000,"url":"https:\/\/propixel.be\/wp-content\/uploads\/2021\/09\/template2.jpg","type":"image\/jpeg"}],"twitter_card":"summary_large_image","twitter_misc":{"Est. reading time":"2 minutes"},"schema":{"@context":"https:\/\/schema.org","@graph":[{"@type":"WebPage","@id":"https:\/\/propixel.be\/en\/produit\/lamples-ed-with-socket-gu10-warm-white-480lm\/","url":"https:\/\/propixel.be\/en\/produit\/lamples-ed-with-socket-gu10-warm-white-480lm\/","name":"LED lamps with GU10 Warm socket - Savings and Ambiance","isPartOf":{"@id":"https:\/\/propixel.be\/#website"},"primaryImageOfPage":{"@id":"https:\/\/propixel.be\/en\/produit\/lamples-ed-with-socket-gu10-warm-white-480lm\/#primaryimage"},"image":{"@id":"https:\/\/propixel.be\/en\/produit\/lamples-ed-with-socket-gu10-warm-white-480lm\/#primaryimage"},"thumbnailUrl":"https:\/\/propixel.be\/wp-content\/uploads\/2021\/09\/template2.jpg","datePublished":"2021-09-23T17:27:21+00:00","dateModified":"2025-07-31T11:26:36+00:00","description":"Discover our LED lamps with GU10 Warm sockets. Save money and create a warm ambiance with our soft lighting. Opt for comfort!","breadcrumb":{"@id":"https:\/\/propixel.be\/en\/produit\/lamples-ed-with-socket-gu10-warm-white-480lm\/#breadcrumb"},"inLanguage":"en-US","potentialAction":[{"@type":"ReadAction","target":["https:\/\/propixel.be\/en\/produit\/lamples-ed-with-socket-gu10-warm-white-480lm\/"]}]},{"@type":"ImageObject","inLanguage":"en-US","@id":"https:\/\/propixel.be\/en\/produit\/lamples-ed-with-socket-gu10-warm-white-480lm\/#primaryimage","url":"https:\/\/propixel.be\/wp-content\/uploads\/2021\/09\/template2.jpg","contentUrl":"https:\/\/propixel.be\/wp-content\/uploads\/2021\/09\/template2.jpg","width":1000,"height":1000,"caption":"Lampes LED avec douille GU10 cool"},{"@type":"BreadcrumbList","@id":"https:\/\/propixel.be\/en\/produit\/lamples-ed-with-socket-gu10-warm-white-480lm\/#breadcrumb","itemListElement":[{"@type":"ListItem","position":1,"name":"Welcome","item":"https:\/\/propixel.be\/"},{"@type":"ListItem","position":2,"name":"Shop","item":"https:\/\/propixel.be\/en\/shop\/"},{"@type":"ListItem","position":3,"name":"10 x LED lamps with GU10 warm white lampholder 480lm &#8211; 3000K"}]},{"@type":"WebSite","@id":"https:\/\/propixel.be\/#website","url":"https:\/\/propixel.be\/","name":"Propixel","description":"D&#039;une id\u00e9e \u00e0 la r\u00e9alit\u00e9, notre m\u00e9tier !","publisher":{"@id":"https:\/\/propixel.be\/#organization"},"potentialAction":[{"@type":"SearchAction","target":{"@type":"EntryPoint","urlTemplate":"https:\/\/propixel.be\/?s={search_term_string}"},"query-input":{"@type":"PropertyValueSpecification","valueRequired":true,"valueName":"search_term_string"}}],"inLanguage":"en-US"},{"@type":"Organization","@id":"https:\/\/propixel.be\/#organization","name":"Aykan Deveci","alternateName":"Aykan Deveci","url":"https:\/\/propixel.be\/","logo":{"@type":"ImageObject","inLanguage":"en-US","@id":"https:\/\/propixel.be\/#\/schema\/logo\/image\/","url":"https:\/\/propixel.be\/wp-content\/uploads\/2023\/06\/styky-logo.png","contentUrl":"https:\/\/propixel.be\/wp-content\/uploads\/2023\/06\/styky-logo.png","width":243,"height":75,"caption":"Aykan Deveci"},"image":{"@id":"https:\/\/propixel.be\/#\/schema\/logo\/image\/"},"sameAs":["https:\/\/www.facebook.com\/propixel","https:\/\/www.tiktok.com\/@propixel.design","https:\/\/www.instagram.com\/propixel.design\/"]}]}},"_links":{"self":[{"href":"https:\/\/propixel.be\/en\/wp-json\/wp\/v2\/product\/16527","targetHints":{"allow":["GET"]}}],"collection":[{"href":"https:\/\/propixel.be\/en\/wp-json\/wp\/v2\/product"}],"about":[{"href":"https:\/\/propixel.be\/en\/wp-json\/wp\/v2\/types\/product"}],"replies":[{"embeddable":true,"href":"https:\/\/propixel.be\/en\/wp-json\/wp\/v2\/comments?post=16527"}],"version-history":[{"count":0,"href":"https:\/\/propixel.be\/en\/wp-json\/wp\/v2\/product\/16527\/revisions"}],"wp:featuredmedia":[{"embeddable":true,"href":"https:\/\/propixel.be\/en\/wp-json\/wp\/v2\/media\/10025"}],"wp:attachment":[{"href":"https:\/\/propixel.be\/en\/wp-json\/wp\/v2\/media?parent=16527"}],"wp:term":[{"taxonomy":"product_brand","embeddable":true,"href":"https:\/\/propixel.be\/en\/wp-json\/wp\/v2\/product_brand?post=16527"},{"taxonomy":"product_cat","embeddable":true,"href":"https:\/\/propixel.be\/en\/wp-json\/wp\/v2\/product_cat?post=16527"},{"taxonomy":"product_tag","embeddable":true,"href":"https:\/\/propixel.be\/en\/wp-json\/wp\/v2\/product_tag?post=16527"}],"curies":[{"name":"wp","href":"https:\/\/api.w.org\/{rel}","templated":true}]}}