{"id":16525,"date":"2021-09-23T19:31:49","date_gmt":"2021-09-23T17:31:49","guid":{"rendered":"https:\/\/propixel.be\/boutique\/lampes-led-avec-douille-gu10-daylight-480lm\/"},"modified":"2025-07-31T13:26:49","modified_gmt":"2025-07-31T11:26:49","slug":"lamps-led-wit-sleeve-gu10-daylight-480lm","status":"publish","type":"product","link":"https:\/\/propixel.be\/en\/produit\/lamps-led-wit-sleeve-gu10-daylight-480lm\/","title":{"rendered":"10x LED lamps with GU10 daylight socket 480lm &#8211; 4000K"},"content":{"rendered":"<div class=\"flex-1 overflow-hidden\">\n<div class=\"react-scroll-to-bottom--css-ribnw-79elbk h-full\">\n<div class=\"react-scroll-to-bottom--css-ribnw-1n7m0yu\">\n<div class=\"flex flex-col pb-9 text-sm\">\n<div class=\"w-full text-token-text-primary\" data-testid=\"conversation-turn-3\">\n<div class=\"px-4 py-2 justify-center text-base md:gap-6 m-auto\">\n<div class=\"flex flex-1 text-base mx-auto gap-3 md:px-5 lg:px-1 xl:px-5 md:max-w-3xl lg:max-w-[40rem] xl:max-w-[48rem] group final-completion\">\n<div class=\"relative flex w-full flex-col lg:w-[calc(100%-115px)] agent-turn\">\n<div class=\"flex-col gap-1 md:gap-3\">\n<div class=\"flex flex-grow flex-col max-w-full\">\n<div class=\"min-h-[20px] text-message flex flex-col items-start gap-3 whitespace-pre-wrap break-words [.text-message+&amp;]:mt-5 overflow-x-auto\" data-message-author-role=\"assistant\" data-message-id=\"7700da01-07a7-4378-ac11-17f5560d7490\">\n<div class=\"markdown prose w-full break-words dark:prose-invert light\">\n<h1>KALENZOO GU10 LED LAMPS: EFFICIENT AND ECONOMICAL LIGHTING!<\/h1>\n<p>Opt for energy efficiency with KALENZOO GU10 LED lamps, a brilliant alternative to 60W halogen bulbs. With a reduced consumption of only 6W, this bulb offers exceptional energy savings, reaching up to 85% compared to older lighting technologies. Enjoy an extended lifespan of up to 25,000 hours, minimizing maintenance costs and reducing the frequency of bulb replacements.  <\/p>\n<h2>KALENZOO GU10 LED lamps: WARM AND RELIABLE LIGHT<\/h2>\n<p>This bulb emits a warm white light of 4000 Kelvin, creating a warm and relaxing atmosphere. With a luminous flux of 480 lumens, instant start, and no flicker, it offers stable and pleasant lighting. The 38\u00b0 diffusion angle creates accent lighting ideal for highlighting objects in the room. Perfect for offices, home installations, public buildings, hotels, or restaurants equipped with a GU10 input.   <\/p>\n<h2>KALENZOO GU10 LED lamps: ECOLOGICAL AND EASY TO INSTALL<\/h2>\n<p><a href=\"https:\/\/www.cdiscount.com\/maison\/r-ampoules+led+et+douille+avec+interrupteur.html#_his_\">The KALENZOO LED bulb<\/a> is made of plastic, ensuring rapid heat dissipation and increased durability. All our LED solutions are environmentally friendly, free of mercury and harmful substances for the body or the environment, and can be safely recycled. CE and RoHS certified, our bulbs guarantee safety and reliability.  <\/p>\n<h3>KALENZOO GU10 LED Lamps: WARRANTY AND CUSTOMER SUPPORT<\/h3>\n<p>Choosing KALENZOO means choosing quality. Benefit from our one-year replacement warranty included in the price. If you have any problems, <a href=\"https:\/\/propixel.be\/en\/\">please contact us<\/a> and we will be happy to provide you with all the necessary information as soon as possible.  <\/p>\n<h3>TECHNICAL CHARACTERISTICS<\/h3>\n<ul>\n<li>Brand: Kalenzoo<\/li>\n<li>Type: LED<\/li>\n<li>Power: 6 Watt (Equivalent to a 60 Watt incandescent bulb)<\/li>\n<li>Temperature\/Color Rendering: 4000 Kelvin<\/li>\n<li>Luminous flux: 480 lumens<\/li>\n<li>Watt\/Lumen: 80 lm\/W<\/li>\n<li>Socket: GU10<\/li>\n<li>Protection index: IP20<\/li>\n<li>Shape: PAR 16 Reflector<\/li>\n<li>Energy label: A+<\/li>\n<li>Angle: 38\u00b0<\/li>\n<li>Dimmable: no<\/li>\n<li>Material: Plastic<\/li>\n<li>Socket type: Wall switch<\/li>\n<li>On\/Off: 10,000 cycles<\/li>\n<li>Lifespan: 25,000 hours<\/li>\n<li>Volt: 220\/240 Volts (AC)<\/li>\n<li>Hz: 50\/60 Hz<\/li>\n<li>Ra:&gt; 80<\/li>\n<li>Hg: 100% mercury free<\/li>\n<li>Ignition: Instant<\/li>\n<li>Item Weight: 0.03 kg<\/li>\n<li>Product Dimensions (L x W x H): 5 x 5 x 5.4 cm<\/li>\n<li>Patent: CE, RoHs<\/li>\n<li>Origin: Made in PRC<\/li>\n<\/ul>\n<\/div>\n<\/div>\n<\/div>\n<div class=\"mt-1 flex justify-start gap-3 empty:hidden\"><\/div>\n<\/div>\n<\/div>\n<\/div>\n<\/div>\n<\/div>\n<\/div>\n<\/div>\n<\/div>\n<\/div>\n","protected":false},"excerpt":{"rendered":"<p><strong>LUMEN<\/strong> : 480 lm<br \/>\n <strong>lm\/W<\/strong> : 80<br \/>\n <strong>WATT<\/strong> : 6 W<br \/>\n <strong>KELVIN<\/strong> : 4000K (daylight)<br \/>\n <strong>SOCKET<\/strong> : GU10<br \/>\n <strong>TYPE<\/strong> : LED<br \/>\n <strong>Dimmable<\/strong> : no<\/p>\n","protected":false},"featured_media":10025,"comment_status":"open","ping_status":"closed","template":"","meta":[],"product_brand":[],"product_cat":[194],"product_tag":[],"class_list":{"0":"post-16525","1":"product","2":"type-product","3":"status-publish","4":"has-post-thumbnail","6":"product_cat-lamps","7":"product_shipping_class-probo-en","9":"first","10":"outofstock","11":"taxable","12":"shipping-taxable","13":"purchasable","14":"product-type-simple"},"yoast_head":"<!-- This site is optimized with the Yoast SEO Premium plugin v22.9 (Yoast SEO v27.3) - https:\/\/yoast.com\/product\/yoast-seo-premium-wordpress\/ -->\n<title>KALENZOO GU10 LED Lamps - Energy Saving and Lighting<\/title>\n<meta name=\"description\" content=\"Discover KALENZOO GU10 LED lamps. Save energy with powerful lighting. Durability, quality, and efficiency to illuminate your space.\" \/>\n<meta name=\"robots\" content=\"index, follow, max-snippet:-1, max-image-preview:large, max-video-preview:-1\" \/>\n<link rel=\"canonical\" href=\"https:\/\/propixel.be\/en\/produit\/lamps-led-wit-sleeve-gu10-daylight-480lm\/\" \/>\n<meta property=\"og:locale\" content=\"en_US\" \/>\n<meta property=\"og:type\" content=\"article\" \/>\n<meta property=\"og:title\" content=\"10x LED lamps with GU10 daylight socket 480lm - 4000K\" \/>\n<meta property=\"og:description\" content=\"Discover KALENZOO GU10 LED lamps. Save energy with powerful lighting. Durability, quality, and efficiency to illuminate your space.\" \/>\n<meta property=\"og:url\" content=\"https:\/\/propixel.be\/en\/produit\/lamps-led-wit-sleeve-gu10-daylight-480lm\/\" \/>\n<meta property=\"og:site_name\" content=\"Propixel\" \/>\n<meta property=\"article:publisher\" content=\"https:\/\/www.facebook.com\/propixel\" \/>\n<meta property=\"article:modified_time\" content=\"2025-07-31T11:26:49+00:00\" \/>\n<meta property=\"og:image\" content=\"https:\/\/propixel.be\/wp-content\/uploads\/2021\/09\/template2.jpg\" \/>\n\t<meta property=\"og:image:width\" content=\"1000\" \/>\n\t<meta property=\"og:image:height\" content=\"1000\" \/>\n\t<meta property=\"og:image:type\" content=\"image\/jpeg\" \/>\n<meta name=\"twitter:card\" content=\"summary_large_image\" \/>\n<meta name=\"twitter:label1\" content=\"Est. reading time\" \/>\n\t<meta name=\"twitter:data1\" content=\"2 minutes\" \/>\n<script type=\"application\/ld+json\" class=\"yoast-schema-graph\">{\"@context\":\"https:\\\/\\\/schema.org\",\"@graph\":[{\"@type\":\"WebPage\",\"@id\":\"https:\\\/\\\/propixel.be\\\/en\\\/produit\\\/lamps-led-wit-sleeve-gu10-daylight-480lm\\\/\",\"url\":\"https:\\\/\\\/propixel.be\\\/en\\\/produit\\\/lamps-led-wit-sleeve-gu10-daylight-480lm\\\/\",\"name\":\"KALENZOO GU10 LED Lamps - Energy Saving and Lighting\",\"isPartOf\":{\"@id\":\"https:\\\/\\\/propixel.be\\\/#website\"},\"primaryImageOfPage\":{\"@id\":\"https:\\\/\\\/propixel.be\\\/en\\\/produit\\\/lamps-led-wit-sleeve-gu10-daylight-480lm\\\/#primaryimage\"},\"image\":{\"@id\":\"https:\\\/\\\/propixel.be\\\/en\\\/produit\\\/lamps-led-wit-sleeve-gu10-daylight-480lm\\\/#primaryimage\"},\"thumbnailUrl\":\"https:\\\/\\\/propixel.be\\\/wp-content\\\/uploads\\\/2021\\\/09\\\/template2.jpg\",\"datePublished\":\"2021-09-23T17:31:49+00:00\",\"dateModified\":\"2025-07-31T11:26:49+00:00\",\"description\":\"Discover KALENZOO GU10 LED lamps. Save energy with powerful lighting. Durability, quality, and efficiency to illuminate your space.\",\"breadcrumb\":{\"@id\":\"https:\\\/\\\/propixel.be\\\/en\\\/produit\\\/lamps-led-wit-sleeve-gu10-daylight-480lm\\\/#breadcrumb\"},\"inLanguage\":\"en-US\",\"potentialAction\":[{\"@type\":\"ReadAction\",\"target\":[\"https:\\\/\\\/propixel.be\\\/en\\\/produit\\\/lamps-led-wit-sleeve-gu10-daylight-480lm\\\/\"]}]},{\"@type\":\"ImageObject\",\"inLanguage\":\"en-US\",\"@id\":\"https:\\\/\\\/propixel.be\\\/en\\\/produit\\\/lamps-led-wit-sleeve-gu10-daylight-480lm\\\/#primaryimage\",\"url\":\"https:\\\/\\\/propixel.be\\\/wp-content\\\/uploads\\\/2021\\\/09\\\/template2.jpg\",\"contentUrl\":\"https:\\\/\\\/propixel.be\\\/wp-content\\\/uploads\\\/2021\\\/09\\\/template2.jpg\",\"width\":1000,\"height\":1000,\"caption\":\"Lampes LED avec douille GU10 cool\"},{\"@type\":\"BreadcrumbList\",\"@id\":\"https:\\\/\\\/propixel.be\\\/en\\\/produit\\\/lamps-led-wit-sleeve-gu10-daylight-480lm\\\/#breadcrumb\",\"itemListElement\":[{\"@type\":\"ListItem\",\"position\":1,\"name\":\"Welcome\",\"item\":\"https:\\\/\\\/propixel.be\\\/\"},{\"@type\":\"ListItem\",\"position\":2,\"name\":\"Shop\",\"item\":\"https:\\\/\\\/propixel.be\\\/en\\\/shop\\\/\"},{\"@type\":\"ListItem\",\"position\":3,\"name\":\"10x LED lamps with GU10 daylight socket 480lm &#8211; 4000K\"}]},{\"@type\":\"WebSite\",\"@id\":\"https:\\\/\\\/propixel.be\\\/#website\",\"url\":\"https:\\\/\\\/propixel.be\\\/\",\"name\":\"Propixel\",\"description\":\"D&#039;une id\u00e9e \u00e0 la r\u00e9alit\u00e9, notre m\u00e9tier !\",\"publisher\":{\"@id\":\"https:\\\/\\\/propixel.be\\\/#organization\"},\"potentialAction\":[{\"@type\":\"SearchAction\",\"target\":{\"@type\":\"EntryPoint\",\"urlTemplate\":\"https:\\\/\\\/propixel.be\\\/?s={search_term_string}\"},\"query-input\":{\"@type\":\"PropertyValueSpecification\",\"valueRequired\":true,\"valueName\":\"search_term_string\"}}],\"inLanguage\":\"en-US\"},{\"@type\":\"Organization\",\"@id\":\"https:\\\/\\\/propixel.be\\\/#organization\",\"name\":\"Aykan Deveci\",\"alternateName\":\"Aykan Deveci\",\"url\":\"https:\\\/\\\/propixel.be\\\/\",\"logo\":{\"@type\":\"ImageObject\",\"inLanguage\":\"en-US\",\"@id\":\"https:\\\/\\\/propixel.be\\\/#\\\/schema\\\/logo\\\/image\\\/\",\"url\":\"https:\\\/\\\/propixel.be\\\/wp-content\\\/uploads\\\/2023\\\/06\\\/styky-logo.png\",\"contentUrl\":\"https:\\\/\\\/propixel.be\\\/wp-content\\\/uploads\\\/2023\\\/06\\\/styky-logo.png\",\"width\":243,\"height\":75,\"caption\":\"Aykan Deveci\"},\"image\":{\"@id\":\"https:\\\/\\\/propixel.be\\\/#\\\/schema\\\/logo\\\/image\\\/\"},\"sameAs\":[\"https:\\\/\\\/www.facebook.com\\\/propixel\",\"https:\\\/\\\/www.tiktok.com\\\/@propixel.design\",\"https:\\\/\\\/www.instagram.com\\\/propixel.design\\\/\"]}]}<\/script>\n<!-- \/ Yoast SEO Premium plugin. -->","yoast_head_json":{"title":"KALENZOO GU10 LED Lamps - Energy Saving and Lighting","description":"Discover KALENZOO GU10 LED lamps. Save energy with powerful lighting. Durability, quality, and efficiency to illuminate your space.","robots":{"index":"index","follow":"follow","max-snippet":"max-snippet:-1","max-image-preview":"max-image-preview:large","max-video-preview":"max-video-preview:-1"},"canonical":"https:\/\/propixel.be\/en\/produit\/lamps-led-wit-sleeve-gu10-daylight-480lm\/","og_locale":"en_US","og_type":"article","og_title":"10x LED lamps with GU10 daylight socket 480lm - 4000K","og_description":"Discover KALENZOO GU10 LED lamps. Save energy with powerful lighting. Durability, quality, and efficiency to illuminate your space.","og_url":"https:\/\/propixel.be\/en\/produit\/lamps-led-wit-sleeve-gu10-daylight-480lm\/","og_site_name":"Propixel","article_publisher":"https:\/\/www.facebook.com\/propixel","article_modified_time":"2025-07-31T11:26:49+00:00","og_image":[{"width":1000,"height":1000,"url":"https:\/\/propixel.be\/wp-content\/uploads\/2021\/09\/template2.jpg","type":"image\/jpeg"}],"twitter_card":"summary_large_image","twitter_misc":{"Est. reading time":"2 minutes"},"schema":{"@context":"https:\/\/schema.org","@graph":[{"@type":"WebPage","@id":"https:\/\/propixel.be\/en\/produit\/lamps-led-wit-sleeve-gu10-daylight-480lm\/","url":"https:\/\/propixel.be\/en\/produit\/lamps-led-wit-sleeve-gu10-daylight-480lm\/","name":"KALENZOO GU10 LED Lamps - Energy Saving and Lighting","isPartOf":{"@id":"https:\/\/propixel.be\/#website"},"primaryImageOfPage":{"@id":"https:\/\/propixel.be\/en\/produit\/lamps-led-wit-sleeve-gu10-daylight-480lm\/#primaryimage"},"image":{"@id":"https:\/\/propixel.be\/en\/produit\/lamps-led-wit-sleeve-gu10-daylight-480lm\/#primaryimage"},"thumbnailUrl":"https:\/\/propixel.be\/wp-content\/uploads\/2021\/09\/template2.jpg","datePublished":"2021-09-23T17:31:49+00:00","dateModified":"2025-07-31T11:26:49+00:00","description":"Discover KALENZOO GU10 LED lamps. Save energy with powerful lighting. Durability, quality, and efficiency to illuminate your space.","breadcrumb":{"@id":"https:\/\/propixel.be\/en\/produit\/lamps-led-wit-sleeve-gu10-daylight-480lm\/#breadcrumb"},"inLanguage":"en-US","potentialAction":[{"@type":"ReadAction","target":["https:\/\/propixel.be\/en\/produit\/lamps-led-wit-sleeve-gu10-daylight-480lm\/"]}]},{"@type":"ImageObject","inLanguage":"en-US","@id":"https:\/\/propixel.be\/en\/produit\/lamps-led-wit-sleeve-gu10-daylight-480lm\/#primaryimage","url":"https:\/\/propixel.be\/wp-content\/uploads\/2021\/09\/template2.jpg","contentUrl":"https:\/\/propixel.be\/wp-content\/uploads\/2021\/09\/template2.jpg","width":1000,"height":1000,"caption":"Lampes LED avec douille GU10 cool"},{"@type":"BreadcrumbList","@id":"https:\/\/propixel.be\/en\/produit\/lamps-led-wit-sleeve-gu10-daylight-480lm\/#breadcrumb","itemListElement":[{"@type":"ListItem","position":1,"name":"Welcome","item":"https:\/\/propixel.be\/"},{"@type":"ListItem","position":2,"name":"Shop","item":"https:\/\/propixel.be\/en\/shop\/"},{"@type":"ListItem","position":3,"name":"10x LED lamps with GU10 daylight socket 480lm &#8211; 4000K"}]},{"@type":"WebSite","@id":"https:\/\/propixel.be\/#website","url":"https:\/\/propixel.be\/","name":"Propixel","description":"D&#039;une id\u00e9e \u00e0 la r\u00e9alit\u00e9, notre m\u00e9tier !","publisher":{"@id":"https:\/\/propixel.be\/#organization"},"potentialAction":[{"@type":"SearchAction","target":{"@type":"EntryPoint","urlTemplate":"https:\/\/propixel.be\/?s={search_term_string}"},"query-input":{"@type":"PropertyValueSpecification","valueRequired":true,"valueName":"search_term_string"}}],"inLanguage":"en-US"},{"@type":"Organization","@id":"https:\/\/propixel.be\/#organization","name":"Aykan Deveci","alternateName":"Aykan Deveci","url":"https:\/\/propixel.be\/","logo":{"@type":"ImageObject","inLanguage":"en-US","@id":"https:\/\/propixel.be\/#\/schema\/logo\/image\/","url":"https:\/\/propixel.be\/wp-content\/uploads\/2023\/06\/styky-logo.png","contentUrl":"https:\/\/propixel.be\/wp-content\/uploads\/2023\/06\/styky-logo.png","width":243,"height":75,"caption":"Aykan Deveci"},"image":{"@id":"https:\/\/propixel.be\/#\/schema\/logo\/image\/"},"sameAs":["https:\/\/www.facebook.com\/propixel","https:\/\/www.tiktok.com\/@propixel.design","https:\/\/www.instagram.com\/propixel.design\/"]}]}},"_links":{"self":[{"href":"https:\/\/propixel.be\/en\/wp-json\/wp\/v2\/product\/16525","targetHints":{"allow":["GET"]}}],"collection":[{"href":"https:\/\/propixel.be\/en\/wp-json\/wp\/v2\/product"}],"about":[{"href":"https:\/\/propixel.be\/en\/wp-json\/wp\/v2\/types\/product"}],"replies":[{"embeddable":true,"href":"https:\/\/propixel.be\/en\/wp-json\/wp\/v2\/comments?post=16525"}],"version-history":[{"count":0,"href":"https:\/\/propixel.be\/en\/wp-json\/wp\/v2\/product\/16525\/revisions"}],"wp:featuredmedia":[{"embeddable":true,"href":"https:\/\/propixel.be\/en\/wp-json\/wp\/v2\/media\/10025"}],"wp:attachment":[{"href":"https:\/\/propixel.be\/en\/wp-json\/wp\/v2\/media?parent=16525"}],"wp:term":[{"taxonomy":"product_brand","embeddable":true,"href":"https:\/\/propixel.be\/en\/wp-json\/wp\/v2\/product_brand?post=16525"},{"taxonomy":"product_cat","embeddable":true,"href":"https:\/\/propixel.be\/en\/wp-json\/wp\/v2\/product_cat?post=16525"},{"taxonomy":"product_tag","embeddable":true,"href":"https:\/\/propixel.be\/en\/wp-json\/wp\/v2\/product_tag?post=16525"}],"curies":[{"name":"wp","href":"https:\/\/api.w.org\/{rel}","templated":true}]}}