{"id":16523,"date":"2021-09-23T19:35:52","date_gmt":"2021-09-23T17:35:52","guid":{"rendered":"https:\/\/propixel.be\/boutique\/lampes-led-avec-douille-gu10-cool-white-480lm\/"},"modified":"2025-07-31T13:26:51","modified_gmt":"2025-07-31T11:26:51","slug":"lampen-led-met-socket-gu10-cool-white-480lm","status":"publish","type":"product","link":"https:\/\/propixel.be\/en\/produit\/lampen-led-met-socket-gu10-cool-white-480lm\/","title":{"rendered":"10x LED lamps with GU10 socket cool white 480lm &#8211; 6000K"},"content":{"rendered":"<p>COOL GU10 SOCKET ECONOMICAL LED LAMPS BY KALENZOO!<\/p>\n<p>Opt for energy efficiency with KALENZOO GU10 LED bulbs with socket, a remarkable alternative to 60W halogen bulbs. With a minimum consumption of only 6W, these <a href=\"https:\/\/www.cdiscount.com\/maison\/r-ampoules+led+et+douille+avec+interrupteur.html#_his_\">LED bulbs<\/a> are both economical and durable. Reduce your energy bill by up to 85% compared to older lighting technologies, and enjoy an exceptional lifespan of 25,000 hours, thus limiting maintenance costs and frequent replacements.  <\/p>\n<h2>Save energy in style<\/h2>\n<p>The warm white light, with a color temperature of 6000 Kelvin, creates a warm and relaxing atmosphere. The flicker-free, instant-on 480 lumens of light are ideal for highlighting objects thanks to a 38\u00b0 beam angle. These lamps are suitable for various spaces such as offices, homes, public buildings, hotels, or restaurants, provided the holder has a GU10 socket.  <\/p>\n<p>Installation is simple, heat dissipation is fast, and these lamps offer stable, flicker-free brightness. Made of plastic, they are not only environmentally friendly, containing no mercury or harmful substances, but also safely recyclable. CE and RoHS certified, these LED lamps guarantee safety and reliability.  <\/p>\n<h2>DISCOVER THE KALENZOO BRAND!<\/h2>\n<p>Benefit from the replacement warranty offered by <a href=\"https:\/\/propixel.be\/en\/\">KALENZOO<\/a> , covering any failure during the lifespan indicated on the technical sheet, i.e. one year. This warranty is included in the price. Do not hesitate to contact us for any questions about our products, we will be happy to provide you with additional information as soon as possible.  <\/p>\n<p>TECHNICAL CHARACTERISTICS:<\/p>\n<ul>\n<li>Brand: Kalenzoo<\/li>\n<li>Type: LED<\/li>\n<li>Power: 6 Watt<\/li>\n<li>Incandescent lamp equivalent: 60 Watt<\/li>\n<li>Temperature\/Color Rendering: 6000 Kelvin<\/li>\n<li>Luminous flux: 480 lumens<\/li>\n<li>Watt\/Lumen: 80 lm\/W<\/li>\n<li>Socket: GU10<\/li>\n<li>Protection index: IP20<\/li>\n<li>Shape: PAR 16 reflector<\/li>\n<li>Energy label: A+<\/li>\n<li>Angle: 38\u00b0<\/li>\n<li>Dimmable: no<\/li>\n<li>Material: Plastic<\/li>\n<li>Socket type: Wall switch<\/li>\n<li>On\/Off: 10,000<\/li>\n<li>Lifespan: 25,000 hours<\/li>\n<li>Volt: 220\/240 Volts (AC)<\/li>\n<li>Hz: 50\/60 Hz<\/li>\n<li>Ra:&gt; 80<\/li>\n<li>Hg: 100% mercury free<\/li>\n<li>Ignition: Instant<\/li>\n<li>Item Weight: 0.03 kg<\/li>\n<li>Product Dimensions (L x W x H): 5 x 5 x 5.4 cm<\/li>\n<li>Patent: CE, RoHs<\/li>\n<li>Origin: Made in PRC<\/li>\n<\/ul>\n","protected":false},"excerpt":{"rendered":"<p><strong>LUMEN<\/strong> : 480 lm<br \/>\n <strong>lm\/W<\/strong> : 80<br \/>\n <strong>WATT<\/strong> : 6 W<br \/>\n <strong>KELVIN<\/strong> : 6000K (cool white)<br \/>\n <strong>SOCKET<\/strong> : GU10<br \/>\n <strong>TYPE<\/strong> : LED<br \/>\n <strong>Dimmable<\/strong> : no<\/p>\n","protected":false},"featured_media":10025,"comment_status":"open","ping_status":"closed","template":"","meta":[],"product_brand":[],"product_cat":[194],"product_tag":[],"class_list":{"0":"post-16523","1":"product","2":"type-product","3":"status-publish","4":"has-post-thumbnail","6":"product_cat-lamps","7":"product_shipping_class-probo-en","9":"first","10":"outofstock","11":"taxable","12":"shipping-taxable","13":"purchasable","14":"product-type-simple"},"yoast_head":"<!-- This site is optimized with the Yoast SEO Premium plugin v22.9 (Yoast SEO v27.3) - https:\/\/yoast.com\/product\/yoast-seo-premium-wordpress\/ -->\n<title>LED lamps with GU10 Cool socket by KALENZOO<\/title>\n<meta name=\"description\" content=\"KALENZOO Cool LED Bulbs with GU10 Socket: Energy-saving, durable, and a warm, inviting atmosphere. Easy installation, CE and RoHS certified. One-year warranty included.\" \/>\n<meta name=\"robots\" content=\"index, follow, max-snippet:-1, max-image-preview:large, max-video-preview:-1\" \/>\n<link rel=\"canonical\" href=\"https:\/\/propixel.be\/en\/produit\/lampen-led-met-socket-gu10-cool-white-480lm\/\" \/>\n<meta property=\"og:locale\" content=\"en_US\" \/>\n<meta property=\"og:type\" content=\"article\" \/>\n<meta property=\"og:title\" content=\"10x LED lamps with GU10 socket cool white 480lm - 6000K\" \/>\n<meta property=\"og:description\" content=\"KALENZOO Cool LED Bulbs with GU10 Socket: Energy-saving, durable, and a warm, inviting atmosphere. Easy installation, CE and RoHS certified. One-year warranty included.\" \/>\n<meta property=\"og:url\" content=\"https:\/\/propixel.be\/en\/produit\/lampen-led-met-socket-gu10-cool-white-480lm\/\" \/>\n<meta property=\"og:site_name\" content=\"Propixel\" \/>\n<meta property=\"article:publisher\" content=\"https:\/\/www.facebook.com\/propixel\" \/>\n<meta property=\"article:modified_time\" content=\"2025-07-31T11:26:51+00:00\" \/>\n<meta property=\"og:image\" content=\"https:\/\/propixel.be\/wp-content\/uploads\/2021\/09\/template2.jpg\" \/>\n\t<meta property=\"og:image:width\" content=\"1000\" \/>\n\t<meta property=\"og:image:height\" content=\"1000\" \/>\n\t<meta property=\"og:image:type\" content=\"image\/jpeg\" \/>\n<meta name=\"twitter:card\" content=\"summary_large_image\" \/>\n<meta name=\"twitter:label1\" content=\"Est. reading time\" \/>\n\t<meta name=\"twitter:data1\" content=\"2 minutes\" \/>\n<script type=\"application\/ld+json\" class=\"yoast-schema-graph\">{\"@context\":\"https:\\\/\\\/schema.org\",\"@graph\":[{\"@type\":\"WebPage\",\"@id\":\"https:\\\/\\\/propixel.be\\\/en\\\/produit\\\/lampen-led-met-socket-gu10-cool-white-480lm\\\/\",\"url\":\"https:\\\/\\\/propixel.be\\\/en\\\/produit\\\/lampen-led-met-socket-gu10-cool-white-480lm\\\/\",\"name\":\"LED lamps with GU10 Cool socket by KALENZOO\",\"isPartOf\":{\"@id\":\"https:\\\/\\\/propixel.be\\\/#website\"},\"primaryImageOfPage\":{\"@id\":\"https:\\\/\\\/propixel.be\\\/en\\\/produit\\\/lampen-led-met-socket-gu10-cool-white-480lm\\\/#primaryimage\"},\"image\":{\"@id\":\"https:\\\/\\\/propixel.be\\\/en\\\/produit\\\/lampen-led-met-socket-gu10-cool-white-480lm\\\/#primaryimage\"},\"thumbnailUrl\":\"https:\\\/\\\/propixel.be\\\/wp-content\\\/uploads\\\/2021\\\/09\\\/template2.jpg\",\"datePublished\":\"2021-09-23T17:35:52+00:00\",\"dateModified\":\"2025-07-31T11:26:51+00:00\",\"description\":\"KALENZOO Cool LED Bulbs with GU10 Socket: Energy-saving, durable, and a warm, inviting atmosphere. Easy installation, CE and RoHS certified. One-year warranty included.\",\"breadcrumb\":{\"@id\":\"https:\\\/\\\/propixel.be\\\/en\\\/produit\\\/lampen-led-met-socket-gu10-cool-white-480lm\\\/#breadcrumb\"},\"inLanguage\":\"en-US\",\"potentialAction\":[{\"@type\":\"ReadAction\",\"target\":[\"https:\\\/\\\/propixel.be\\\/en\\\/produit\\\/lampen-led-met-socket-gu10-cool-white-480lm\\\/\"]}]},{\"@type\":\"ImageObject\",\"inLanguage\":\"en-US\",\"@id\":\"https:\\\/\\\/propixel.be\\\/en\\\/produit\\\/lampen-led-met-socket-gu10-cool-white-480lm\\\/#primaryimage\",\"url\":\"https:\\\/\\\/propixel.be\\\/wp-content\\\/uploads\\\/2021\\\/09\\\/template2.jpg\",\"contentUrl\":\"https:\\\/\\\/propixel.be\\\/wp-content\\\/uploads\\\/2021\\\/09\\\/template2.jpg\",\"width\":1000,\"height\":1000,\"caption\":\"Lampes LED avec douille GU10 cool\"},{\"@type\":\"BreadcrumbList\",\"@id\":\"https:\\\/\\\/propixel.be\\\/en\\\/produit\\\/lampen-led-met-socket-gu10-cool-white-480lm\\\/#breadcrumb\",\"itemListElement\":[{\"@type\":\"ListItem\",\"position\":1,\"name\":\"Welcome\",\"item\":\"https:\\\/\\\/propixel.be\\\/\"},{\"@type\":\"ListItem\",\"position\":2,\"name\":\"Shop\",\"item\":\"https:\\\/\\\/propixel.be\\\/en\\\/shop\\\/\"},{\"@type\":\"ListItem\",\"position\":3,\"name\":\"10x LED lamps with GU10 socket cool white 480lm &#8211; 6000K\"}]},{\"@type\":\"WebSite\",\"@id\":\"https:\\\/\\\/propixel.be\\\/#website\",\"url\":\"https:\\\/\\\/propixel.be\\\/\",\"name\":\"Propixel\",\"description\":\"D&#039;une id\u00e9e \u00e0 la r\u00e9alit\u00e9, notre m\u00e9tier !\",\"publisher\":{\"@id\":\"https:\\\/\\\/propixel.be\\\/#organization\"},\"potentialAction\":[{\"@type\":\"SearchAction\",\"target\":{\"@type\":\"EntryPoint\",\"urlTemplate\":\"https:\\\/\\\/propixel.be\\\/?s={search_term_string}\"},\"query-input\":{\"@type\":\"PropertyValueSpecification\",\"valueRequired\":true,\"valueName\":\"search_term_string\"}}],\"inLanguage\":\"en-US\"},{\"@type\":\"Organization\",\"@id\":\"https:\\\/\\\/propixel.be\\\/#organization\",\"name\":\"Aykan Deveci\",\"alternateName\":\"Aykan Deveci\",\"url\":\"https:\\\/\\\/propixel.be\\\/\",\"logo\":{\"@type\":\"ImageObject\",\"inLanguage\":\"en-US\",\"@id\":\"https:\\\/\\\/propixel.be\\\/#\\\/schema\\\/logo\\\/image\\\/\",\"url\":\"https:\\\/\\\/propixel.be\\\/wp-content\\\/uploads\\\/2023\\\/06\\\/styky-logo.png\",\"contentUrl\":\"https:\\\/\\\/propixel.be\\\/wp-content\\\/uploads\\\/2023\\\/06\\\/styky-logo.png\",\"width\":243,\"height\":75,\"caption\":\"Aykan Deveci\"},\"image\":{\"@id\":\"https:\\\/\\\/propixel.be\\\/#\\\/schema\\\/logo\\\/image\\\/\"},\"sameAs\":[\"https:\\\/\\\/www.facebook.com\\\/propixel\",\"https:\\\/\\\/www.tiktok.com\\\/@propixel.design\",\"https:\\\/\\\/www.instagram.com\\\/propixel.design\\\/\"]}]}<\/script>\n<!-- \/ Yoast SEO Premium plugin. -->","yoast_head_json":{"title":"LED lamps with GU10 Cool socket by KALENZOO","description":"KALENZOO Cool LED Bulbs with GU10 Socket: Energy-saving, durable, and a warm, inviting atmosphere. Easy installation, CE and RoHS certified. One-year warranty included.","robots":{"index":"index","follow":"follow","max-snippet":"max-snippet:-1","max-image-preview":"max-image-preview:large","max-video-preview":"max-video-preview:-1"},"canonical":"https:\/\/propixel.be\/en\/produit\/lampen-led-met-socket-gu10-cool-white-480lm\/","og_locale":"en_US","og_type":"article","og_title":"10x LED lamps with GU10 socket cool white 480lm - 6000K","og_description":"KALENZOO Cool LED Bulbs with GU10 Socket: Energy-saving, durable, and a warm, inviting atmosphere. Easy installation, CE and RoHS certified. One-year warranty included.","og_url":"https:\/\/propixel.be\/en\/produit\/lampen-led-met-socket-gu10-cool-white-480lm\/","og_site_name":"Propixel","article_publisher":"https:\/\/www.facebook.com\/propixel","article_modified_time":"2025-07-31T11:26:51+00:00","og_image":[{"width":1000,"height":1000,"url":"https:\/\/propixel.be\/wp-content\/uploads\/2021\/09\/template2.jpg","type":"image\/jpeg"}],"twitter_card":"summary_large_image","twitter_misc":{"Est. reading time":"2 minutes"},"schema":{"@context":"https:\/\/schema.org","@graph":[{"@type":"WebPage","@id":"https:\/\/propixel.be\/en\/produit\/lampen-led-met-socket-gu10-cool-white-480lm\/","url":"https:\/\/propixel.be\/en\/produit\/lampen-led-met-socket-gu10-cool-white-480lm\/","name":"LED lamps with GU10 Cool socket by KALENZOO","isPartOf":{"@id":"https:\/\/propixel.be\/#website"},"primaryImageOfPage":{"@id":"https:\/\/propixel.be\/en\/produit\/lampen-led-met-socket-gu10-cool-white-480lm\/#primaryimage"},"image":{"@id":"https:\/\/propixel.be\/en\/produit\/lampen-led-met-socket-gu10-cool-white-480lm\/#primaryimage"},"thumbnailUrl":"https:\/\/propixel.be\/wp-content\/uploads\/2021\/09\/template2.jpg","datePublished":"2021-09-23T17:35:52+00:00","dateModified":"2025-07-31T11:26:51+00:00","description":"KALENZOO Cool LED Bulbs with GU10 Socket: Energy-saving, durable, and a warm, inviting atmosphere. Easy installation, CE and RoHS certified. One-year warranty included.","breadcrumb":{"@id":"https:\/\/propixel.be\/en\/produit\/lampen-led-met-socket-gu10-cool-white-480lm\/#breadcrumb"},"inLanguage":"en-US","potentialAction":[{"@type":"ReadAction","target":["https:\/\/propixel.be\/en\/produit\/lampen-led-met-socket-gu10-cool-white-480lm\/"]}]},{"@type":"ImageObject","inLanguage":"en-US","@id":"https:\/\/propixel.be\/en\/produit\/lampen-led-met-socket-gu10-cool-white-480lm\/#primaryimage","url":"https:\/\/propixel.be\/wp-content\/uploads\/2021\/09\/template2.jpg","contentUrl":"https:\/\/propixel.be\/wp-content\/uploads\/2021\/09\/template2.jpg","width":1000,"height":1000,"caption":"Lampes LED avec douille GU10 cool"},{"@type":"BreadcrumbList","@id":"https:\/\/propixel.be\/en\/produit\/lampen-led-met-socket-gu10-cool-white-480lm\/#breadcrumb","itemListElement":[{"@type":"ListItem","position":1,"name":"Welcome","item":"https:\/\/propixel.be\/"},{"@type":"ListItem","position":2,"name":"Shop","item":"https:\/\/propixel.be\/en\/shop\/"},{"@type":"ListItem","position":3,"name":"10x LED lamps with GU10 socket cool white 480lm &#8211; 6000K"}]},{"@type":"WebSite","@id":"https:\/\/propixel.be\/#website","url":"https:\/\/propixel.be\/","name":"Propixel","description":"D&#039;une id\u00e9e \u00e0 la r\u00e9alit\u00e9, notre m\u00e9tier !","publisher":{"@id":"https:\/\/propixel.be\/#organization"},"potentialAction":[{"@type":"SearchAction","target":{"@type":"EntryPoint","urlTemplate":"https:\/\/propixel.be\/?s={search_term_string}"},"query-input":{"@type":"PropertyValueSpecification","valueRequired":true,"valueName":"search_term_string"}}],"inLanguage":"en-US"},{"@type":"Organization","@id":"https:\/\/propixel.be\/#organization","name":"Aykan Deveci","alternateName":"Aykan Deveci","url":"https:\/\/propixel.be\/","logo":{"@type":"ImageObject","inLanguage":"en-US","@id":"https:\/\/propixel.be\/#\/schema\/logo\/image\/","url":"https:\/\/propixel.be\/wp-content\/uploads\/2023\/06\/styky-logo.png","contentUrl":"https:\/\/propixel.be\/wp-content\/uploads\/2023\/06\/styky-logo.png","width":243,"height":75,"caption":"Aykan Deveci"},"image":{"@id":"https:\/\/propixel.be\/#\/schema\/logo\/image\/"},"sameAs":["https:\/\/www.facebook.com\/propixel","https:\/\/www.tiktok.com\/@propixel.design","https:\/\/www.instagram.com\/propixel.design\/"]}]}},"_links":{"self":[{"href":"https:\/\/propixel.be\/en\/wp-json\/wp\/v2\/product\/16523","targetHints":{"allow":["GET"]}}],"collection":[{"href":"https:\/\/propixel.be\/en\/wp-json\/wp\/v2\/product"}],"about":[{"href":"https:\/\/propixel.be\/en\/wp-json\/wp\/v2\/types\/product"}],"replies":[{"embeddable":true,"href":"https:\/\/propixel.be\/en\/wp-json\/wp\/v2\/comments?post=16523"}],"version-history":[{"count":0,"href":"https:\/\/propixel.be\/en\/wp-json\/wp\/v2\/product\/16523\/revisions"}],"wp:featuredmedia":[{"embeddable":true,"href":"https:\/\/propixel.be\/en\/wp-json\/wp\/v2\/media\/10025"}],"wp:attachment":[{"href":"https:\/\/propixel.be\/en\/wp-json\/wp\/v2\/media?parent=16523"}],"wp:term":[{"taxonomy":"product_brand","embeddable":true,"href":"https:\/\/propixel.be\/en\/wp-json\/wp\/v2\/product_brand?post=16523"},{"taxonomy":"product_cat","embeddable":true,"href":"https:\/\/propixel.be\/en\/wp-json\/wp\/v2\/product_cat?post=16523"},{"taxonomy":"product_tag","embeddable":true,"href":"https:\/\/propixel.be\/en\/wp-json\/wp\/v2\/product_tag?post=16523"}],"curies":[{"name":"wp","href":"https:\/\/api.w.org\/{rel}","templated":true}]}}